{"id":9974,"date":"2025-06-16T10:50:16","date_gmt":"2025-06-16T10:50:16","guid":{"rendered":"https:\/\/miamedic.lt\/?post_type=product&#038;p=9974"},"modified":"2025-12-01T00:29:11","modified_gmt":"2025-12-01T00:29:11","slug":"foaming-cleanser","status":"publish","type":"product","link":"https:\/\/miamedic.lt\/en\/shop\/foaming-cleanser\/","title":{"rendered":"Foaming Cleanser"},"content":{"rendered":"<p><strong>Obagi Medical SUZANOBAGIMDTM Foaming Cleanser<\/strong> &#8211; Putojantis prausiklis<br \/>\nPrabangus putojantis prausiklis veidui, \u0161velniai pa\u0161alina riebal\u0173 pertekli\u0173, makia\u017e\u0105 ir aplinkos<br \/>\nne\u0161varumus. SUZANOBAGIMD linija pritaikyta jautrios odos prie\u017ei\u016brai.<br \/>\nPagrindiniai privalumai:<br \/>\n\u2022 \u0160velni ir veiksminga odos prie\u017ei\u016bros formul\u0117.<br \/>\n\u2022 Padeda palaikyti odos dr\u0117gm\u0117s balans\u0105 ir komfort\u0105.<br \/>\n\u2022 Tinka \u012fvairi\u0173 tip\u0173 odai, \u012fskaitant jautri\u0105.<br \/>\nOdos tipas: Kombinuota oda, Sausa oda, Normali oda, Riebi oda<br \/>\nOdos problemos: Paraudusi oda, Jautri oda<\/p>\n<p><strong>Usage:<\/strong><\/p>\n<p>Sudr\u0117kinkite veid\u0105 ir kakl\u0105 \u0161iltu vandeniu. \u012emasa\u017euokite du paspaudimus putojan\u010dio valiklio ant<br \/>\nodos. Nuplaukite vandeniu, nusausinkite. Naudoti ryte ir vakare.<br \/>\nAtsargumo priemon\u0117s:<br \/>\nTik i\u0161oriniam naudojimui. Jei atsiranda sudirgimas, nustokit naudoti. Vengti patekimo \u012f akis.<br \/>\nSaugoti nuo vaik\u0173. Kasdien tepkite saul\u0117s apsaugines priemon\u0117s SPF 30.<br \/>\n<strong>Laikymo s\u0105lygos<\/strong><br \/>\n\u2022 Laikyti kambario temperat\u016broje: 15\u00b0C-25\u00b0C (59\u00b0F-77\u00b0F)<br \/>\n\u2022 Saugokite nuo tiesiogini\u0173 saul\u0117s spinduli\u0173<\/p>","protected":false},"excerpt":{"rendered":"<p>Prabangus putojantis prausiklis<\/p>","protected":false},"featured_media":9975,"comment_status":"open","ping_status":"closed","template":"","meta":[],"product_cat":[124],"product_tag":[],"class_list":{"0":"post-9974","1":"product","2":"type-product","3":"status-publish","4":"has-post-thumbnail","6":"product_cat-prausikliai","7":"pa_brands-obagi-medical","8":"pa_talpa-200-ml","10":"first","11":"instock","12":"taxable","13":"shipping-taxable","14":"purchasable","15":"product-type-simple"},"_links":{"self":[{"href":"https:\/\/miamedic.lt\/en\/wp-json\/wp\/v2\/product\/9974","targetHints":{"allow":["GET"]}}],"collection":[{"href":"https:\/\/miamedic.lt\/en\/wp-json\/wp\/v2\/product"}],"about":[{"href":"https:\/\/miamedic.lt\/en\/wp-json\/wp\/v2\/types\/product"}],"replies":[{"embeddable":true,"href":"https:\/\/miamedic.lt\/en\/wp-json\/wp\/v2\/comments?post=9974"}],"version-history":[{"count":1,"href":"https:\/\/miamedic.lt\/en\/wp-json\/wp\/v2\/product\/9974\/revisions"}],"predecessor-version":[{"id":9977,"href":"https:\/\/miamedic.lt\/en\/wp-json\/wp\/v2\/product\/9974\/revisions\/9977"}],"wp:featuredmedia":[{"embeddable":true,"href":"https:\/\/miamedic.lt\/en\/wp-json\/wp\/v2\/media\/9975"}],"wp:attachment":[{"href":"https:\/\/miamedic.lt\/en\/wp-json\/wp\/v2\/media?parent=9974"}],"wp:term":[{"taxonomy":"product_cat","embeddable":true,"href":"https:\/\/miamedic.lt\/en\/wp-json\/wp\/v2\/product_cat?post=9974"},{"taxonomy":"product_tag","embeddable":true,"href":"https:\/\/miamedic.lt\/en\/wp-json\/wp\/v2\/product_tag?post=9974"}],"curies":[{"name":"wp","href":"https:\/\/api.w.org\/{rel}","templated":true}]}}