{"id":9971,"date":"2025-06-16T10:41:58","date_gmt":"2025-06-16T10:41:58","guid":{"rendered":"https:\/\/miamedic.lt\/?post_type=product&#038;p=9971"},"modified":"2025-12-01T00:29:11","modified_gmt":"2025-12-01T00:29:11","slug":"aya-hand-cream","status":"publish","type":"product","link":"https:\/\/miamedic.lt\/en\/shop\/aya-hand-cream\/","title":{"rendered":"AYA HAND CREAM"},"content":{"rendered":"<div class=\"elementor-element elementor-element-7d0f3cf e-con-full e-flex e-con e-child\" data-id=\"7d0f3cf\" data-element_type=\"container\">\n<div class=\"elementor-element elementor-element-fd502fb e-con-full e-flex e-con e-child\" data-id=\"fd502fb\" data-element_type=\"container\">\n<div class=\"elementor-element elementor-element-c5bfff9 wd-single-title text-left elementor-widget elementor-widget-wd_single_product_title\" data-id=\"c5bfff9\" data-element_type=\"widget\" data-widget_type=\"wd_single_product_title.default\">\n<div class=\"elementor-widget-container\">\n<p class=\"product_title entry-title wd-entities-title\"><strong>Hadat Cosmetics AYA Hand Cream<\/strong> \u2013 rank\u0173 kremas 50 ml<\/p>\n<\/div>\n<\/div>\n<\/div>\n<\/div>\n<div class=\"elementor-element elementor-element-9bd8409 e-con-full e-flex e-con e-child\" data-id=\"9bd8409\" data-element_type=\"container\">\n<div class=\"elementor-element elementor-element-24f93c3 wd-single-short-desc text-left elementor-widget elementor-widget-wd_single_product_short_description\" data-id=\"24f93c3\" data-element_type=\"widget\" data-widget_type=\"wd_single_product_short_description.default\">\n<div class=\"elementor-widget-container\">\n<div class=\"woocommerce-product-details__short-description\">\n<p>Ideali kasdien\u0117 priemon\u0117 rankoms dr\u0117kinti ir pri\u017ei\u016br\u0117ti.<\/p>\n<p>I\u0161laiko dr\u0117gm\u0119 ir i\u0161 karto suteikia \u0161velnumo sausai ir pa\u017eeistai odai. Maitina ir apsaugo saus\u0105 rank\u0173 od\u0105, ji tampa \u0161velni, lygi ir atstato elastingum\u0105. Taip pat tinka \u0161iurk\u0161\u010diai alk\u016bni\u0173 odai.<\/p>\n<\/div>\n<\/div>\n<\/div>\n<\/div>","protected":false},"excerpt":{"rendered":"<p>Rank\u0173 kremas<\/p>","protected":false},"featured_media":9972,"comment_status":"open","ping_status":"closed","template":"","meta":[],"product_cat":[275],"product_tag":[],"class_list":{"0":"post-9971","1":"product","2":"type-product","3":"status-publish","4":"has-post-thumbnail","6":"product_cat-ranku-kremai","7":"pa_brands-hadat","8":"pa_talpa-50ml-2","10":"first","11":"instock","12":"taxable","13":"shipping-taxable","14":"purchasable","15":"product-type-simple"},"_links":{"self":[{"href":"https:\/\/miamedic.lt\/en\/wp-json\/wp\/v2\/product\/9971","targetHints":{"allow":["GET"]}}],"collection":[{"href":"https:\/\/miamedic.lt\/en\/wp-json\/wp\/v2\/product"}],"about":[{"href":"https:\/\/miamedic.lt\/en\/wp-json\/wp\/v2\/types\/product"}],"replies":[{"embeddable":true,"href":"https:\/\/miamedic.lt\/en\/wp-json\/wp\/v2\/comments?post=9971"}],"version-history":[{"count":2,"href":"https:\/\/miamedic.lt\/en\/wp-json\/wp\/v2\/product\/9971\/revisions"}],"predecessor-version":[{"id":12395,"href":"https:\/\/miamedic.lt\/en\/wp-json\/wp\/v2\/product\/9971\/revisions\/12395"}],"wp:featuredmedia":[{"embeddable":true,"href":"https:\/\/miamedic.lt\/en\/wp-json\/wp\/v2\/media\/9972"}],"wp:attachment":[{"href":"https:\/\/miamedic.lt\/en\/wp-json\/wp\/v2\/media?parent=9971"}],"wp:term":[{"taxonomy":"product_cat","embeddable":true,"href":"https:\/\/miamedic.lt\/en\/wp-json\/wp\/v2\/product_cat?post=9971"},{"taxonomy":"product_tag","embeddable":true,"href":"https:\/\/miamedic.lt\/en\/wp-json\/wp\/v2\/product_tag?post=9971"}],"curies":[{"name":"wp","href":"https:\/\/api.w.org\/{rel}","templated":true}]}}