{"id":9967,"date":"2025-06-16T10:32:41","date_gmt":"2025-06-16T10:32:41","guid":{"rendered":"https:\/\/miamedic.lt\/?post_type=product&#038;p=9967"},"modified":"2025-12-01T00:29:11","modified_gmt":"2025-12-01T00:29:11","slug":"calm-hand-cream","status":"publish","type":"product","link":"https:\/\/miamedic.lt\/en\/shop\/calm-hand-cream\/","title":{"rendered":"CALM HAND CREAM"},"content":{"rendered":"<div class=\"elementor-element elementor-element-7d0f3cf e-con-full e-flex e-con e-child\" data-id=\"7d0f3cf\" data-element_type=\"container\">\n<div class=\"elementor-element elementor-element-fd502fb e-con-full e-flex e-con e-child\" data-id=\"fd502fb\" data-element_type=\"container\">\n<div class=\"elementor-element elementor-element-c5bfff9 wd-single-title text-left elementor-widget elementor-widget-wd_single_product_title\" data-id=\"c5bfff9\" data-element_type=\"widget\" data-widget_type=\"wd_single_product_title.default\">\n<div class=\"elementor-widget-container\">\n<p class=\"product_title entry-title wd-entities-title\"><strong>Hadat Cosmetics Calm Hand Cream<\/strong> \u2013 rank\u0173 kremas 50 ml<\/p>\n<\/div>\n<\/div>\n<\/div>\n<\/div>\n<div class=\"elementor-element elementor-element-9bd8409 e-con-full e-flex e-con e-child\" data-id=\"9bd8409\" data-element_type=\"container\">\n<div class=\"elementor-element elementor-element-24f93c3 wd-single-short-desc text-left elementor-widget elementor-widget-wd_single_product_short_description\" data-id=\"24f93c3\" data-element_type=\"widget\" data-widget_type=\"wd_single_product_short_description.default\">\n<div class=\"elementor-widget-container\">\n<div class=\"woocommerce-product-details__short-description\">\n<p>Lengvos sud\u0117ties rank\u0173 kremas greitai \u012fsigeria nepalikdamas riebi\u0173 liku\u010di\u0173. Kremas praturtintas makadamij\u0173, krab\u0173 s\u0117kl\u0173 ir babassu aliejais, taukmed\u017eio sviestu, alavij\u0173 ekstraktu ir pantenoliu. Produktas specialiai sukurtas sausoms rankoms, taip pat nu\u0161iurusiems, l\u016b\u017ein\u0117jantiems nagams ir odel\u0117ms. Kremas padeda i\u0161laikyti jaunatvi\u0161kas ir gra\u017eias rankas, pasi\u017eymi maloniu, gaiviu aromatu.<\/p>\n<p><strong>KAIP NAUDOTI:<\/strong> \u0160velniai \u012fmasa\u017euokite nedidel\u012f kiek\u012f kremo \u012f \u0161vari\u0105 rank\u0173 od\u0105, nagus ir<br \/>\nod\u0105 aplink nagus. Rekomenduojame \u0161i\u0105 proced\u016br\u0105 kartoti kelis kartus per dien\u0105.<\/p>\n<\/div>\n<\/div>\n<\/div>\n<\/div>","protected":false},"excerpt":{"rendered":"<p>Dr\u0117kinantis rank\u0173 kremas<\/p>","protected":false},"featured_media":9969,"comment_status":"open","ping_status":"closed","template":"","meta":[],"product_cat":[275],"product_tag":[],"class_list":{"0":"post-9967","1":"product","2":"type-product","3":"status-publish","4":"has-post-thumbnail","6":"product_cat-ranku-kremai","7":"pa_brands-hadat","8":"pa_talpa-50ml-2","10":"first","11":"instock","12":"taxable","13":"shipping-taxable","14":"purchasable","15":"product-type-simple"},"_links":{"self":[{"href":"https:\/\/miamedic.lt\/en\/wp-json\/wp\/v2\/product\/9967","targetHints":{"allow":["GET"]}}],"collection":[{"href":"https:\/\/miamedic.lt\/en\/wp-json\/wp\/v2\/product"}],"about":[{"href":"https:\/\/miamedic.lt\/en\/wp-json\/wp\/v2\/types\/product"}],"replies":[{"embeddable":true,"href":"https:\/\/miamedic.lt\/en\/wp-json\/wp\/v2\/comments?post=9967"}],"version-history":[{"count":2,"href":"https:\/\/miamedic.lt\/en\/wp-json\/wp\/v2\/product\/9967\/revisions"}],"predecessor-version":[{"id":12396,"href":"https:\/\/miamedic.lt\/en\/wp-json\/wp\/v2\/product\/9967\/revisions\/12396"}],"wp:featuredmedia":[{"embeddable":true,"href":"https:\/\/miamedic.lt\/en\/wp-json\/wp\/v2\/media\/9969"}],"wp:attachment":[{"href":"https:\/\/miamedic.lt\/en\/wp-json\/wp\/v2\/media?parent=9967"}],"wp:term":[{"taxonomy":"product_cat","embeddable":true,"href":"https:\/\/miamedic.lt\/en\/wp-json\/wp\/v2\/product_cat?post=9967"},{"taxonomy":"product_tag","embeddable":true,"href":"https:\/\/miamedic.lt\/en\/wp-json\/wp\/v2\/product_tag?post=9967"}],"curies":[{"name":"wp","href":"https:\/\/api.w.org\/{rel}","templated":true}]}}