{"id":9959,"date":"2025-06-16T10:21:54","date_gmt":"2025-06-16T10:21:54","guid":{"rendered":"https:\/\/miamedic.lt\/?post_type=product&#038;p=9959"},"modified":"2025-12-01T00:29:12","modified_gmt":"2025-12-01T00:29:12","slug":"calm-body-lotion","status":"publish","type":"product","link":"https:\/\/miamedic.lt\/en\/shop\/calm-body-lotion\/","title":{"rendered":"CALM BODY LOTION"},"content":{"rendered":"<div class=\"elementor-element elementor-element-7d0f3cf e-con-full e-flex e-con e-child\" data-id=\"7d0f3cf\" data-element_type=\"container\">\n<div class=\"elementor-element elementor-element-fd502fb e-con-full e-flex e-con e-child\" data-id=\"fd502fb\" data-element_type=\"container\">\n<div class=\"elementor-element elementor-element-c5bfff9 wd-single-title text-left elementor-widget elementor-widget-wd_single_product_title\" data-id=\"c5bfff9\" data-element_type=\"widget\" data-widget_type=\"wd_single_product_title.default\">\n<div class=\"elementor-widget-container\">\n<p class=\"product_title entry-title wd-entities-title\"><strong>Hadat Cosmetics Calm Body Lotion<\/strong> \u2013 k\u016bno losjonas 300 ml<\/p>\n<\/div>\n<\/div>\n<\/div>\n<\/div>\n<div class=\"elementor-element elementor-element-9bd8409 e-con-full e-flex e-con e-child\" data-id=\"9bd8409\" data-element_type=\"container\">\n<div class=\"elementor-element elementor-element-24f93c3 wd-single-short-desc text-left elementor-widget elementor-widget-wd_single_product_short_description\" data-id=\"24f93c3\" data-element_type=\"widget\" data-widget_type=\"wd_single_product_short_description.default\">\n<div class=\"elementor-widget-container\">\n<div class=\"woocommerce-product-details__short-description\">\n<p>\u0160velnios tekst\u016bros k\u016bno losjonas tinka bet kokio tipo odai.<\/p>\n<p>Palieka nuostab\u0173 kvap\u0105. Praturtintas nat\u016braliu kanapi\u0173 s\u0117kl\u0173 aliejumi, kokos\u0173 aliejumi, alavij\u0173 ekstraktu. Losjonas lengvai \u012fsigeria \u012f od\u0105, palikdamas j\u0105 \u0161velni\u0105 ir mink\u0161t\u0105.<\/p>\n<p><strong>KAIP NAUDOTI:<\/strong><\/p>\n<p>U\u017etepkite nedidel\u012f kiek\u012f losjono ant \u0161varios, sausos odos ir leiskite jam \u012fsigerti.<br \/>\nTinka reguliariai naudoti kasdien.<\/p>\n<\/div>\n<\/div>\n<\/div>\n<\/div>","protected":false},"excerpt":{"rendered":"<p>K\u016bno losjonas<\/p>","protected":false},"featured_media":9960,"comment_status":"open","ping_status":"closed","template":"","meta":[],"product_cat":[113],"product_tag":[],"class_list":{"0":"post-9959","1":"product","2":"type-product","3":"status-publish","4":"has-post-thumbnail","6":"product_cat-kuno-kremas","8":"first","9":"instock","10":"taxable","11":"shipping-taxable","12":"purchasable","13":"product-type-simple"},"_links":{"self":[{"href":"https:\/\/miamedic.lt\/en\/wp-json\/wp\/v2\/product\/9959","targetHints":{"allow":["GET"]}}],"collection":[{"href":"https:\/\/miamedic.lt\/en\/wp-json\/wp\/v2\/product"}],"about":[{"href":"https:\/\/miamedic.lt\/en\/wp-json\/wp\/v2\/types\/product"}],"replies":[{"embeddable":true,"href":"https:\/\/miamedic.lt\/en\/wp-json\/wp\/v2\/comments?post=9959"}],"version-history":[{"count":2,"href":"https:\/\/miamedic.lt\/en\/wp-json\/wp\/v2\/product\/9959\/revisions"}],"predecessor-version":[{"id":12398,"href":"https:\/\/miamedic.lt\/en\/wp-json\/wp\/v2\/product\/9959\/revisions\/12398"}],"wp:featuredmedia":[{"embeddable":true,"href":"https:\/\/miamedic.lt\/en\/wp-json\/wp\/v2\/media\/9960"}],"wp:attachment":[{"href":"https:\/\/miamedic.lt\/en\/wp-json\/wp\/v2\/media?parent=9959"}],"wp:term":[{"taxonomy":"product_cat","embeddable":true,"href":"https:\/\/miamedic.lt\/en\/wp-json\/wp\/v2\/product_cat?post=9959"},{"taxonomy":"product_tag","embeddable":true,"href":"https:\/\/miamedic.lt\/en\/wp-json\/wp\/v2\/product_tag?post=9959"}],"curies":[{"name":"wp","href":"https:\/\/api.w.org\/{rel}","templated":true}]}}