{"id":9955,"date":"2025-06-16T10:18:20","date_gmt":"2025-06-16T10:18:20","guid":{"rendered":"https:\/\/miamedic.lt\/?post_type=product&#038;p=9955"},"modified":"2025-12-01T00:29:12","modified_gmt":"2025-12-01T00:29:12","slug":"calm-shower-gel","status":"publish","type":"product","link":"https:\/\/miamedic.lt\/en\/shop\/calm-shower-gel\/","title":{"rendered":"CALM SHOWER GEL"},"content":{"rendered":"<div class=\"elementor-element elementor-element-7d0f3cf e-con-full e-flex e-con e-child\" data-id=\"7d0f3cf\" data-element_type=\"container\">\n<div class=\"elementor-element elementor-element-fd502fb e-con-full e-flex e-con e-child\" data-id=\"fd502fb\" data-element_type=\"container\">\n<div class=\"elementor-element elementor-element-c5bfff9 wd-single-title text-left elementor-widget elementor-widget-wd_single_product_title\" data-id=\"c5bfff9\" data-element_type=\"widget\" data-widget_type=\"wd_single_product_title.default\">\n<div class=\"elementor-widget-container\">\n<p class=\"product_title entry-title wd-entities-title\"><strong>Hadat Cosmetics Calm Shower Gel<\/strong> \u2013 du\u0161o \u017eel\u0117 300 ml<\/p>\n<\/div>\n<\/div>\n<\/div>\n<\/div>\n<div class=\"elementor-element elementor-element-9bd8409 e-con-full e-flex e-con e-child\" data-id=\"9bd8409\" data-element_type=\"container\">\n<div class=\"elementor-element elementor-element-24f93c3 wd-single-short-desc text-left elementor-widget elementor-widget-wd_single_product_short_description\" data-id=\"24f93c3\" data-element_type=\"widget\" data-widget_type=\"wd_single_product_short_description.default\">\n<div class=\"elementor-widget-container\">\n<div class=\"woocommerce-product-details__short-description\">\n<p>Valo od\u0105 jos nei\u0161sausindama.<\/p>\n<p>Du\u0161o \u017eel\u0117 yra k\u016bno prie\u017ei\u016bros ir valymo priemon\u0117. Valo od\u0105 jos nei\u0161sausindamas, palieka j\u0105 \u0161velni\u0105 ir maloniai kvepian\u010di\u0105, i\u0161laikydamas jos pH.<\/p>\n<p><strong>KAIP NAUDOTI:<\/strong><\/p>\n<p>U\u017etepkite ant dr\u0117gnos odos ir masa\u017euokite, kol susidarys putos, tada nuplaukite dideliu kiekiu \u0161ilto vandens.<\/p>\n<\/div>\n<\/div>\n<\/div>\n<\/div>","protected":false},"excerpt":{"rendered":"<p>Odos nesausinantis du\u0161o \u017eel\u0117<\/p>","protected":false},"featured_media":9956,"comment_status":"open","ping_status":"closed","template":"","meta":[],"product_cat":[199],"product_tag":[],"class_list":{"0":"post-9955","1":"product","2":"type-product","3":"status-publish","4":"has-post-thumbnail","6":"product_cat-kuno-prausikliai","7":"pa_brands-hadat","8":"pa_talpa-300ml","10":"first","11":"instock","12":"taxable","13":"shipping-taxable","14":"purchasable","15":"product-type-simple"},"_links":{"self":[{"href":"https:\/\/miamedic.lt\/en\/wp-json\/wp\/v2\/product\/9955","targetHints":{"allow":["GET"]}}],"collection":[{"href":"https:\/\/miamedic.lt\/en\/wp-json\/wp\/v2\/product"}],"about":[{"href":"https:\/\/miamedic.lt\/en\/wp-json\/wp\/v2\/types\/product"}],"replies":[{"embeddable":true,"href":"https:\/\/miamedic.lt\/en\/wp-json\/wp\/v2\/comments?post=9955"}],"version-history":[{"count":3,"href":"https:\/\/miamedic.lt\/en\/wp-json\/wp\/v2\/product\/9955\/revisions"}],"predecessor-version":[{"id":9965,"href":"https:\/\/miamedic.lt\/en\/wp-json\/wp\/v2\/product\/9955\/revisions\/9965"}],"wp:featuredmedia":[{"embeddable":true,"href":"https:\/\/miamedic.lt\/en\/wp-json\/wp\/v2\/media\/9956"}],"wp:attachment":[{"href":"https:\/\/miamedic.lt\/en\/wp-json\/wp\/v2\/media?parent=9955"}],"wp:term":[{"taxonomy":"product_cat","embeddable":true,"href":"https:\/\/miamedic.lt\/en\/wp-json\/wp\/v2\/product_cat?post=9955"},{"taxonomy":"product_tag","embeddable":true,"href":"https:\/\/miamedic.lt\/en\/wp-json\/wp\/v2\/product_tag?post=9955"}],"curies":[{"name":"wp","href":"https:\/\/api.w.org\/{rel}","templated":true}]}}