{"id":9951,"date":"2025-06-16T10:10:01","date_gmt":"2025-06-16T10:10:01","guid":{"rendered":"https:\/\/miamedic.lt\/?post_type=product&#038;p=9951"},"modified":"2025-12-01T00:29:12","modified_gmt":"2025-12-01T00:29:12","slug":"golden-hour-hair-mask","status":"publish","type":"product","link":"https:\/\/miamedic.lt\/en\/shop\/golden-hour-hair-mask\/","title":{"rendered":"GOLDEN HOUR HAIR MASK"},"content":{"rendered":"<div class=\"elementor-element elementor-element-7d0f3cf e-con-full e-flex e-con e-child\" data-id=\"7d0f3cf\" data-element_type=\"container\">\n<div class=\"elementor-element elementor-element-fd502fb e-con-full e-flex e-con e-child\" data-id=\"fd502fb\" data-element_type=\"container\">\n<div class=\"elementor-element elementor-element-c5bfff9 wd-single-title text-left elementor-widget elementor-widget-wd_single_product_title\" data-id=\"c5bfff9\" data-element_type=\"widget\" data-widget_type=\"wd_single_product_title.default\">\n<div class=\"elementor-widget-container\">\n<p class=\"product_title entry-title wd-entities-title\"><strong>Hadat Cosmetics Golden Hour Hair Mask<\/strong> \u2013 intensyviai atkuriamoji kauk\u0117 280ml<\/p>\n<\/div>\n<\/div>\n<\/div>\n<\/div>\n<div class=\"elementor-element elementor-element-9bd8409 e-con-full e-flex e-con e-child\" data-id=\"9bd8409\" data-element_type=\"container\">\n<div class=\"elementor-element elementor-element-24f93c3 wd-single-short-desc text-left elementor-widget elementor-widget-wd_single_product_short_description\" data-id=\"24f93c3\" data-element_type=\"widget\" data-widget_type=\"wd_single_product_short_description.default\">\n<div class=\"elementor-widget-container\">\n<div class=\"woocommerce-product-details__short-description\">\n<p>Intensyvi atkuriamoji kauk\u0117, skirta sausiems ir l\u016b\u017ein\u0117jantiems plaukams pri\u017ei\u016br\u0117ti. Sud\u0117tyje yra kvie\u010di\u0173 gemal\u0173 aliejaus, kuris suteikia plaukams stiprumo ir elastingumo. Lin\u0173 s\u0117men\u0173 aliejus dr\u0117kina ir pasi\u017eymi glotninamuoju poveikiu. \u0160altalanki\u0173 aliejus storina ir atgaivina garbanas. Perl\u0173 milteliuose gausu kalcio; jis stiprina plaukus ir suteikia jiems blizgesio.<\/p>\n<p data-sourcepos=\"9:1-9:20\"><strong>Naudojimo b\u016bdas:<\/strong><\/p>\n<p data-sourcepos=\"11:1-11:186\">U\u017etepkite kauk\u0119 ant i\u0161plaut\u0173 ir rank\u0161luos\u010diu nusausint\u0173 plauk\u0173, vengdami s\u0105ly\u010dio su plauk\u0173 \u0161aknimis. Palaikykite 3-4 minutes, tada nuplaukite vandeniu. Kondicionieriaus naudoti neb\u016btina.<\/p>\n<p data-sourcepos=\"13:1-13:25\">Tinka vis\u0173 tip\u0173 plaukams.<\/p>\n<\/div>\n<\/div>\n<\/div>\n<\/div>","protected":false},"excerpt":{"rendered":"<p>Intensyviai atkuriamoji kauk\u0117<\/p>","protected":false},"featured_media":9952,"comment_status":"open","ping_status":"closed","template":"","meta":[],"product_cat":[270],"product_tag":[],"class_list":{"0":"post-9951","1":"product","2":"type-product","3":"status-publish","4":"has-post-thumbnail","6":"product_cat-plauku-kaukes","7":"pa_brands-hadat","8":"pa_talpa-280ml","10":"first","11":"instock","12":"taxable","13":"shipping-taxable","14":"purchasable","15":"product-type-simple"},"_links":{"self":[{"href":"https:\/\/miamedic.lt\/en\/wp-json\/wp\/v2\/product\/9951","targetHints":{"allow":["GET"]}}],"collection":[{"href":"https:\/\/miamedic.lt\/en\/wp-json\/wp\/v2\/product"}],"about":[{"href":"https:\/\/miamedic.lt\/en\/wp-json\/wp\/v2\/types\/product"}],"replies":[{"embeddable":true,"href":"https:\/\/miamedic.lt\/en\/wp-json\/wp\/v2\/comments?post=9951"}],"version-history":[{"count":3,"href":"https:\/\/miamedic.lt\/en\/wp-json\/wp\/v2\/product\/9951\/revisions"}],"predecessor-version":[{"id":12399,"href":"https:\/\/miamedic.lt\/en\/wp-json\/wp\/v2\/product\/9951\/revisions\/12399"}],"wp:featuredmedia":[{"embeddable":true,"href":"https:\/\/miamedic.lt\/en\/wp-json\/wp\/v2\/media\/9952"}],"wp:attachment":[{"href":"https:\/\/miamedic.lt\/en\/wp-json\/wp\/v2\/media?parent=9951"}],"wp:term":[{"taxonomy":"product_cat","embeddable":true,"href":"https:\/\/miamedic.lt\/en\/wp-json\/wp\/v2\/product_cat?post=9951"},{"taxonomy":"product_tag","embeddable":true,"href":"https:\/\/miamedic.lt\/en\/wp-json\/wp\/v2\/product_tag?post=9951"}],"curies":[{"name":"wp","href":"https:\/\/api.w.org\/{rel}","templated":true}]}}