{"id":9945,"date":"2025-06-13T07:55:27","date_gmt":"2025-06-13T07:55:27","guid":{"rendered":"https:\/\/miamedic.lt\/?post_type=product&#038;p=9945"},"modified":"2025-12-01T00:29:13","modified_gmt":"2025-12-01T00:29:13","slug":"restoring-pearl-hair-serum","status":"publish","type":"product","link":"https:\/\/miamedic.lt\/en\/shop\/restoring-pearl-hair-serum\/","title":{"rendered":"RESTORING PEARL HAIR SERUM"},"content":{"rendered":"<div class=\"elementor-element elementor-element-7d0f3cf e-con-full e-flex e-con e-child\" data-id=\"7d0f3cf\" data-element_type=\"container\">\n<div class=\"elementor-element elementor-element-fd502fb e-con-full e-flex e-con e-child\" data-id=\"fd502fb\" data-element_type=\"container\">\n<div class=\"elementor-element elementor-element-c5bfff9 wd-single-title text-left elementor-widget elementor-widget-wd_single_product_title\" data-id=\"c5bfff9\" data-element_type=\"widget\" data-widget_type=\"wd_single_product_title.default\">\n<div class=\"elementor-widget-container\">\n<p class=\"product_title entry-title wd-entities-title\"><strong>Hadat Cosmetics Restoring Pearl Hair Serum<\/strong> \u2013 matinamasis serumas plaukams 120 ml<\/p>\n<\/div>\n<\/div>\n<\/div>\n<\/div>\n<div class=\"elementor-element elementor-element-9bd8409 e-con-full e-flex e-con e-child\" data-id=\"9bd8409\" data-element_type=\"container\">\n<div class=\"elementor-element elementor-element-24f93c3 wd-single-short-desc text-left elementor-widget elementor-widget-wd_single_product_short_description\" data-id=\"24f93c3\" data-element_type=\"widget\" data-widget_type=\"wd_single_product_short_description.default\">\n<div class=\"elementor-widget-container\">\n<div class=\"woocommerce-product-details__short-description\">\n<p>Maitinamasis perl\u0173 serumas, skirtas dr\u0117kinimui ir atstatymui, padeda i\u0161vengti galiuk\u0173 skilin\u0117jimo.<\/p>\n<p>Jo sud\u0117tyje yra simondsij\u0173 aliejaus, kuris dr\u0117kina plaukus. Argano aliejus, kuriame gausu OMEGA-3 r\u016bg\u0161\u010di\u0173, maitina garbanas ir sukuria plon\u0105 pl\u0117vel\u0119, kuri suteikia blizgesio. Ricinos aliejus apsaugo plaukus nuo neigiamo aplinkos poveikio. Produkte esantys perl\u0173 milteliai suteikia plaukams blizgesio. Rekomenduojama naudoti prie\u0161 formuojant plaukus.<\/p>\n<p><strong>Usage:<\/strong><\/p>\n<p>1-2 la\u0161us produkto u\u017ela\u0161inkite ant deln\u0173, tada paskirstykite per vis\u0105 i\u0161d\u017eiovint\u0173 plauk\u0173 ilg\u012f iki galiuk\u0173. Nenuplaukite.<\/p>\n<p><b>Tinka vis\u0173 tip\u0173 plaukams.<\/b><\/p>\n<\/div>\n<\/div>\n<\/div>\n<\/div>","protected":false},"excerpt":{"rendered":"<p>Matinamasis serumas plaukams<\/p>","protected":false},"featured_media":9946,"comment_status":"open","ping_status":"closed","template":"","meta":[],"product_cat":[271],"product_tag":[],"class_list":{"0":"post-9945","1":"product","2":"type-product","3":"status-publish","4":"has-post-thumbnail","6":"product_cat-plauku-serumai","7":"pa_brands-hadat","8":"pa_talpa-120ml","10":"first","11":"instock","12":"taxable","13":"shipping-taxable","14":"purchasable","15":"product-type-simple"},"_links":{"self":[{"href":"https:\/\/miamedic.lt\/en\/wp-json\/wp\/v2\/product\/9945","targetHints":{"allow":["GET"]}}],"collection":[{"href":"https:\/\/miamedic.lt\/en\/wp-json\/wp\/v2\/product"}],"about":[{"href":"https:\/\/miamedic.lt\/en\/wp-json\/wp\/v2\/types\/product"}],"replies":[{"embeddable":true,"href":"https:\/\/miamedic.lt\/en\/wp-json\/wp\/v2\/comments?post=9945"}],"version-history":[{"count":2,"href":"https:\/\/miamedic.lt\/en\/wp-json\/wp\/v2\/product\/9945\/revisions"}],"predecessor-version":[{"id":12400,"href":"https:\/\/miamedic.lt\/en\/wp-json\/wp\/v2\/product\/9945\/revisions\/12400"}],"wp:featuredmedia":[{"embeddable":true,"href":"https:\/\/miamedic.lt\/en\/wp-json\/wp\/v2\/media\/9946"}],"wp:attachment":[{"href":"https:\/\/miamedic.lt\/en\/wp-json\/wp\/v2\/media?parent=9945"}],"wp:term":[{"taxonomy":"product_cat","embeddable":true,"href":"https:\/\/miamedic.lt\/en\/wp-json\/wp\/v2\/product_cat?post=9945"},{"taxonomy":"product_tag","embeddable":true,"href":"https:\/\/miamedic.lt\/en\/wp-json\/wp\/v2\/product_tag?post=9945"}],"curies":[{"name":"wp","href":"https:\/\/api.w.org\/{rel}","templated":true}]}}