{"id":9934,"date":"2025-06-10T16:06:09","date_gmt":"2025-06-10T16:06:09","guid":{"rendered":"https:\/\/miamedic.lt\/?post_type=product&#038;p=9934"},"modified":"2025-12-01T00:29:13","modified_gmt":"2025-12-01T00:29:13","slug":"9934","status":"publish","type":"product","link":"https:\/\/miamedic.lt\/en\/shop\/9934\/","title":{"rendered":"Microcapsule Hair Mask"},"content":{"rendered":"<div class=\"elementor-element elementor-element-7d0f3cf e-con-full e-flex e-con e-child\" data-id=\"7d0f3cf\" data-element_type=\"container\">\n<div class=\"elementor-element elementor-element-fd502fb e-con-full e-flex e-con e-child\" data-id=\"fd502fb\" data-element_type=\"container\">\n<div class=\"elementor-element elementor-element-c5bfff9 wd-single-title text-left elementor-widget elementor-widget-wd_single_product_title\" data-id=\"c5bfff9\" data-element_type=\"widget\" data-widget_type=\"wd_single_product_title.default\">\n<div class=\"elementor-widget-container\">\n<p class=\"product_title entry-title wd-entities-title\"><strong>Hadat Cosmetics Softening Microcapsule Hair Mask<\/strong> &#8211; glotninanti, maitinamoji kauk\u0117 280 ml<\/p>\n<\/div>\n<\/div>\n<\/div>\n<\/div>\n<div class=\"elementor-element elementor-element-9bd8409 e-con-full e-flex e-con e-child\" data-id=\"9bd8409\" data-element_type=\"container\">\n<div class=\"elementor-element elementor-element-24f93c3 wd-single-short-desc text-left elementor-widget elementor-widget-wd_single_product_short_description\" data-id=\"24f93c3\" data-element_type=\"widget\" data-widget_type=\"wd_single_product_short_description.default\">\n<div class=\"elementor-widget-container\">\n<div class=\"woocommerce-product-details__short-description\">\n<p>Glotninanti maitinamoji kauk\u0117, praturtinta vitamino E kapsul\u0117mis. Apsaugo nuo i\u0161orin\u0117s \u017ealos ir atkuria sausus bei l\u016b\u017ein\u0117jan\u010dius plaukus. Produkto sud\u0117tyje esantis ramuni\u0173 aliejus skirtas apsaugoti nuo UV spinduli\u0173 ir kit\u0173 neigiam\u0173 aplinkos veiksni\u0173. Mikrokapsul\u0117s su vitaminu E suaktyvina kolageno gamyb\u0105, tod\u0117l garbanos tampa \u0161ilkin\u0117s ir lengvai valdomos. Sud\u0117tyje yra perl\u0173 milteli\u0173, kurie suteikia plaukams blizgesio ir dailiai sutvarkyt\u0105 i\u0161vaizd\u0105. Hidrolizuotas keratinas ma\u017eina plauk\u0173 garbanojim\u0105si ir apsaugo nuo kar\u0161\u010dio daromos \u017ealos.<\/p>\n<p><strong>Usage:<\/strong><\/p>\n<p>U\u017etepkite kauk\u0119 ant i\u0161plaut\u0173 ir rank\u0161luos\u010diu nusausint\u0173 plauk\u0173, vengdami s\u0105ly\u010dio su \u0161aknimis. Palikite 3-4 minutes, tada nuplaukite vandeniu. Nereikia<br \/>\nkondicionieriaus.<\/p>\n<p><strong>Tinka vis\u0173 tip\u0173 plaukams.<\/strong><\/p>\n<\/div>\n<\/div>\n<\/div>\n<\/div>","protected":false},"excerpt":{"rendered":"<p>Glotninanti, maitinamoji kauk\u0117<\/p>","protected":false},"featured_media":9935,"comment_status":"open","ping_status":"closed","template":"","meta":[],"product_cat":[270],"product_tag":[],"class_list":{"0":"post-9934","1":"product","2":"type-product","3":"status-publish","4":"has-post-thumbnail","6":"product_cat-plauku-kaukes","7":"pa_brands-hadat","8":"pa_talpa-280ml","10":"first","11":"instock","12":"taxable","13":"shipping-taxable","14":"purchasable","15":"product-type-simple"},"_links":{"self":[{"href":"https:\/\/miamedic.lt\/en\/wp-json\/wp\/v2\/product\/9934","targetHints":{"allow":["GET"]}}],"collection":[{"href":"https:\/\/miamedic.lt\/en\/wp-json\/wp\/v2\/product"}],"about":[{"href":"https:\/\/miamedic.lt\/en\/wp-json\/wp\/v2\/types\/product"}],"replies":[{"embeddable":true,"href":"https:\/\/miamedic.lt\/en\/wp-json\/wp\/v2\/comments?post=9934"}],"version-history":[{"count":5,"href":"https:\/\/miamedic.lt\/en\/wp-json\/wp\/v2\/product\/9934\/revisions"}],"predecessor-version":[{"id":9940,"href":"https:\/\/miamedic.lt\/en\/wp-json\/wp\/v2\/product\/9934\/revisions\/9940"}],"wp:featuredmedia":[{"embeddable":true,"href":"https:\/\/miamedic.lt\/en\/wp-json\/wp\/v2\/media\/9935"}],"wp:attachment":[{"href":"https:\/\/miamedic.lt\/en\/wp-json\/wp\/v2\/media?parent=9934"}],"wp:term":[{"taxonomy":"product_cat","embeddable":true,"href":"https:\/\/miamedic.lt\/en\/wp-json\/wp\/v2\/product_cat?post=9934"},{"taxonomy":"product_tag","embeddable":true,"href":"https:\/\/miamedic.lt\/en\/wp-json\/wp\/v2\/product_tag?post=9934"}],"curies":[{"name":"wp","href":"https:\/\/api.w.org\/{rel}","templated":true}]}}