{"id":9931,"date":"2025-06-10T16:03:07","date_gmt":"2025-06-10T16:03:07","guid":{"rendered":"https:\/\/miamedic.lt\/?post_type=product&#038;p=9931"},"modified":"2025-12-01T00:29:13","modified_gmt":"2025-12-01T00:29:13","slug":"molecular-hair-cream","status":"publish","type":"product","link":"https:\/\/miamedic.lt\/en\/shop\/molecular-hair-cream\/","title":{"rendered":"MOLECULAR HAIR CREAM"},"content":{"rendered":"<div class=\"elementor-element elementor-element-7d0f3cf e-con-full e-flex e-con e-child\" data-id=\"7d0f3cf\" data-element_type=\"container\">\n<div class=\"elementor-element elementor-element-fd502fb e-con-full e-flex e-con e-child\" data-id=\"fd502fb\" data-element_type=\"container\">\n<div class=\"elementor-element elementor-element-c5bfff9 wd-single-title text-left elementor-widget elementor-widget-wd_single_product_title\" data-id=\"c5bfff9\" data-element_type=\"widget\" data-widget_type=\"wd_single_product_title.default\">\n<div class=\"elementor-widget-container\">\n<p class=\"product_title entry-title wd-entities-title\"><strong>Hadat Cosmetics Molecular Hair Cream All In One Leave In cream spray<\/strong> \u2013 nenuplaunamas molekulinis kremas-pur\u0161kiklis plaukams 200 ml<\/p>\n<\/div>\n<\/div>\n<\/div>\n<\/div>\n<div class=\"elementor-element elementor-element-9bd8409 e-con-full e-flex e-con e-child\" data-id=\"9bd8409\" data-element_type=\"container\">\n<div class=\"elementor-element elementor-element-24f93c3 wd-single-short-desc text-left elementor-widget elementor-widget-wd_single_product_short_description\" data-id=\"24f93c3\" data-element_type=\"widget\" data-widget_type=\"wd_single_product_short_description.default\">\n<div class=\"elementor-widget-container\">\n<div class=\"woocommerce-product-details__short-description\">\n<p>Sud\u0117tyje esantis hidrolizuotas keratinas giliai atstato ir stiprina pa\u017eeistas plauk\u0173 vietas, suteikdamas sveikesn\u0119 i\u0161vaizd\u0105. Lin\u0173 s\u0117men\u0173 aliejus kiekvien\u0105 garban\u0105 prisotina dr\u0117gm\u0117s, apsaugo nuo i\u0161saus\u0117jimo ir l\u016b\u017ein\u0117jimo. Perl\u0173 pudra suteikia plaukams prabangaus blizgesio. Ji stiprina ir dr\u0117kina plaukus tiek i\u0161 vidaus molekuliniu lygmeniu, tiek i\u0161 i\u0161or\u0117s.<\/p>\n<p><b>Usage:<\/b><\/p>\n<p>I\u0161plov\u0119 plaukus, nusausinkite juos rank\u0161luos\u010diu. Tada delnus patepkite kremu ir paskirstykite per vis\u0105 ilg\u012f, vengdami \u0161akn\u0173. Jei reikia, \u0161ukuokite plaukus. Produkto nuplauti nereikia. Po to galite prad\u0117ti formuoti.<\/p>\n<p><b>Tinka vis\u0173 tip\u0173 plaukams.<\/b><\/p>\n<\/div>\n<\/div>\n<\/div>\n<\/div>","protected":false},"excerpt":{"rendered":"<p>Nenuplaunamas molekulinis kremas-pur\u0161kiklis plaukams<\/p>","protected":false},"featured_media":9932,"comment_status":"open","ping_status":"closed","template":"","meta":[],"product_cat":[251,273],"product_tag":[],"class_list":{"0":"post-9931","1":"product","2":"type-product","3":"status-publish","4":"has-post-thumbnail","6":"product_cat-plauku-kondicionieriai","7":"product_cat-purskikliai-plaukams","8":"pa_brands-hadat","9":"pa_talpa-200ml","11":"first","12":"instock","13":"taxable","14":"shipping-taxable","15":"purchasable","16":"product-type-simple"},"_links":{"self":[{"href":"https:\/\/miamedic.lt\/en\/wp-json\/wp\/v2\/product\/9931","targetHints":{"allow":["GET"]}}],"collection":[{"href":"https:\/\/miamedic.lt\/en\/wp-json\/wp\/v2\/product"}],"about":[{"href":"https:\/\/miamedic.lt\/en\/wp-json\/wp\/v2\/types\/product"}],"replies":[{"embeddable":true,"href":"https:\/\/miamedic.lt\/en\/wp-json\/wp\/v2\/comments?post=9931"}],"version-history":[{"count":2,"href":"https:\/\/miamedic.lt\/en\/wp-json\/wp\/v2\/product\/9931\/revisions"}],"predecessor-version":[{"id":12401,"href":"https:\/\/miamedic.lt\/en\/wp-json\/wp\/v2\/product\/9931\/revisions\/12401"}],"wp:featuredmedia":[{"embeddable":true,"href":"https:\/\/miamedic.lt\/en\/wp-json\/wp\/v2\/media\/9932"}],"wp:attachment":[{"href":"https:\/\/miamedic.lt\/en\/wp-json\/wp\/v2\/media?parent=9931"}],"wp:term":[{"taxonomy":"product_cat","embeddable":true,"href":"https:\/\/miamedic.lt\/en\/wp-json\/wp\/v2\/product_cat?post=9931"},{"taxonomy":"product_tag","embeddable":true,"href":"https:\/\/miamedic.lt\/en\/wp-json\/wp\/v2\/product_tag?post=9931"}],"curies":[{"name":"wp","href":"https:\/\/api.w.org\/{rel}","templated":true}]}}