{"id":9928,"date":"2025-06-10T15:54:44","date_gmt":"2025-06-10T15:54:44","guid":{"rendered":"https:\/\/miamedic.lt\/?post_type=product&#038;p=9928"},"modified":"2025-12-01T00:29:13","modified_gmt":"2025-12-01T00:29:13","slug":"recovery-cream-one-minute","status":"publish","type":"product","link":"https:\/\/miamedic.lt\/en\/shop\/recovery-cream-one-minute\/","title":{"rendered":"Recovery Cream One Minute"},"content":{"rendered":"<p>Profesionali plauk\u0173 kremo formul\u0117, praturtinta penkiais maitinamaisiais aliejais, intensyviai pamaitina ir atgaivina plaukus per vien\u0105 minut\u0119. Kremo sud\u0117tyje yra taukmed\u017eio sviesto, argano, makadamijos, Brazilijos rie\u0161ut\u0173 ir kokos\u0173 aliejaus. \u0160is produktas puikiai pri\u017ei\u016bri nepaklusnius, garbanotus, sausus ar pa\u017eeistus plaukus. Kremo sud\u0117tis leid\u017eia lengvai ir greitai formuoti \u012fvaizd\u012f.<\/p>\n<p><b>Usage:<\/b><\/p>\n<p>Atsargiai paskirstykite serum\u0105 tolygiai per vis\u0105 plauk\u0173 ilg\u012f, vengdami \u0161akn\u0173. Nuplaukite.<\/p>\n<p><b>Tinka vis\u0173 tip\u0173 plaukams.<\/b><\/p>","protected":false},"excerpt":{"rendered":"<p>Intensyviai maitinantis plauk\u0173 kremas<\/p>","protected":false},"featured_media":9929,"comment_status":"open","ping_status":"closed","template":"","meta":[],"product_cat":[270],"product_tag":[],"class_list":{"0":"post-9928","1":"product","2":"type-product","3":"status-publish","4":"has-post-thumbnail","6":"product_cat-plauku-kaukes","7":"pa_brands-hadat","9":"first","10":"instock","11":"taxable","12":"shipping-taxable","13":"purchasable","14":"product-type-simple"},"_links":{"self":[{"href":"https:\/\/miamedic.lt\/en\/wp-json\/wp\/v2\/product\/9928","targetHints":{"allow":["GET"]}}],"collection":[{"href":"https:\/\/miamedic.lt\/en\/wp-json\/wp\/v2\/product"}],"about":[{"href":"https:\/\/miamedic.lt\/en\/wp-json\/wp\/v2\/types\/product"}],"replies":[{"embeddable":true,"href":"https:\/\/miamedic.lt\/en\/wp-json\/wp\/v2\/comments?post=9928"}],"version-history":[{"count":1,"href":"https:\/\/miamedic.lt\/en\/wp-json\/wp\/v2\/product\/9928\/revisions"}],"predecessor-version":[{"id":9930,"href":"https:\/\/miamedic.lt\/en\/wp-json\/wp\/v2\/product\/9928\/revisions\/9930"}],"wp:featuredmedia":[{"embeddable":true,"href":"https:\/\/miamedic.lt\/en\/wp-json\/wp\/v2\/media\/9929"}],"wp:attachment":[{"href":"https:\/\/miamedic.lt\/en\/wp-json\/wp\/v2\/media?parent=9928"}],"wp:term":[{"taxonomy":"product_cat","embeddable":true,"href":"https:\/\/miamedic.lt\/en\/wp-json\/wp\/v2\/product_cat?post=9928"},{"taxonomy":"product_tag","embeddable":true,"href":"https:\/\/miamedic.lt\/en\/wp-json\/wp\/v2\/product_tag?post=9928"}],"curies":[{"name":"wp","href":"https:\/\/api.w.org\/{rel}","templated":true}]}}