{"id":9925,"date":"2025-06-10T15:31:45","date_gmt":"2025-06-10T15:31:45","guid":{"rendered":"https:\/\/miamedic.lt\/?post_type=product&#038;p=9925"},"modified":"2025-12-01T00:29:14","modified_gmt":"2025-12-01T00:29:14","slug":"liquid-silk-treatment","status":"publish","type":"product","link":"https:\/\/miamedic.lt\/en\/shop\/liquid-silk-treatment\/","title":{"rendered":"Liquid Silk Treatment\u00a0"},"content":{"rendered":"<p>Hadat veiksminga ir daugiafunkc\u0117 kauk\u0117 vis\u0173 tip\u0173 pa\u017eeistiems plaukams padeda i\u0161laikyti da\u017eyt\u0173 plauk\u0173 spalv\u0105, intensyviai dr\u0117kina plaukus ir galvos od\u0105, giliai maitindama, sugr\u0105\u017eindama blizges\u012f, elastingum\u0105 bei \u0161velnum\u0105. Kauk\u0117 atkuria plaukus l\u0105steli\u0173 lygiu. Kauk\u0117s formul\u0117je yra dumbli\u0173 ir makadamijos, medviln\u0117s s\u0117kl\u0173, simondsij\u0173, avokad\u0173 ir argano aliej\u0173, kurie maitina ir saugo jautri\u0173, poring\u0173 plauk\u0173 strukt\u016br\u0105, atkuria j\u0173 gyvybingum\u0105.<\/p>\n<p><strong>Makadamij\u0173 aliejus:<\/strong><br \/>\nmakadamij\u0173 aliejuje gausu r\u016bg\u0161\u010di\u0173, vitamin\u0173 ir mikroelement\u0173, kurie padeda atkurti sausus plaukus. Aliejus puikiai dr\u0117kina plaukus, suteikia jiems gyvyb\u0117s.\u00a0I\u0161nyksta bly\u0161ki i\u0161vaizda ir pasiekiamas sveikas blizgesys.\u00a0Be to makadamij\u0173 aliejus puikiai tinka kaip profilaktin\u0117 priemon\u0117 nuo skilin\u0117jan\u010di\u0173 plauk\u0173 galiuk\u0173 ir l\u016b\u017ein\u0117jan\u010di\u0173 plauk\u0173.<\/p>\n<p><strong>Dobil\u0173 s\u0117kl\u0173 ekstraktas<\/strong>\u00a0:<br \/>\nvertingas karotino \u0161altinis, kuris strukt\u016briniu lygmeniu stiprina sruogas.\u00a0Fitoestrogenai ir salicilo r\u016bg\u0161tis veikia plauk\u0173 stiebus ir folikulus.\u00a0Plaukai gausiai maitinami ir stiprinami.<\/p>\n<p>Kaip naudoti :<br \/>\nPo \u0161amp\u016bno tolygiai paskirstykite ant plauk\u0173, kol visi\u0161kai \u012fsigers. Palikite 10 minu\u010di\u0173 po \u0161ilumos \u0161altiniu arba 15 minu\u010di\u0173 be \u0161ilumos \u0161altinio. Kruop\u0161\u010diai nuskalaukite.<\/p>","protected":false},"excerpt":{"rendered":"<p>Daugiafunkc\u0117 kauk\u0117 vis\u0173 tip\u0173 pa\u017eeistiems plaukams<\/p>","protected":false},"featured_media":9926,"comment_status":"open","ping_status":"closed","template":"","meta":[],"product_cat":[270],"product_tag":[],"class_list":{"0":"post-9925","1":"product","2":"type-product","3":"status-publish","4":"has-post-thumbnail","6":"product_cat-plauku-kaukes","7":"pa_brands-hadat","8":"pa_talpa-300ml","10":"first","11":"instock","12":"taxable","13":"shipping-taxable","14":"purchasable","15":"product-type-simple"},"_links":{"self":[{"href":"https:\/\/miamedic.lt\/en\/wp-json\/wp\/v2\/product\/9925","targetHints":{"allow":["GET"]}}],"collection":[{"href":"https:\/\/miamedic.lt\/en\/wp-json\/wp\/v2\/product"}],"about":[{"href":"https:\/\/miamedic.lt\/en\/wp-json\/wp\/v2\/types\/product"}],"replies":[{"embeddable":true,"href":"https:\/\/miamedic.lt\/en\/wp-json\/wp\/v2\/comments?post=9925"}],"version-history":[{"count":2,"href":"https:\/\/miamedic.lt\/en\/wp-json\/wp\/v2\/product\/9925\/revisions"}],"predecessor-version":[{"id":11295,"href":"https:\/\/miamedic.lt\/en\/wp-json\/wp\/v2\/product\/9925\/revisions\/11295"}],"wp:featuredmedia":[{"embeddable":true,"href":"https:\/\/miamedic.lt\/en\/wp-json\/wp\/v2\/media\/9926"}],"wp:attachment":[{"href":"https:\/\/miamedic.lt\/en\/wp-json\/wp\/v2\/media?parent=9925"}],"wp:term":[{"taxonomy":"product_cat","embeddable":true,"href":"https:\/\/miamedic.lt\/en\/wp-json\/wp\/v2\/product_cat?post=9925"},{"taxonomy":"product_tag","embeddable":true,"href":"https:\/\/miamedic.lt\/en\/wp-json\/wp\/v2\/product_tag?post=9925"}],"curies":[{"name":"wp","href":"https:\/\/api.w.org\/{rel}","templated":true}]}}