{"id":9920,"date":"2025-06-10T15:28:53","date_gmt":"2025-06-10T15:28:53","guid":{"rendered":"https:\/\/miamedic.lt\/?post_type=product&#038;p=9920"},"modified":"2025-12-01T00:29:14","modified_gmt":"2025-12-01T00:29:14","slug":"mud-hair-shampoo","status":"publish","type":"product","link":"https:\/\/miamedic.lt\/en\/shop\/mud-hair-shampoo\/","title":{"rendered":"Mud Hair Shampoo"},"content":{"rendered":"<p>Naujoje \u0161amp\u016bno formul\u0117je yra negyvosios j\u016bros purvo su visais jo mineralais, sustiprintais nat\u016braliais aktyviais aliejais ir augal\u0173 ekstraktu. Suteiks jums \u017evilgan\u010dius ir sveikus plaukus bei galvos od\u0105. Formul\u0117 maitina ir dr\u0117kina plaukus, tod\u0117l j\u016bs\u0173 plaukai tampa \u0161veln\u016bs, lengvai valdomi.<\/p>\n<p><b>Usage:<\/b><\/p>\n<p>Nedidel\u012f kiek\u012f \u0161amp\u016bno paskirstykite ant dr\u0117gn\u0173 plauk\u0173, \u012fmasa\u017euokite per plaukus nuo \u0161akn\u0173 iki galiuk\u0173. Nuplaukite. Pakartokite, jei reikia.<\/p>","protected":false},"excerpt":{"rendered":"<p>\u0160amp\u016bnas sustiprintais nat\u016braliais aktyviais aliejais ir augal\u0173 ekstraktu<\/p>","protected":false},"featured_media":9921,"comment_status":"open","ping_status":"closed","template":"","meta":[],"product_cat":[195],"product_tag":[],"class_list":{"0":"post-9920","1":"product","2":"type-product","3":"status-publish","4":"has-post-thumbnail","6":"product_cat-sampunai","7":"pa_brands-hadat","8":"pa_talpa-300ml","10":"first","11":"instock","12":"taxable","13":"shipping-taxable","14":"purchasable","15":"product-type-simple"},"_links":{"self":[{"href":"https:\/\/miamedic.lt\/en\/wp-json\/wp\/v2\/product\/9920","targetHints":{"allow":["GET"]}}],"collection":[{"href":"https:\/\/miamedic.lt\/en\/wp-json\/wp\/v2\/product"}],"about":[{"href":"https:\/\/miamedic.lt\/en\/wp-json\/wp\/v2\/types\/product"}],"replies":[{"embeddable":true,"href":"https:\/\/miamedic.lt\/en\/wp-json\/wp\/v2\/comments?post=9920"}],"version-history":[{"count":1,"href":"https:\/\/miamedic.lt\/en\/wp-json\/wp\/v2\/product\/9920\/revisions"}],"predecessor-version":[{"id":9922,"href":"https:\/\/miamedic.lt\/en\/wp-json\/wp\/v2\/product\/9920\/revisions\/9922"}],"wp:featuredmedia":[{"embeddable":true,"href":"https:\/\/miamedic.lt\/en\/wp-json\/wp\/v2\/media\/9921"}],"wp:attachment":[{"href":"https:\/\/miamedic.lt\/en\/wp-json\/wp\/v2\/media?parent=9920"}],"wp:term":[{"taxonomy":"product_cat","embeddable":true,"href":"https:\/\/miamedic.lt\/en\/wp-json\/wp\/v2\/product_cat?post=9920"},{"taxonomy":"product_tag","embeddable":true,"href":"https:\/\/miamedic.lt\/en\/wp-json\/wp\/v2\/product_tag?post=9920"}],"curies":[{"name":"wp","href":"https:\/\/api.w.org\/{rel}","templated":true}]}}