{"id":9913,"date":"2025-06-10T15:14:05","date_gmt":"2025-06-10T15:14:05","guid":{"rendered":"https:\/\/miamedic.lt\/?post_type=product&#038;p=9913"},"modified":"2025-12-01T00:29:14","modified_gmt":"2025-12-01T00:29:14","slug":"hair-scalp-mud-scrub","status":"publish","type":"product","link":"https:\/\/miamedic.lt\/en\/shop\/hair-scalp-mud-scrub\/","title":{"rendered":"Hair &amp; Scalp Mud Scrub"},"content":{"rendered":"<p><strong>Hadat Cosmetics<\/strong> pristato nauj\u0105 purvo \u0161veitikl\u012f, kuris giliai valo galvos od\u0105. \u0160veitiklis stiprina plauk\u0173 folikulus ir skatina plauk\u0173 augim\u0105. Apsaugo nuo pleiskan\u0173 atsiradimo. Druskos pilingas \u2013 tai atgaivinantis \u0161veitiklis, nublizginantis odos pavir\u0161i\u0173.<\/p>\n<p>Pilingo pagrind\u0105 sudaro negyvosios j\u016bros purvas, kuriame gausu mineral\u0173, ricinos aliejaus, rutuliuk\u0173 pavidalu, pilingas pa\u0161alina negyvas odos l\u0105steles, keratinas stiprina plaukus, taip pat sud\u0117tyje gausu augalini\u0173 alavijo, ramun\u0117li\u0173 ir agurk\u0173 ekstrakt\u0173.<\/p>\n<p><b>Usage:<\/b><\/p>\n<p>U\u017etepkite \u0161veitikl\u012f ant dr\u0117gnos galvos odos. Masa\u017euokite lengvais judesiais, palikite 3 minutes, tada nuplaukite dideliu kiekiu vandens. Proced\u016bros pabaigoje i\u0161plaukite plaukus \u0161amp\u016bnu. Rekomenduojama naudoti kart\u0105 per savait\u0119.<\/p>\n<p><b>Tinka vis\u0173 tip\u0173 plaukams.<\/b><\/p>","protected":false},"excerpt":{"rendered":"<p>Giliai galvos od\u0105 valantis purvo \u0161veitiklis<\/p>","protected":false},"featured_media":9914,"comment_status":"open","ping_status":"closed","template":"","meta":[],"product_cat":[272],"product_tag":[],"class_list":{"0":"post-9913","1":"product","2":"type-product","3":"status-publish","4":"has-post-thumbnail","6":"product_cat-galvos-odos-sveitikliai","7":"pa_brands-hadat","8":"pa_talpa-300ml","10":"first","11":"instock","12":"taxable","13":"shipping-taxable","14":"purchasable","15":"product-type-simple"},"_links":{"self":[{"href":"https:\/\/miamedic.lt\/en\/wp-json\/wp\/v2\/product\/9913","targetHints":{"allow":["GET"]}}],"collection":[{"href":"https:\/\/miamedic.lt\/en\/wp-json\/wp\/v2\/product"}],"about":[{"href":"https:\/\/miamedic.lt\/en\/wp-json\/wp\/v2\/types\/product"}],"replies":[{"embeddable":true,"href":"https:\/\/miamedic.lt\/en\/wp-json\/wp\/v2\/comments?post=9913"}],"version-history":[{"count":1,"href":"https:\/\/miamedic.lt\/en\/wp-json\/wp\/v2\/product\/9913\/revisions"}],"predecessor-version":[{"id":9915,"href":"https:\/\/miamedic.lt\/en\/wp-json\/wp\/v2\/product\/9913\/revisions\/9915"}],"wp:featuredmedia":[{"embeddable":true,"href":"https:\/\/miamedic.lt\/en\/wp-json\/wp\/v2\/media\/9914"}],"wp:attachment":[{"href":"https:\/\/miamedic.lt\/en\/wp-json\/wp\/v2\/media?parent=9913"}],"wp:term":[{"taxonomy":"product_cat","embeddable":true,"href":"https:\/\/miamedic.lt\/en\/wp-json\/wp\/v2\/product_cat?post=9913"},{"taxonomy":"product_tag","embeddable":true,"href":"https:\/\/miamedic.lt\/en\/wp-json\/wp\/v2\/product_tag?post=9913"}],"curies":[{"name":"wp","href":"https:\/\/api.w.org\/{rel}","templated":true}]}}