{"id":9895,"date":"2025-06-09T12:48:20","date_gmt":"2025-06-09T12:48:20","guid":{"rendered":"https:\/\/miamedic.lt\/?post_type=product&#038;p=9895"},"modified":"2025-12-01T00:30:16","modified_gmt":"2025-12-01T00:30:16","slug":"hydro-spa-hair-treatment","status":"publish","type":"product","link":"https:\/\/miamedic.lt\/en\/shop\/hydro-spa-hair-treatment\/","title":{"rendered":"Hydro Spa Hair Treatment"},"content":{"rendered":"<p data-start=\"0\" data-end=\"118\"><strong data-start=\"0\" data-end=\"44\">Hadat Cosmetics Hydro Spa Hair Treatment<\/strong> \u2013 dr\u0117kinanti ir atkuriamoji plauk\u0173 kauk\u0117 su dumbli\u0173 ekstraktu ir aliejais<\/p>\n<p data-start=\"120\" data-end=\"441\">Intensyviai dr\u0117kinanti ir atkuriamoji plauk\u0173 kauk\u0117, suteikianti plaukams apimties, glotnumo bei nat\u016bralaus \u017evilgesio. Padeda i\u0161laikyti da\u017eyt\u0173 plauk\u0173 spalv\u0105, palengvina formavim\u0105 ir \u0161ukavim\u0105, saugo nuo \u017ealing\u0173 aplinkos veiksni\u0173 bei UV spinduli\u0173. Maitinamieji ingredientai prisotina plaukus dr\u0117gme ir stiprina j\u0173 strukt\u016br\u0105.<\/p>\n<p data-start=\"443\" data-end=\"456\"><strong data-start=\"443\" data-end=\"456\">Effect:<\/strong><\/p>\n<ul data-start=\"457\" data-end=\"744\">\n<li data-start=\"457\" data-end=\"494\">\n<p data-start=\"459\" data-end=\"494\">Giliai dr\u0117kina ir maitina plaukus<\/p>\n<\/li>\n<li data-start=\"495\" data-end=\"560\">\n<p data-start=\"497\" data-end=\"560\">Suteikia \u0161velnumo, \u0161ilkin\u0117s tekst\u016bros ir nat\u016bralaus blizgesio<\/p>\n<\/li>\n<li data-start=\"561\" data-end=\"610\">\n<p data-start=\"563\" data-end=\"610\">Apsaugo nuo UV spinduli\u0173 ir aplinkos poveikio<\/p>\n<\/li>\n<li data-start=\"611\" data-end=\"652\">\n<p data-start=\"613\" data-end=\"652\">Padeda i\u0161laikyti da\u017eyt\u0173 plauk\u0173 spalv\u0105<\/p>\n<\/li>\n<li data-start=\"653\" data-end=\"707\">\n<p data-start=\"655\" data-end=\"707\">Skatina sveik\u0105 augim\u0105, ma\u017eina pleiskan\u0173 atsiradim\u0105<\/p>\n<\/li>\n<li data-start=\"708\" data-end=\"744\">\n<p data-start=\"710\" data-end=\"744\">Palengvina formavim\u0105 ir \u0161ukavim\u0105<\/p>\n<\/li>\n<\/ul>\n<p data-start=\"746\" data-end=\"962\"><strong data-start=\"746\" data-end=\"761\">Usage:<\/strong><br data-start=\"761\" data-end=\"764\" \/>Po plovimo \u0161amp\u016bnu kauk\u0119 paskirstykite ant dr\u0117gn\u0173 plauk\u0173 ir galvos odos. \u0160velniai \u012fmasa\u017euokite, palikite 10\u201315 minu\u010di\u0173, tuomet kruop\u0161\u010diai i\u0161skalaukite. Rekomenduojama naudoti 1\u20132 kartus per savait\u0119.<\/p>","protected":false},"excerpt":{"rendered":"<p>Dr\u0117kinanti ir atkuriamoji plauk\u0173 kauk\u0117 su dumbli\u0173 ekstraktu ir aliejais<\/p>","protected":false},"featured_media":9896,"comment_status":"open","ping_status":"closed","template":"","meta":[],"product_cat":[270],"product_tag":[],"class_list":{"0":"post-9895","1":"product","2":"type-product","3":"status-publish","4":"has-post-thumbnail","6":"product_cat-plauku-kaukes","7":"pa_brands-hadat","8":"pa_talpa-250ml","9":"pa_talpa-500ml","11":"first","12":"instock","13":"taxable","14":"shipping-taxable","15":"purchasable","16":"product-type-variable"},"_links":{"self":[{"href":"https:\/\/miamedic.lt\/en\/wp-json\/wp\/v2\/product\/9895","targetHints":{"allow":["GET"]}}],"collection":[{"href":"https:\/\/miamedic.lt\/en\/wp-json\/wp\/v2\/product"}],"about":[{"href":"https:\/\/miamedic.lt\/en\/wp-json\/wp\/v2\/types\/product"}],"replies":[{"embeddable":true,"href":"https:\/\/miamedic.lt\/en\/wp-json\/wp\/v2\/comments?post=9895"}],"version-history":[{"count":4,"href":"https:\/\/miamedic.lt\/en\/wp-json\/wp\/v2\/product\/9895\/revisions"}],"predecessor-version":[{"id":12571,"href":"https:\/\/miamedic.lt\/en\/wp-json\/wp\/v2\/product\/9895\/revisions\/12571"}],"wp:featuredmedia":[{"embeddable":true,"href":"https:\/\/miamedic.lt\/en\/wp-json\/wp\/v2\/media\/9896"}],"wp:attachment":[{"href":"https:\/\/miamedic.lt\/en\/wp-json\/wp\/v2\/media?parent=9895"}],"wp:term":[{"taxonomy":"product_cat","embeddable":true,"href":"https:\/\/miamedic.lt\/en\/wp-json\/wp\/v2\/product_cat?post=9895"},{"taxonomy":"product_tag","embeddable":true,"href":"https:\/\/miamedic.lt\/en\/wp-json\/wp\/v2\/product_tag?post=9895"}],"curies":[{"name":"wp","href":"https:\/\/api.w.org\/{rel}","templated":true}]}}