{"id":9881,"date":"2025-06-09T12:32:14","date_gmt":"2025-06-09T12:32:14","guid":{"rendered":"https:\/\/miamedic.lt\/?post_type=product&#038;p=9881"},"modified":"2025-12-01T00:29:15","modified_gmt":"2025-12-01T00:29:15","slug":"nu-cil-eyebrow-boosting-serum","status":"publish","type":"product","link":"https:\/\/miamedic.lt\/en\/shop\/nu-cil-eyebrow-boosting-serum\/","title":{"rendered":"Nu-Cil Eyebrow Boosting Serum"},"content":{"rendered":"<p data-start=\"0\" data-end=\"105\"><strong data-start=\"0\" data-end=\"39\">Obagi Nu-Cil Eyebrow Boosting Serum<\/strong> \u2013 serumas tankesniems, tamsesniems ir pilnesniems antakiams<\/p>\n<p data-start=\"107\" data-end=\"183\"><span class=\"relative -mx-px my-[-0.2rem] rounded px-px py-[0.2rem] transition-colors duration-100 ease-in-out\">Inovatyvus serumas su <strong data-start=\"22\" data-end=\"47\">NouriPlex\u00ae Technology<\/strong> \u2013 klinikiniais tyrimais patvirtintas keturi\u0173 ingredient\u0173 mi\u0161inys, specialiai sukurtas plonai, retai arba pernelyg koreguotai antaki\u0173 zonoje veikiamai odai. Formul\u0117 skatina nat\u016bralaus plauk\u0173 augimo faz\u0119, stiprina plaukelius ir gerina spalv\u0105, matomus rezultatus suteikdama per 8\u201312 savai\u010di\u0173.<\/span><\/p>\n<p data-start=\"185\" data-end=\"198\"><strong data-start=\"185\" data-end=\"198\">Poveikis:<\/strong><\/p>\n<ul data-start=\"199\" data-end=\"356\">\n<li data-start=\"199\" data-end=\"278\">\n<p data-start=\"201\" data-end=\"278\"><span class=\"relative -mx-px my-[-0.2rem] rounded px-px py-[0.2rem] transition-colors duration-100 ease-in-out\">Po 8 savai\u010di\u0173 \u2013 100\u202f% dalyvi\u0173 net ap\u0117m\u0117 \u201epilnesni\u0173\u201c antaki\u0173 i\u0161vaizd\u0105, 96\u202f% \u2013 tankesni, 89\u202f% \u2013 sveikesn\u0119 spalv\u0105<\/span><\/p>\n<\/li>\n<li data-start=\"279\" data-end=\"356\">\n<p data-start=\"281\" data-end=\"356\"><span class=\"relative -mx-px my-[-0.2rem] rounded px-px py-[0.2rem] transition-colors duration-100 ease-in-out\">Stiprina ir dr\u0117kina plaukelius, ma\u017eina trapum\u0105<\/span><\/p>\n<\/li>\n<\/ul>\n<p data-start=\"358\" data-end=\"495\"><strong data-start=\"358\" data-end=\"380\">Tinka odos tipams:<\/strong> Normaliai, mi\u0161riai iki riebi ir mi\u0161riai sausai, tinka jautriai antaki\u0173 zonai<\/p>\n<p data-start=\"497\" data-end=\"591\"><strong data-start=\"497\" data-end=\"512\">Naudojimas:<\/strong><br data-start=\"512\" data-end=\"515\" \/><span class=\"relative -mx-px my-[-0.2rem] rounded px-px py-[0.2rem] transition-colors duration-100 ease-in-out\">Vakare, \u0161vari\u0105, saus\u0105 antaki\u0173 zon\u0105 padengti vientisu serumo sluoksniu su aplikatoriumi \u0161epet\u0117liu (\u201cspoolie\u201d), palaukti ~90 sekund\u017ei\u0173, kol i\u0161d\u017eius. U\u017etepti tik vien\u0105 sluoksn\u012f, vengti kontakto su akimis<\/span><\/p>\n","protected":false},"excerpt":{"rendered":"<p>Serumas tankesniems, tamsesniems ir pilnesniems antakiams<\/p>","protected":false},"featured_media":9883,"comment_status":"open","ping_status":"closed","template":"","meta":[],"product_cat":[269],"product_tag":[],"class_list":{"0":"post-9881","1":"product","2":"type-product","3":"status-publish","4":"has-post-thumbnail","6":"product_cat-blakstienoms-ir-antakiams","7":"pa_brands-obagi-medical","8":"pa_talpa-3ml","10":"first","11":"instock","12":"taxable","13":"shipping-taxable","14":"purchasable","15":"product-type-simple"},"_links":{"self":[{"href":"https:\/\/miamedic.lt\/en\/wp-json\/wp\/v2\/product\/9881","targetHints":{"allow":["GET"]}}],"collection":[{"href":"https:\/\/miamedic.lt\/en\/wp-json\/wp\/v2\/product"}],"about":[{"href":"https:\/\/miamedic.lt\/en\/wp-json\/wp\/v2\/types\/product"}],"replies":[{"embeddable":true,"href":"https:\/\/miamedic.lt\/en\/wp-json\/wp\/v2\/comments?post=9881"}],"version-history":[{"count":2,"href":"https:\/\/miamedic.lt\/en\/wp-json\/wp\/v2\/product\/9881\/revisions"}],"predecessor-version":[{"id":12406,"href":"https:\/\/miamedic.lt\/en\/wp-json\/wp\/v2\/product\/9881\/revisions\/12406"}],"wp:featuredmedia":[{"embeddable":true,"href":"https:\/\/miamedic.lt\/en\/wp-json\/wp\/v2\/media\/9883"}],"wp:attachment":[{"href":"https:\/\/miamedic.lt\/en\/wp-json\/wp\/v2\/media?parent=9881"}],"wp:term":[{"taxonomy":"product_cat","embeddable":true,"href":"https:\/\/miamedic.lt\/en\/wp-json\/wp\/v2\/product_cat?post=9881"},{"taxonomy":"product_tag","embeddable":true,"href":"https:\/\/miamedic.lt\/en\/wp-json\/wp\/v2\/product_tag?post=9881"}],"curies":[{"name":"wp","href":"https:\/\/api.w.org\/{rel}","templated":true}]}}