{"id":9878,"date":"2025-06-09T12:26:13","date_gmt":"2025-06-09T12:26:13","guid":{"rendered":"https:\/\/miamedic.lt\/?post_type=product&#038;p=9878"},"modified":"2025-12-01T00:29:15","modified_gmt":"2025-12-01T00:29:15","slug":"nu-cil-eyelash-enhancing-serum","status":"publish","type":"product","link":"https:\/\/miamedic.lt\/en\/shop\/nu-cil-eyelash-enhancing-serum\/","title":{"rendered":"Nu-Cil Eyelash Enhancing Serum"},"content":{"rendered":"<p data-start=\"0\" data-end=\"112\"><strong data-start=\"0\" data-end=\"40\">Obagi Nu\u2011Cil Eyelash Enhancing Serum<\/strong> \u2013 serumas blakstien\u0173 stiprinimui ir tankinimui<\/p>\n<p data-start=\"114\" data-end=\"190\"><span class=\"relative -mx-px my-[-0.2rem] rounded px-px py-[0.2rem] transition-colors duration-100 ease-in-out\">Serumas su <em data-start=\"11\" data-end=\"34\">NouriPlex\u00ae\u202fTechnology<\/em>\u00a0\u2013 klinikiniais tyrimais patvirtintu keturi\u0173 ingredient\u0173 mi\u0161iniu, skirtu skatinti blakstien\u0173 augimo faz\u0119 ir pagerinti j\u0173 t\u016br\u012f, stor\u012f bei tankum\u0105<\/span><\/p>\n<p data-start=\"192\" data-end=\"207\"><strong data-start=\"192\" data-end=\"205\">Poveikis:<\/strong><\/p>\n<ul data-start=\"208\" data-end=\"448\">\n<li data-start=\"208\" data-end=\"288\">\n<p data-start=\"210\" data-end=\"288\"><span class=\"relative -mx-px my-[-0.2rem] rounded px-px py-[0.2rem] transition-colors duration-100 ease-in-out\">Po 8 savai\u010di\u0173 \u2013 pastebimai sustor\u0117s blakstienos, pilni rezultatai ry\u0161k\u0117ja po 16 savai\u010di\u0173<\/span><\/p>\n<\/li>\n<li data-start=\"289\" data-end=\"369\">\n<p data-start=\"291\" data-end=\"369\"><span class=\"relative -mx-px my-[-0.2rem] rounded px-px py-[0.2rem] transition-colors duration-100 ease-in-out\">89\u202f% naudotoj\u0173 patyr\u0117 pager\u0117jim\u0105 blakstien\u0173 tankio ir storio at\u017evilgiu<\/span><\/p>\n<\/li>\n<li data-start=\"370\" data-end=\"448\">\n<p data-start=\"372\" data-end=\"448\"><span class=\"relative -mx-px my-[-0.2rem] rounded px-px py-[0.2rem] transition-colors duration-100 ease-in-out\">Sustiprina ir dr\u0117kina blakstien\u0173 plaukelius, ma\u017eina trapum\u0105<\/span><\/p>\n<\/li>\n<\/ul>\n<p data-start=\"450\" data-end=\"575\"><strong data-start=\"450\" data-end=\"472\">Tinka odos tipams:<\/strong> visiems \u2013 nuo \u012fprastos iki mi\u0161rios ir riebiems odai aplink akis<\/p>\n<p data-start=\"577\" data-end=\"673\"><strong data-start=\"577\" data-end=\"592\">Naudojimas:<\/strong><br data-start=\"592\" data-end=\"595\" \/><span class=\"relative -mx-px my-[-0.2rem] rounded px-px py-[0.2rem] transition-colors duration-100 ease-in-out\">Vakare ant \u0161variai nuvalytos vir\u0161utin\u0117s blakstien\u0173 linijos. Tepkite plon\u0105 sluoksn\u012f, palaukite ~90\u202fs, kol i\u0161d\u017eius \u2013 tik tada naudokite kit\u0105 priemon\u0119 zonai aplink akis<\/span> .<\/p>\n","protected":false},"excerpt":{"rendered":"<p>Serumas blakstien\u0173 stiprinimui ir tankinimui<\/p>","protected":false},"featured_media":9879,"comment_status":"open","ping_status":"closed","template":"","meta":[],"product_cat":[269],"product_tag":[],"class_list":{"0":"post-9878","1":"product","2":"type-product","3":"status-publish","4":"has-post-thumbnail","6":"product_cat-blakstienoms-ir-antakiams","7":"pa_brands-obagi-medical","8":"pa_talpa-3ml","10":"first","11":"instock","12":"taxable","13":"shipping-taxable","14":"purchasable","15":"product-type-simple"},"_links":{"self":[{"href":"https:\/\/miamedic.lt\/en\/wp-json\/wp\/v2\/product\/9878","targetHints":{"allow":["GET"]}}],"collection":[{"href":"https:\/\/miamedic.lt\/en\/wp-json\/wp\/v2\/product"}],"about":[{"href":"https:\/\/miamedic.lt\/en\/wp-json\/wp\/v2\/types\/product"}],"replies":[{"embeddable":true,"href":"https:\/\/miamedic.lt\/en\/wp-json\/wp\/v2\/comments?post=9878"}],"version-history":[{"count":2,"href":"https:\/\/miamedic.lt\/en\/wp-json\/wp\/v2\/product\/9878\/revisions"}],"predecessor-version":[{"id":12407,"href":"https:\/\/miamedic.lt\/en\/wp-json\/wp\/v2\/product\/9878\/revisions\/12407"}],"wp:featuredmedia":[{"embeddable":true,"href":"https:\/\/miamedic.lt\/en\/wp-json\/wp\/v2\/media\/9879"}],"wp:attachment":[{"href":"https:\/\/miamedic.lt\/en\/wp-json\/wp\/v2\/media?parent=9878"}],"wp:term":[{"taxonomy":"product_cat","embeddable":true,"href":"https:\/\/miamedic.lt\/en\/wp-json\/wp\/v2\/product_cat?post=9878"},{"taxonomy":"product_tag","embeddable":true,"href":"https:\/\/miamedic.lt\/en\/wp-json\/wp\/v2\/product_tag?post=9878"}],"curies":[{"name":"wp","href":"https:\/\/api.w.org\/{rel}","templated":true}]}}