{"id":9875,"date":"2025-06-09T12:21:33","date_gmt":"2025-06-09T12:21:33","guid":{"rendered":"https:\/\/miamedic.lt\/?post_type=product&#038;p=9875"},"modified":"2025-12-01T00:29:15","modified_gmt":"2025-12-01T00:29:15","slug":"defense-mineral-sunscreen-tinted-spf50","status":"publish","type":"product","link":"https:\/\/miamedic.lt\/en\/shop\/defense-mineral-sunscreen-tinted-spf50\/","title":{"rendered":"Defense Mineral Sunscreen Tinted SPF50"},"content":{"rendered":"<p data-start=\"0\" data-end=\"121\"><strong data-start=\"0\" data-end=\"66\">Obagi Physical Defense Mineral Sunscreen lightly tinted SPF\u202f50<\/strong> \u2013 mineralin\u0117 apsauga nuo saul\u0117s su \u0161velnia spalva<\/p>\n<p data-start=\"123\" data-end=\"199\"><span class=\"relative -mx-px my-[-0.2rem] rounded px-px py-[0.2rem] transition-colors duration-100 ease-in-out\">Lengvos, greitai susigerian\u010dios formul\u0117s kremas su SPF\u202f50, suderintas mineralini\u0173 UV filtr\u0173 (zinc oxide ir titanium dioxide) deriniu. Apsaugo nuo UVA\/UVB, IR, HEV ir matomosios \u0161viesos bei turi antioksidant\u0173, kurie padeda kovoti su laisvaisiais radikalais<\/span><\/p>\n<p data-start=\"201\" data-end=\"227\"><strong data-start=\"201\" data-end=\"227\">Poveikis &amp; privalumai:<\/strong><\/p>\n<ul data-start=\"228\" data-end=\"629\">\n<li data-start=\"228\" data-end=\"307\">\n<p data-start=\"230\" data-end=\"307\"><span class=\"relative -mx-px my-[-0.2rem] rounded px-px py-[0.2rem] transition-colors duration-100 ease-in-out\"><strong data-start=\"0\" data-end=\"27\" data-is-only-node=\"\">Plataus spekto apsauga:<\/strong> nuo UVA\/UVB, infraraudon\u0173j\u0173 ir HEV \u0161viesos<\/span><\/p>\n<\/li>\n<li data-start=\"308\" data-end=\"387\">\n<p data-start=\"310\" data-end=\"387\"><span class=\"relative -mx-px my-[-0.2rem] rounded px-px py-[0.2rem] transition-colors duration-100 ease-in-out\"><strong data-start=\"0\" data-end=\"20\" data-is-only-node=\"\">Lengvai tonuota:<\/strong> nespalvina odos, puikiai maskuoja ir tinka \u012fvairiems tonams<\/span><\/p>\n<\/li>\n<li data-start=\"388\" data-end=\"467\">\n<p data-start=\"390\" data-end=\"467\"><span class=\"relative -mx-px my-[-0.2rem] rounded px-px py-[0.2rem] transition-colors duration-100 ease-in-out\"><strong data-start=\"0\" data-end=\"25\" data-is-only-node=\"\">\u0160velni jautriai odai:<\/strong> hipoalergi\u0161ka, bekvap\u0117, nekomedogenin\u0117 formul\u0117 su alaviju ramina ir dr\u0117kina<\/span><\/p>\n<\/li>\n<li data-start=\"468\" data-end=\"547\">\n<p data-start=\"470\" data-end=\"547\"><span class=\"relative -mx-px my-[-0.2rem] rounded px-px py-[0.2rem] transition-colors duration-100 ease-in-out\"><strong data-start=\"0\" data-end=\"25\" data-is-only-node=\"\">Antioxidant\u0173 apsauga:<\/strong> prie\u0161 laisvuosius radikalus ir oksidacin\u012f stres\u0105<\/span><\/p>\n<\/li>\n<li data-start=\"548\" data-end=\"629\">\n<p data-start=\"550\" data-end=\"629\"><span class=\"relative -mx-px my-[-0.2rem] rounded px-px py-[0.2rem] transition-colors duration-100 ease-in-out\"><strong data-start=\"0\" data-end=\"14\" data-is-only-node=\"\">Reef-safe:<\/strong> nekenkia koralams<\/span><\/p>\n<\/li>\n<\/ul>\n<p data-start=\"631\" data-end=\"793\"><strong data-start=\"631\" data-end=\"653\">Tinka odos tipams:<\/strong> visiems, ypa\u010d jautriai, mi\u0161riai ir riebiai odai, taip pat naudojant po lazerini\u0173 ar odos proced\u016br\u0173 .<\/p>\n<p data-start=\"795\" data-end=\"893\"><strong data-start=\"795\" data-end=\"810\">Naudojimas:<\/strong><br data-start=\"810\" data-end=\"813\" \/><span class=\"relative -mx-px my-[-0.2rem] rounded px-px py-[0.2rem] transition-colors duration-100 ease-in-out\">Tepkite <strong data-start=\"8\" data-end=\"19\">gausiai<\/strong> 15 min prie\u0161 buvim\u0105 saul\u0117je, pakartotinai kas 2 val. arba po maudyni\u0173\/prakaitavimo<\/span> .<\/p>\n","protected":false},"excerpt":{"rendered":"<p>Mineralin\u0117 apsauga nuo saul\u0117s su \u0161velnia spalva<\/p>","protected":false},"featured_media":9876,"comment_status":"open","ping_status":"closed","template":"","meta":[],"product_cat":[153],"product_tag":[],"class_list":{"0":"post-9875","1":"product","2":"type-product","3":"status-publish","4":"has-post-thumbnail","6":"product_cat-spf-veido-prieziura","7":"pa_brands-obagi-medical","8":"pa_talpa-96g","10":"first","11":"instock","12":"taxable","13":"shipping-taxable","14":"purchasable","15":"product-type-simple"},"_links":{"self":[{"href":"https:\/\/miamedic.lt\/en\/wp-json\/wp\/v2\/product\/9875","targetHints":{"allow":["GET"]}}],"collection":[{"href":"https:\/\/miamedic.lt\/en\/wp-json\/wp\/v2\/product"}],"about":[{"href":"https:\/\/miamedic.lt\/en\/wp-json\/wp\/v2\/types\/product"}],"replies":[{"embeddable":true,"href":"https:\/\/miamedic.lt\/en\/wp-json\/wp\/v2\/comments?post=9875"}],"version-history":[{"count":2,"href":"https:\/\/miamedic.lt\/en\/wp-json\/wp\/v2\/product\/9875\/revisions"}],"predecessor-version":[{"id":12408,"href":"https:\/\/miamedic.lt\/en\/wp-json\/wp\/v2\/product\/9875\/revisions\/12408"}],"wp:featuredmedia":[{"embeddable":true,"href":"https:\/\/miamedic.lt\/en\/wp-json\/wp\/v2\/media\/9876"}],"wp:attachment":[{"href":"https:\/\/miamedic.lt\/en\/wp-json\/wp\/v2\/media?parent=9875"}],"wp:term":[{"taxonomy":"product_cat","embeddable":true,"href":"https:\/\/miamedic.lt\/en\/wp-json\/wp\/v2\/product_cat?post=9875"},{"taxonomy":"product_tag","embeddable":true,"href":"https:\/\/miamedic.lt\/en\/wp-json\/wp\/v2\/product_tag?post=9875"}],"curies":[{"name":"wp","href":"https:\/\/api.w.org\/{rel}","templated":true}]}}