{"id":9872,"date":"2025-06-09T12:17:30","date_gmt":"2025-06-09T12:17:30","guid":{"rendered":"https:\/\/miamedic.lt\/?post_type=product&#038;p=9872"},"modified":"2025-12-01T00:29:16","modified_gmt":"2025-12-01T00:29:16","slug":"cleansing-wipes-for-acne-prone-skin","status":"publish","type":"product","link":"https:\/\/miamedic.lt\/en\/shop\/cleansing-wipes-for-acne-prone-skin\/","title":{"rendered":"Cleansing Wipes for Acne Prone Skin"},"content":{"rendered":"<p data-start=\"0\" data-end=\"108\"><strong data-start=\"0\" data-end=\"63\">Obagi On the Go Cleansing Wipes for Oily or Acne\u2011Prone Skin<\/strong> \u2013 dr\u0117gnos servet\u0117l\u0117s su 2\u202f% salicilo r\u016bg\u0161timi<\/p>\n<p data-start=\"110\" data-end=\"186\"><span class=\"relative -mx-px my-[-0.2rem] rounded px-px py-[0.2rem] transition-colors duration-100 ease-in-out\">Mink\u0161tos, tekst\u016bruotos servet\u0117l\u0117s, skirtos greitai ir veiksmingai nuvalyti sebumo pertekli\u0173, makia\u017e\u0105 ir ne\u0161varumus, tinkamos naudoti keliaujant arba sportuojant. Formuluotos specifiai riebiai, linkusiai \u012f spuogus odai, nesukeliant tempimo poj\u016b\u010dio<\/span> .<\/p>\n<p data-start=\"188\" data-end=\"201\"><strong data-start=\"188\" data-end=\"201\">Poveikis:<\/strong><\/p>\n<ul data-start=\"202\" data-end=\"445\">\n<li data-start=\"202\" data-end=\"243\">\n<p data-start=\"204\" data-end=\"243\"><span class=\"relative -mx-px my-[-0.2rem] rounded px-px py-[0.2rem] transition-colors duration-100 ease-in-out\">Pa\u0161alina makia\u017e\u0105, pertekli\u0173 sebum\u0105 ir purv\u0105 vienu \u017eingsniu<\/span><\/p>\n<\/li>\n<li data-start=\"244\" data-end=\"323\">\n<p data-start=\"246\" data-end=\"323\"><span class=\"relative -mx-px my-[-0.2rem] rounded px-px py-[0.2rem] transition-colors duration-100 ease-in-out\">Sud\u0117tyje esanti 2\u202f% salicilo r\u016bg\u0161tis padeda gydyti ir u\u017ekirsti keli\u0105 spuogams<\/span><\/p>\n<\/li>\n<li data-start=\"324\" data-end=\"365\">\n<p data-start=\"326\" data-end=\"365\"><span class=\"relative -mx-px my-[-0.2rem] rounded px-px py-[0.2rem] transition-colors duration-100 ease-in-out\">Raminamasis alavijas ir hamamelis padeda nuraminti sudirgusi\u0105 od\u0105<\/span><\/p>\n<\/li>\n<li data-start=\"366\" data-end=\"445\">\n<p data-start=\"368\" data-end=\"445\"><span class=\"relative -mx-px my-[-0.2rem] rounded px-px py-[0.2rem] transition-colors duration-100 ease-in-out\">Hipoalergin\u0117, be parfumo ir paraben\u0173, dermatologi\u0161kai patikrinta<\/span><\/p>\n<\/li>\n<\/ul>\n<p data-start=\"447\" data-end=\"564\"><strong data-start=\"447\" data-end=\"469\">Tinka odos tipams:<\/strong> riebiai, mi\u0161riai, spuog\u0173 linkusiai ir net jautriai odai .<\/p>\n<p data-start=\"566\" data-end=\"662\"><strong data-start=\"566\" data-end=\"581\">Naudojimas:<\/strong><br data-start=\"581\" data-end=\"584\" \/><span class=\"relative -mx-px my-[-0.2rem] rounded px-px py-[0.2rem] transition-colors duration-100 ease-in-out\">Vien\u0105 servet\u0117l\u0119 nubraukite veido, aki\u0173 srities ir kaklo od\u0105. Naudokite 1\u20133 kartus per dien\u0105 pagal poreik\u012f arba kosmetologo rekomendacijas. Jei oda per daug i\u0161saus\u0117ja \u2013 suma\u017einkite naudojim\u0105<\/span><\/p>\n","protected":false},"excerpt":{"rendered":"<p>Dr\u0117gnos servet\u0117l\u0117s su 2\u202f% salicilo r\u016bg\u0161timi<\/p>","protected":false},"featured_media":9873,"comment_status":"open","ping_status":"closed","template":"","meta":[],"product_cat":[191],"product_tag":[],"class_list":{"0":"post-9872","1":"product","2":"type-product","3":"status-publish","4":"has-post-thumbnail","6":"product_cat-makiazo-valymas-veido-prieziura","7":"pa_brands-obagi-medical","8":"pa_talpa-25vnt","10":"first","11":"instock","12":"taxable","13":"shipping-taxable","14":"purchasable","15":"product-type-simple"},"_links":{"self":[{"href":"https:\/\/miamedic.lt\/en\/wp-json\/wp\/v2\/product\/9872","targetHints":{"allow":["GET"]}}],"collection":[{"href":"https:\/\/miamedic.lt\/en\/wp-json\/wp\/v2\/product"}],"about":[{"href":"https:\/\/miamedic.lt\/en\/wp-json\/wp\/v2\/types\/product"}],"replies":[{"embeddable":true,"href":"https:\/\/miamedic.lt\/en\/wp-json\/wp\/v2\/comments?post=9872"}],"version-history":[{"count":2,"href":"https:\/\/miamedic.lt\/en\/wp-json\/wp\/v2\/product\/9872\/revisions"}],"predecessor-version":[{"id":9882,"href":"https:\/\/miamedic.lt\/en\/wp-json\/wp\/v2\/product\/9872\/revisions\/9882"}],"wp:featuredmedia":[{"embeddable":true,"href":"https:\/\/miamedic.lt\/en\/wp-json\/wp\/v2\/media\/9873"}],"wp:attachment":[{"href":"https:\/\/miamedic.lt\/en\/wp-json\/wp\/v2\/media?parent=9872"}],"wp:term":[{"taxonomy":"product_cat","embeddable":true,"href":"https:\/\/miamedic.lt\/en\/wp-json\/wp\/v2\/product_cat?post=9872"},{"taxonomy":"product_tag","embeddable":true,"href":"https:\/\/miamedic.lt\/en\/wp-json\/wp\/v2\/product_tag?post=9872"}],"curies":[{"name":"wp","href":"https:\/\/api.w.org\/{rel}","templated":true}]}}