{"id":9869,"date":"2025-06-09T12:14:26","date_gmt":"2025-06-09T12:14:26","guid":{"rendered":"https:\/\/miamedic.lt\/?post_type=product&#038;p=9869"},"modified":"2025-12-01T00:29:16","modified_gmt":"2025-12-01T00:29:16","slug":"cleansing-and-makeup-removing-wipes","status":"publish","type":"product","link":"https:\/\/miamedic.lt\/en\/shop\/cleansing-and-makeup-removing-wipes\/","title":{"rendered":"Cleansing and Makeup Removing Wipes"},"content":{"rendered":"<p data-start=\"0\" data-end=\"118\"><strong data-start=\"0\" data-end=\"55\">Obagi On the Go Cleansing and Makeup Removing Wipes<\/strong> \u2013 patogios dr\u0117gnos servet\u0117l\u0117s paaki\u0173 zonai ir makia\u017eui \u0161alinti<\/p>\n<p data-start=\"120\" data-end=\"196\"><span class=\"relative -mx-px my-[-0.2rem] rounded px-px py-[0.2rem] transition-colors duration-100 ease-in-out\">Mink\u0161tos, tekst\u016bruotos, i\u0161 anksto sudr\u0117kintos servet\u0117l\u0117s greitam odos nuvalymui kelion\u0117je ar po treniruot\u0117s. Pa\u0161alina perteklin\u012f sebum\u0105, makia\u017e\u0105, ne\u0161varumus be odos i\u0161saus\u0117jimo<\/span> .<\/p>\n<p data-start=\"198\" data-end=\"211\"><strong data-start=\"198\" data-end=\"211\">Poveikis:<\/strong><\/p>\n<ul data-start=\"212\" data-end=\"413\">\n<li data-start=\"212\" data-end=\"253\">\n<p data-start=\"214\" data-end=\"253\"><span class=\"relative -mx-px my-[-0.2rem] rounded px-px py-[0.2rem] transition-colors duration-100 ease-in-out\">Greitai nuvalo makia\u017e\u0105, riebal\u0173 pertekli\u0173 ir aplinkos ne\u0161varumus<\/span><\/p>\n<\/li>\n<li data-start=\"254\" data-end=\"333\">\n<p data-start=\"256\" data-end=\"333\"><span class=\"relative -mx-px my-[-0.2rem] rounded px-px py-[0.2rem] transition-colors duration-100 ease-in-out\">Odos nepalieka tempimo poj\u016b\u010dio, dr\u0117kina ir mink\u0161tina<\/span><\/p>\n<\/li>\n<li data-start=\"334\" data-end=\"413\">\n<p data-start=\"336\" data-end=\"413\"><span class=\"relative -mx-px my-[-0.2rem] rounded px-px py-[0.2rem] transition-colors duration-100 ease-in-out\">Formul\u0117 hipoalergin\u0117, dermatologi\u0161kai patikrinta, be konservant\u0173, kvap\u0173 ir paraben\u0173<\/span> <span class=\"\" data-state=\"closed\"><span class=\"ms-1 inline-flex max-w-full items-center relative top-[-0.094rem] animate-[show_150ms_ease-in]\"><a class=\"flex h-4.5 overflow-hidden rounded-xl px-2 text-[0.5625em] font-medium text-token-text-secondary! bg-[#F4F4F4]! dark:bg-[#303030]! transition-colors duration-150 ease-in-out\" href=\"https:\/\/shop.unionderm.com\/products\/obagi-cleansing-wipes?utm_source=chatgpt.com\" target=\"_blank\" rel=\"noopener\"><span class=\"relative start-0 bottom-0 flex h-full w-full items-center\"><span class=\"flex h-4 w-full items-center justify-between absolute\"><span class=\"max-w-full grow truncate overflow-hidden text-center\">instyle.com<\/span><span class=\"-me-1 flex h-full items-center rounded-full px-1 text-[#8F8F8F]\">+9<\/span><\/span><span class=\"flex h-4 w-full items-center justify-between\"><span class=\"max-w-full grow truncate overflow-hidden text-center\">shop.unionderm.com<\/span><span class=\"-me-1 flex h-full items-center rounded-full px-1 text-[#8F8F8F]\">+9<\/span><\/span><span class=\"flex h-4 w-full items-center justify-between absolute\"><span class=\"max-w-full grow truncate overflow-hidden text-center\">walmart.com<\/span><span class=\"-me-1 flex h-full items-center rounded-full px-1 text-[#8F8F8F]\">+9<\/span><\/span><\/span><\/a><\/span><\/span><\/p>\n<\/li>\n<\/ul>\n<p data-start=\"415\" data-end=\"518\"><strong data-start=\"415\" data-end=\"437\">Tinka odos tipams:<\/strong> Normaliai\u2013riebiai, mi\u0161riai, jautriai odai .<\/p>\n<p data-start=\"520\" data-end=\"614\"><strong data-start=\"520\" data-end=\"535\">Naudojimas:<\/strong><br data-start=\"535\" data-end=\"538\" \/><span class=\"relative -mx-px my-[-0.2rem] rounded px-px py-[0.2rem] transition-colors duration-100 ease-in-out\">\u0160velniai nubraukite servet\u0117l\u0117mis veido, aplink aki\u0173 ir kaklo od\u0105. Nereikia plauti vandeniu. Vienkartin\u0117 \u2014 po naudojimo i\u0161mesti<\/span> .<\/p>\n","protected":false},"excerpt":{"rendered":"<p>Patogios dr\u0117gnos servet\u0117l\u0117s paaki\u0173 zonai ir makia\u017eui \u0161alinti<\/p>","protected":false},"featured_media":9870,"comment_status":"open","ping_status":"closed","template":"","meta":[],"product_cat":[191],"product_tag":[],"class_list":{"0":"post-9869","1":"product","2":"type-product","3":"status-publish","4":"has-post-thumbnail","6":"product_cat-makiazo-valymas-veido-prieziura","7":"pa_brands-obagi-medical","8":"pa_talpa-25vnt","10":"first","11":"instock","12":"taxable","13":"shipping-taxable","14":"purchasable","15":"product-type-simple"},"_links":{"self":[{"href":"https:\/\/miamedic.lt\/en\/wp-json\/wp\/v2\/product\/9869","targetHints":{"allow":["GET"]}}],"collection":[{"href":"https:\/\/miamedic.lt\/en\/wp-json\/wp\/v2\/product"}],"about":[{"href":"https:\/\/miamedic.lt\/en\/wp-json\/wp\/v2\/types\/product"}],"replies":[{"embeddable":true,"href":"https:\/\/miamedic.lt\/en\/wp-json\/wp\/v2\/comments?post=9869"}],"version-history":[{"count":2,"href":"https:\/\/miamedic.lt\/en\/wp-json\/wp\/v2\/product\/9869\/revisions"}],"predecessor-version":[{"id":12409,"href":"https:\/\/miamedic.lt\/en\/wp-json\/wp\/v2\/product\/9869\/revisions\/12409"}],"wp:featuredmedia":[{"embeddable":true,"href":"https:\/\/miamedic.lt\/en\/wp-json\/wp\/v2\/media\/9870"}],"wp:attachment":[{"href":"https:\/\/miamedic.lt\/en\/wp-json\/wp\/v2\/media?parent=9869"}],"wp:term":[{"taxonomy":"product_cat","embeddable":true,"href":"https:\/\/miamedic.lt\/en\/wp-json\/wp\/v2\/product_cat?post=9869"},{"taxonomy":"product_tag","embeddable":true,"href":"https:\/\/miamedic.lt\/en\/wp-json\/wp\/v2\/product_tag?post=9869"}],"curies":[{"name":"wp","href":"https:\/\/api.w.org\/{rel}","templated":true}]}}