{"id":9864,"date":"2025-06-09T12:06:39","date_gmt":"2025-06-09T12:06:39","guid":{"rendered":"https:\/\/miamedic.lt\/?post_type=product&#038;p=9864"},"modified":"2025-12-01T00:29:16","modified_gmt":"2025-12-01T00:29:16","slug":"9864","status":"publish","type":"product","link":"https:\/\/miamedic.lt\/en\/shop\/9864\/","title":{"rendered":"Obagi Balancing Toner"},"content":{"rendered":"<p data-start=\"0\" data-end=\"99\"><strong data-start=\"0\" data-end=\"27\">Obagi Balancing Toner<\/strong> \u2013 dr\u0117kinamasis ir raminamasis tonikas jautriai, mi\u0161riai ir riebiai odai<\/p>\n<p data-start=\"101\" data-end=\"177\"><span class=\"relative -mx-px my-[-0.2rem] rounded px-px py-[0.2rem] transition-colors duration-100 ease-in-out\">Alkoholi\u0173 neturinti formul\u0117 ne tik \u0161velniai valo riebal\u0173 pertekli\u0173, bet ir subalansuoja odos pH, pad\u0117dama i\u0161laikyti odos komfort\u0105 bei paruo\u0161ti j\u0105 tolimesn\u0117ms prie\u017ei\u016bros priemon\u0117ms<\/span> .<\/p>\n<p data-start=\"179\" data-end=\"192\"><strong data-start=\"179\" data-end=\"192\">Poveikis:<\/strong><\/p>\n<ul data-start=\"193\" data-end=\"396\">\n<li data-start=\"193\" data-end=\"234\">\n<p data-start=\"195\" data-end=\"234\"><span class=\"relative -mx-px my-[-0.2rem] rounded px-px py-[0.2rem] transition-colors duration-100 ease-in-out\">\u0160velniai \u0161alina perteklin\u012f sebum\u0105 ir priemai\u0161as<\/span><\/p>\n<\/li>\n<li data-start=\"235\" data-end=\"276\">\n<p data-start=\"237\" data-end=\"276\"><span class=\"relative -mx-px my-[-0.2rem] rounded px-px py-[0.2rem] transition-colors duration-100 ease-in-out\">Normalizuoja odos pH, suteikia \u0161vie\u017eio gaivumo poj\u016bt\u012f<\/span><\/p>\n<\/li>\n<li data-start=\"277\" data-end=\"318\">\n<p data-start=\"279\" data-end=\"318\"><span class=\"relative -mx-px my-[-0.2rem] rounded px-px py-[0.2rem] transition-colors duration-100 ease-in-out\">Ramina od\u0105 ir ma\u017eina sudirgim\u0105 nuo aplinkos ar aktyvi\u0173 priemoni\u0173<\/span><\/p>\n<\/li>\n<li data-start=\"319\" data-end=\"396\">\n<p data-start=\"321\" data-end=\"396\"><span class=\"relative -mx-px my-[-0.2rem] rounded px-px py-[0.2rem] transition-colors duration-100 ease-in-out\">Pagalbin\u0117 priemon\u0117 ma\u017einant por\u0173 matomum\u0105<\/span><\/p>\n<\/li>\n<\/ul>\n<p data-start=\"398\" data-end=\"536\"><strong data-start=\"398\" data-end=\"420\">Tinka odos tipams:<\/strong> Normaliai, mi\u0161riai ir riebiai odai, taip pat jautriai, linkusiai \u012f paraudim\u0105 .<\/p>\n<p data-start=\"538\" data-end=\"632\"><strong data-start=\"538\" data-end=\"553\">Naudojimas:<\/strong><br data-start=\"553\" data-end=\"556\" \/><span class=\"relative -mx-px my-[-0.2rem] rounded px-px py-[0.2rem] transition-colors duration-100 ease-in-out\">Ryte ir vakare, po prausiklio. U\u017etepkite 3\u20134 paspaudimus ant vatos diskelio ir \u0161velniai nuvalykite veid\u0105 bei kakl\u0105, vengdami aki\u0173 srities. Leiskite i\u0161d\u017ei\u016bti \u2014 nenuplaukite<\/span> .<\/p>\n","protected":false},"excerpt":{"rendered":"<p>Dr\u0117kinamasis ir raminamasis tonikas jautriai, mi\u0161riai ir riebiai odai<\/p>","protected":false},"featured_media":9865,"comment_status":"open","ping_status":"closed","template":"","meta":[],"product_cat":[105],"product_tag":[],"class_list":{"0":"post-9864","1":"product","2":"type-product","3":"status-publish","4":"has-post-thumbnail","6":"product_cat-tonikai","7":"pa_brands-obagi-medical","8":"pa_talpa-200ml","10":"first","11":"instock","12":"taxable","13":"shipping-taxable","14":"purchasable","15":"product-type-simple"},"_links":{"self":[{"href":"https:\/\/miamedic.lt\/en\/wp-json\/wp\/v2\/product\/9864","targetHints":{"allow":["GET"]}}],"collection":[{"href":"https:\/\/miamedic.lt\/en\/wp-json\/wp\/v2\/product"}],"about":[{"href":"https:\/\/miamedic.lt\/en\/wp-json\/wp\/v2\/types\/product"}],"replies":[{"embeddable":true,"href":"https:\/\/miamedic.lt\/en\/wp-json\/wp\/v2\/comments?post=9864"}],"version-history":[{"count":4,"href":"https:\/\/miamedic.lt\/en\/wp-json\/wp\/v2\/product\/9864\/revisions"}],"predecessor-version":[{"id":12410,"href":"https:\/\/miamedic.lt\/en\/wp-json\/wp\/v2\/product\/9864\/revisions\/12410"}],"wp:featuredmedia":[{"embeddable":true,"href":"https:\/\/miamedic.lt\/en\/wp-json\/wp\/v2\/media\/9865"}],"wp:attachment":[{"href":"https:\/\/miamedic.lt\/en\/wp-json\/wp\/v2\/media?parent=9864"}],"wp:term":[{"taxonomy":"product_cat","embeddable":true,"href":"https:\/\/miamedic.lt\/en\/wp-json\/wp\/v2\/product_cat?post=9864"},{"taxonomy":"product_tag","embeddable":true,"href":"https:\/\/miamedic.lt\/en\/wp-json\/wp\/v2\/product_tag?post=9864"}],"curies":[{"name":"wp","href":"https:\/\/api.w.org\/{rel}","templated":true}]}}