{"id":9860,"date":"2025-06-09T11:56:32","date_gmt":"2025-06-09T11:56:32","guid":{"rendered":"https:\/\/miamedic.lt\/?post_type=product&#038;p=9860"},"modified":"2025-12-01T00:29:17","modified_gmt":"2025-12-01T00:29:17","slug":"intensive-daily-repair-lotion","status":"publish","type":"product","link":"https:\/\/miamedic.lt\/en\/shop\/intensive-daily-repair-lotion\/","title":{"rendered":"Intensive Daily Repair Lotion"},"content":{"rendered":"<p data-start=\"0\" data-end=\"128\"><strong data-start=\"0\" data-end=\"65\">Obagi Intensive Daily Repair Exfoliating and Hydrating Lotion<\/strong> \u2013 dr\u0117kinamasis ir \u0161velniai eksfolijuojantis kasdienis losjonas<\/p>\n<p data-start=\"130\" data-end=\"206\"><span class=\"relative -mx-px my-[-0.2rem] rounded px-px py-[0.2rem] transition-colors duration-100 ease-in-out\">Lengvos konsistencijos losjonas su polihidroksi r\u016bg\u0161timis (PHA), stipriais antioksidantais ir peptidais, skirtas pagerinti odos tekst\u016br\u0105, suma\u017einti por\u0173 matomum\u0105 ir \u0161viesinti odos atspalv\u012f. Dermatologi\u0161kai patikrinta, hipoalergi\u0161ka formul\u0117, be paraben\u0173 ir parfum\u0173, tinka net jautriai odai<\/span> .<\/p>\n<p data-start=\"208\" data-end=\"221\"><strong data-start=\"208\" data-end=\"221\">Poveikis:<\/strong><\/p>\n<ul data-start=\"222\" data-end=\"461\">\n<li data-start=\"222\" data-end=\"301\">\n<p data-start=\"224\" data-end=\"301\"><span class=\"relative -mx-px my-[-0.2rem] rounded px-px py-[0.2rem] transition-colors duration-100 ease-in-out\">\u0160velniai eksfoliuoja ir skatina l\u0105steli\u0173 atsinaujinim\u0105, gerina odos \u0161vyt\u0117jim\u0105<\/span><\/p>\n<\/li>\n<li data-start=\"302\" data-end=\"381\">\n<p data-start=\"304\" data-end=\"381\"><span class=\"relative -mx-px my-[-0.2rem] rounded px-px py-[0.2rem] transition-colors duration-100 ease-in-out\">Dr\u0117kina ir mink\u0161tina od\u0105, stiprina barjerin\u0119 funkcij\u0105<\/span><\/p>\n<\/li>\n<li data-start=\"382\" data-end=\"461\">\n<p data-start=\"384\" data-end=\"461\"><span class=\"relative -mx-px my-[-0.2rem] rounded px-px py-[0.2rem] transition-colors duration-100 ease-in-out\">Ma\u017eina por\u0173 matomum\u0105 ir kova su pirmosiomis sen\u0117jimo \u017eym\u0117mis<\/span><\/p>\n<\/li>\n<\/ul>\n<p data-start=\"463\" data-end=\"595\"><strong data-start=\"463\" data-end=\"485\">Tinka odos tipams:<\/strong> Normaliai, mi\u0161riai, riebiai, dehidratuotai, brand\u017eiai ir jautriai odai .<\/p>\n<p data-start=\"597\" data-end=\"692\"><strong data-start=\"597\" data-end=\"612\">Naudojimas:<\/strong><br data-start=\"612\" data-end=\"615\" \/><span class=\"relative -mx-px my-[-0.2rem] rounded px-px py-[0.2rem] transition-colors duration-100 ease-in-out\">Ryte kasdien tepti ant \u0161varios veido ir kaklo odos \u2013 naudoti 2\u20133 pompas, \u0161velniai \u012fmasa\u017euoti. Po to \u2013 SPF apsauga.<\/span><\/p>\n","protected":false},"excerpt":{"rendered":"<p>Dr\u0117kinamasis ir \u0161velniai eksfolijuojantis kasdienis losjonas<\/p>","protected":false},"featured_media":9861,"comment_status":"open","ping_status":"closed","template":"","meta":[],"product_cat":[129],"product_tag":[],"class_list":{"0":"post-9860","1":"product","2":"type-product","3":"status-publish","4":"has-post-thumbnail","6":"product_cat-veido-kremai","7":"pa_brands-obagi-medical","8":"pa_talpa-60g","10":"first","11":"instock","12":"taxable","13":"shipping-taxable","14":"purchasable","15":"product-type-simple"},"_links":{"self":[{"href":"https:\/\/miamedic.lt\/en\/wp-json\/wp\/v2\/product\/9860","targetHints":{"allow":["GET"]}}],"collection":[{"href":"https:\/\/miamedic.lt\/en\/wp-json\/wp\/v2\/product"}],"about":[{"href":"https:\/\/miamedic.lt\/en\/wp-json\/wp\/v2\/types\/product"}],"replies":[{"embeddable":true,"href":"https:\/\/miamedic.lt\/en\/wp-json\/wp\/v2\/comments?post=9860"}],"version-history":[{"count":3,"href":"https:\/\/miamedic.lt\/en\/wp-json\/wp\/v2\/product\/9860\/revisions"}],"predecessor-version":[{"id":12411,"href":"https:\/\/miamedic.lt\/en\/wp-json\/wp\/v2\/product\/9860\/revisions\/12411"}],"wp:featuredmedia":[{"embeddable":true,"href":"https:\/\/miamedic.lt\/en\/wp-json\/wp\/v2\/media\/9861"}],"wp:attachment":[{"href":"https:\/\/miamedic.lt\/en\/wp-json\/wp\/v2\/media?parent=9860"}],"wp:term":[{"taxonomy":"product_cat","embeddable":true,"href":"https:\/\/miamedic.lt\/en\/wp-json\/wp\/v2\/product_cat?post=9860"},{"taxonomy":"product_tag","embeddable":true,"href":"https:\/\/miamedic.lt\/en\/wp-json\/wp\/v2\/product_tag?post=9860"}],"curies":[{"name":"wp","href":"https:\/\/api.w.org\/{rel}","templated":true}]}}