{"id":9857,"date":"2025-06-09T11:47:09","date_gmt":"2025-06-09T11:47:09","guid":{"rendered":"https:\/\/miamedic.lt\/?post_type=product&#038;p=9857"},"modified":"2025-12-01T00:29:17","modified_gmt":"2025-12-01T00:29:17","slug":"skin-rejuvenating-complex","status":"publish","type":"product","link":"https:\/\/miamedic.lt\/en\/shop\/skin-rejuvenating-complex\/","title":{"rendered":"Skin Rejuvenating Complex"},"content":{"rendered":"<p data-start=\"0\" data-end=\"103\"><strong data-start=\"0\" data-end=\"45\">Obagi Retivance Skin Rejuvenating Complex<\/strong> \u2013 pa\u017eangus odos atsinaujinimo kompleksas su retinaldehidu<\/p>\n<p data-start=\"105\" data-end=\"258\"><span class=\"relative -mx-px my-[-0.2rem] rounded px-px py-[0.2rem] transition-colors duration-100 ease-in-out\">Auk\u0161tos kokyb\u0117s, lengvos tekst\u016bros veido serumas, kuriame derinama retinaldehido, peptid\u0173 ir antioksidant\u0173 formul\u0117, skirta pagerinti odos tekst\u016br\u0105, i\u0161lyginti ton\u0105 bei suma\u017einti smulki\u0173 rauk\u0161li\u0173 ir pigmentacijos po\u017eymius. <\/span><span class=\"relative -mx-px my-[-0.2rem] rounded px-px py-[0.2rem] transition-colors duration-100 ease-in-out\">Tinka net jautriai odai \u2013 dermatologi\u0161kai patikrinta ir hipoalergi\u0161ka, be paraben\u0173, sintetini\u0173 kvapikli\u0173 ar da\u017eikli\u0173<\/span>.<\/p>\n<p data-start=\"260\" data-end=\"273\"><strong data-start=\"260\" data-end=\"273\">Poveikis:<\/strong><\/p>\n<ul data-start=\"274\" data-end=\"473\">\n<li data-start=\"274\" data-end=\"353\">\n<p data-start=\"276\" data-end=\"353\"><span class=\"relative -mx-px my-[-0.2rem] rounded px-px py-[0.2rem] transition-colors duration-100 ease-in-out\">Aktyviai gerina odos stangrum\u0105, lygum\u0105 ir elastingum\u0105<\/span><\/p>\n<\/li>\n<li data-start=\"354\" data-end=\"395\">\n<p data-start=\"356\" data-end=\"395\"><span class=\"relative -mx-px my-[-0.2rem] rounded px-px py-[0.2rem] transition-colors duration-100 ease-in-out\">Ma\u017eina smulki\u0173 rauk\u0161li\u0173, pigmentini\u0173 d\u0117mi\u0173 ir nelyg\u0173 odos ton\u0105<\/span><\/p>\n<\/li>\n<li data-start=\"396\" data-end=\"473\">\n<p data-start=\"398\" data-end=\"473\"><span class=\"relative -mx-px my-[-0.2rem] rounded px-px py-[0.2rem] transition-colors duration-100 ease-in-out\">Ramina ir ma\u017eina paraudim\u0105, padeda gaivinti jautri\u0105 ir sudirgusi\u0105 od\u0105<\/span><\/p>\n<\/li>\n<\/ul>\n<p data-start=\"475\" data-end=\"614\"><strong data-start=\"475\" data-end=\"497\">Tinka odos tipams:<\/strong> Normaliai, mi\u0161riai, riebiai, sausai ir jautriai odai \u2013 universalus sprendimas .<\/p>\n<p data-start=\"616\" data-end=\"795\"><strong data-start=\"616\" data-end=\"631\">Naudojimas:<\/strong><br data-start=\"631\" data-end=\"634\" \/><span class=\"relative -mx-px my-[-0.2rem] rounded px-px py-[0.2rem] transition-colors duration-100 ease-in-out\">Vakare, nuvalius ir tonizavus od\u0105, tepkite 2\u20133 pumpuotus serumo paspaudimus ant veido ir kaklo, \u0161velniai paskirstykite \u0161viesiais judesiais<\/span> . <span class=\"relative -mx-px my-[-0.2rem] rounded px-px py-[0.2rem] transition-colors duration-100 ease-in-out\">Po naudojimo rekomenduojama ryte naudoti SPF 30 ar stipresn\u0119 apsaug\u0105<\/span> .<\/p>\n","protected":false},"excerpt":{"rendered":"<p>Pa\u017eangus odos atsinaujinimo kompleksas su retinaldehidu<\/p>","protected":false},"featured_media":9858,"comment_status":"open","ping_status":"closed","template":"","meta":[],"product_cat":[107],"product_tag":[],"class_list":{"0":"post-9857","1":"product","2":"type-product","3":"status-publish","4":"has-post-thumbnail","6":"product_cat-serumai","7":"pa_brands-obagi-medical","8":"pa_talpa-30g","10":"first","11":"instock","12":"taxable","13":"shipping-taxable","14":"purchasable","15":"product-type-simple"},"_links":{"self":[{"href":"https:\/\/miamedic.lt\/en\/wp-json\/wp\/v2\/product\/9857","targetHints":{"allow":["GET"]}}],"collection":[{"href":"https:\/\/miamedic.lt\/en\/wp-json\/wp\/v2\/product"}],"about":[{"href":"https:\/\/miamedic.lt\/en\/wp-json\/wp\/v2\/types\/product"}],"replies":[{"embeddable":true,"href":"https:\/\/miamedic.lt\/en\/wp-json\/wp\/v2\/comments?post=9857"}],"version-history":[{"count":2,"href":"https:\/\/miamedic.lt\/en\/wp-json\/wp\/v2\/product\/9857\/revisions"}],"predecessor-version":[{"id":12412,"href":"https:\/\/miamedic.lt\/en\/wp-json\/wp\/v2\/product\/9857\/revisions\/12412"}],"wp:featuredmedia":[{"embeddable":true,"href":"https:\/\/miamedic.lt\/en\/wp-json\/wp\/v2\/media\/9858"}],"wp:attachment":[{"href":"https:\/\/miamedic.lt\/en\/wp-json\/wp\/v2\/media?parent=9857"}],"wp:term":[{"taxonomy":"product_cat","embeddable":true,"href":"https:\/\/miamedic.lt\/en\/wp-json\/wp\/v2\/product_cat?post=9857"},{"taxonomy":"product_tag","embeddable":true,"href":"https:\/\/miamedic.lt\/en\/wp-json\/wp\/v2\/product_tag?post=9857"}],"curies":[{"name":"wp","href":"https:\/\/api.w.org\/{rel}","templated":true}]}}