{"id":9851,"date":"2025-06-09T11:41:18","date_gmt":"2025-06-09T11:41:18","guid":{"rendered":"https:\/\/miamedic.lt\/?post_type=product&#038;p=9851"},"modified":"2025-12-01T00:30:16","modified_gmt":"2025-12-01T00:30:16","slug":"sun-shield-matte-spf-50","status":"publish","type":"product","link":"https:\/\/miamedic.lt\/en\/shop\/sun-shield-matte-spf-50\/","title":{"rendered":"Sun Shield Matte SPF 50"},"content":{"rendered":"<p data-start=\"0\" data-end=\"106\"><strong data-start=\"0\" data-end=\"48\">Obagi Sun Shield Matte Broad Spectrum SPF\u202f50<\/strong> \u2013 matin\u012f efekt\u0105 suteikiantis apsauginis kremas nuo saul\u0117s<\/p>\n<p data-start=\"108\" data-end=\"184\"><span class=\"relative -mx-px my-[-0.2rem] rounded px-px py-[0.2rem] transition-colors duration-100 ease-in-out\">Dermatolog\u0173 patvirtinta, nekomedogenin\u0117 formul\u0117 suteikia pla\u010diajuos\u010di\u0105 apsaug\u0105 nuo UVA\/UVB spinduli\u0173, o eleganti\u0161kai mati\u0161ka apdaila tinka vis\u0173 tip\u0173 odai, ypa\u010d riebiai bei mi\u0161riai<\/span> .<\/p>\n<p data-start=\"186\" data-end=\"199\"><strong data-start=\"186\" data-end=\"199\">Poveikis:<\/strong><\/p>\n<ul data-start=\"200\" data-end=\"325\">\n<li data-start=\"200\" data-end=\"241\">\n<p data-start=\"202\" data-end=\"241\"><span class=\"relative -mx-px my-[-0.2rem] rounded px-px py-[0.2rem] transition-colors duration-100 ease-in-out\">Visapusi\u0161ka SPF\u202f50 apsauga<\/span><\/p>\n<\/li>\n<li data-start=\"242\" data-end=\"283\">\n<p data-start=\"244\" data-end=\"283\"><span class=\"relative -mx-px my-[-0.2rem] rounded px-px py-[0.2rem] transition-colors duration-100 ease-in-out\">Matinis efektas, ma\u017eina odos blizges\u012f<\/span><\/p>\n<\/li>\n<li data-start=\"284\" data-end=\"325\">\n<p data-start=\"286\" data-end=\"325\"><span class=\"relative -mx-px my-[-0.2rem] rounded px-px py-[0.2rem] transition-colors duration-100 ease-in-out\">Nekem\u0161a por\u0173, komforti\u0161ka naudoti makia\u017eo baz\u0117je<\/span><\/p>\n<\/li>\n<\/ul>\n<p data-start=\"327\" data-end=\"444\"><strong data-start=\"327\" data-end=\"349\">Tinka odos tipams:<\/strong> Normali\u2013riebiai, mi\u0161riai, normali\u2013sausai, jautriai odai<\/p>\n<p data-start=\"446\" data-end=\"540\"><strong data-start=\"446\" data-end=\"461\">Naudojimas:<\/strong><br data-start=\"461\" data-end=\"464\" \/><span class=\"relative -mx-px my-[-0.2rem] rounded px-px py-[0.2rem] transition-colors duration-100 ease-in-out\">U\u017etepkite 15 minu\u010di\u0173 prie\u0161 saul\u0117lyd\u017eio poveik\u012f. Kartokite kas 2 valandas arba po maudyni\u0173 ar didelio prakaitavimo, ypa\u010d per fizin\u012f aktyvum\u0105<\/span> .<\/p>\n","protected":false},"excerpt":{"rendered":"<p>Matin\u012f efekt\u0105 suteikiantis apsauginis kremas nuo saul\u0117s<\/p>","protected":false},"featured_media":9852,"comment_status":"open","ping_status":"closed","template":"","meta":[],"product_cat":[153],"product_tag":[],"class_list":{"0":"post-9851","1":"product","2":"type-product","3":"status-publish","4":"has-post-thumbnail","6":"product_cat-spf-veido-prieziura","7":"pa_brands-obagi-medical","8":"pa_talpa-28g","9":"pa_talpa-85g","11":"first","12":"instock","13":"taxable","14":"shipping-taxable","15":"purchasable","16":"product-type-variable"},"_links":{"self":[{"href":"https:\/\/miamedic.lt\/en\/wp-json\/wp\/v2\/product\/9851","targetHints":{"allow":["GET"]}}],"collection":[{"href":"https:\/\/miamedic.lt\/en\/wp-json\/wp\/v2\/product"}],"about":[{"href":"https:\/\/miamedic.lt\/en\/wp-json\/wp\/v2\/types\/product"}],"replies":[{"embeddable":true,"href":"https:\/\/miamedic.lt\/en\/wp-json\/wp\/v2\/comments?post=9851"}],"version-history":[{"count":4,"href":"https:\/\/miamedic.lt\/en\/wp-json\/wp\/v2\/product\/9851\/revisions"}],"predecessor-version":[{"id":12414,"href":"https:\/\/miamedic.lt\/en\/wp-json\/wp\/v2\/product\/9851\/revisions\/12414"}],"wp:featuredmedia":[{"embeddable":true,"href":"https:\/\/miamedic.lt\/en\/wp-json\/wp\/v2\/media\/9852"}],"wp:attachment":[{"href":"https:\/\/miamedic.lt\/en\/wp-json\/wp\/v2\/media?parent=9851"}],"wp:term":[{"taxonomy":"product_cat","embeddable":true,"href":"https:\/\/miamedic.lt\/en\/wp-json\/wp\/v2\/product_cat?post=9851"},{"taxonomy":"product_tag","embeddable":true,"href":"https:\/\/miamedic.lt\/en\/wp-json\/wp\/v2\/product_tag?post=9851"}],"curies":[{"name":"wp","href":"https:\/\/api.w.org\/{rel}","templated":true}]}}