{"id":9844,"date":"2025-06-09T11:37:41","date_gmt":"2025-06-09T11:37:41","guid":{"rendered":"https:\/\/miamedic.lt\/?post_type=product&#038;p=9844"},"modified":"2025-12-01T00:30:16","modified_gmt":"2025-12-01T00:30:16","slug":"sun-shield-tint","status":"publish","type":"product","link":"https:\/\/miamedic.lt\/en\/shop\/sun-shield-tint\/","title":{"rendered":"Sun Shield Tint"},"content":{"rendered":"<p data-start=\"0\" data-end=\"105\"><strong data-start=\"0\" data-end=\"37\">Obagi Sun Shield Tint SPF 50<\/strong> \u2013 apsauginis kremas nuo saul\u0117s su spalva<\/p>\n<p data-start=\"107\" data-end=\"412\">Mineralinio ir cheminio filtro deriniu pagr\u012fstas apsauginis kremas nuo saul\u0117s su SPF 50, skirtas \u012fvairaus tono odai. Padeda apsaugoti nuo UVA\/UVB spinduli\u0173, infraraudon\u0173j\u0173 spinduli\u0173 (IR) ir oksidacinio streso, sukeliamo kar\u0161\u010dio. Lengva, bekvap\u0117 formul\u0117 neapsunkina odos ir suteikia tolygesn\u012f ton\u0105.<\/p>\n<p data-start=\"414\" data-end=\"427\"><strong data-start=\"414\" data-end=\"427\">Effect:<\/strong><\/p>\n<ul data-start=\"428\" data-end=\"635\">\n<li data-start=\"428\" data-end=\"479\">\n<p data-start=\"430\" data-end=\"479\">Plataus spektro apsauga nuo saul\u0117s (UVA\/UVB\/IR)<\/p>\n<\/li>\n<li data-start=\"480\" data-end=\"540\">\n<p data-start=\"482\" data-end=\"540\">Tonuota formul\u0117 \u012fvairiam odos atspalviui<\/p>\n<\/li>\n<li data-start=\"541\" data-end=\"578\">\n<p data-start=\"543\" data-end=\"578\">Nekem\u0161a por\u0173, tinka jautriai odai<\/p>\n<\/li>\n<li data-start=\"579\" data-end=\"635\">\n<p data-start=\"581\" data-end=\"635\">Lengvai pasiskirsto, suteikia nat\u016bralaus tono efekt\u0105<\/p>\n<\/li>\n<\/ul>\n<p data-start=\"637\" data-end=\"851\"><strong data-start=\"637\" data-end=\"652\">Usage:<\/strong><br data-start=\"652\" data-end=\"655\" \/>Tepkite 15 minu\u010di\u0173 prie\u0161 buvim\u0105 saul\u0117je. Pakartokite kas 2 valandas, po maudyni\u0173 ar gausaus prakaitavimo. Tinka naudoti vietoje makia\u017eo baz\u0117s arba kaip paskutin\u012f \u017eingsn\u012f rytin\u0117je odos prie\u017ei\u016broje.<\/p>","protected":false},"excerpt":{"rendered":"<p>Apsauginis kremas nuo saul\u0117s su spalva<\/p>","protected":false},"featured_media":9847,"comment_status":"open","ping_status":"closed","template":"","meta":[],"product_cat":[153],"product_tag":[],"class_list":{"0":"post-9844","1":"product","2":"type-product","3":"status-publish","4":"has-post-thumbnail","6":"product_cat-spf-veido-prieziura","7":"pa_brands-obagi-medical","8":"pa_talpa-85g","10":"first","11":"instock","12":"taxable","13":"shipping-taxable","14":"purchasable","15":"product-type-variable"},"_links":{"self":[{"href":"https:\/\/miamedic.lt\/en\/wp-json\/wp\/v2\/product\/9844","targetHints":{"allow":["GET"]}}],"collection":[{"href":"https:\/\/miamedic.lt\/en\/wp-json\/wp\/v2\/product"}],"about":[{"href":"https:\/\/miamedic.lt\/en\/wp-json\/wp\/v2\/types\/product"}],"replies":[{"embeddable":true,"href":"https:\/\/miamedic.lt\/en\/wp-json\/wp\/v2\/comments?post=9844"}],"version-history":[{"count":2,"href":"https:\/\/miamedic.lt\/en\/wp-json\/wp\/v2\/product\/9844\/revisions"}],"predecessor-version":[{"id":12415,"href":"https:\/\/miamedic.lt\/en\/wp-json\/wp\/v2\/product\/9844\/revisions\/12415"}],"wp:featuredmedia":[{"embeddable":true,"href":"https:\/\/miamedic.lt\/en\/wp-json\/wp\/v2\/media\/9847"}],"wp:attachment":[{"href":"https:\/\/miamedic.lt\/en\/wp-json\/wp\/v2\/media?parent=9844"}],"wp:term":[{"taxonomy":"product_cat","embeddable":true,"href":"https:\/\/miamedic.lt\/en\/wp-json\/wp\/v2\/product_cat?post=9844"},{"taxonomy":"product_tag","embeddable":true,"href":"https:\/\/miamedic.lt\/en\/wp-json\/wp\/v2\/product_tag?post=9844"}],"curies":[{"name":"wp","href":"https:\/\/api.w.org\/{rel}","templated":true}]}}