{"id":9841,"date":"2025-06-09T11:26:28","date_gmt":"2025-06-09T11:26:28","guid":{"rendered":"https:\/\/miamedic.lt\/?post_type=product&#038;p=9841"},"modified":"2025-12-01T10:21:35","modified_gmt":"2025-12-01T10:21:35","slug":"sun-shield-mineral-spf50","status":"publish","type":"product","link":"https:\/\/miamedic.lt\/en\/shop\/sun-shield-mineral-spf50\/","title":{"rendered":"Sun Shield Mineral SPF50"},"content":{"rendered":"<p data-start=\"0\" data-end=\"83\"><strong data-start=\"0\" data-end=\"35\">Obagi Sun Shield Mineral SPF 50<\/strong> \u2013 plataus spektro mineralin\u0117 apsauga nuo saul\u0117s<\/p>\n<p data-start=\"85\" data-end=\"377\">Lengvos, greitai susigerian\u010dios tekst\u016bros losjonas su SPF 50, u\u017etikrinantis plataus spektro apsaug\u0105 nuo UVA, UVB, infraraudon\u0173j\u0173 (IR) spinduli\u0173 ir matomosios m\u0117lynos \u0161viesos (HEV). Tinka vis\u0173 tip\u0173 odai, \u012fskaitant jautri\u0105, nekomedogenin\u0117 formul\u0117 neapsunkina odos ir nesukelia por\u0173 u\u017esikim\u0161imo.<\/p>\n<p data-start=\"379\" data-end=\"392\"><strong data-start=\"379\" data-end=\"392\">Effect:<\/strong><\/p>\n<ul data-start=\"393\" data-end=\"589\">\n<li data-start=\"393\" data-end=\"446\">\n<p data-start=\"395\" data-end=\"446\">Patikima apsauga nuo UVA\/UVB, IR ir HEV spinduli\u0173<\/p>\n<\/li>\n<li data-start=\"447\" data-end=\"485\">\n<p data-start=\"449\" data-end=\"485\">Nekem\u0161a por\u0173, \u0161velni jautriai odai<\/p>\n<\/li>\n<li data-start=\"486\" data-end=\"533\">\n<p data-start=\"488\" data-end=\"533\">Lengvai pasiskirsto, nepalieka balt\u0173 dry\u017ei\u0173<\/p>\n<\/li>\n<li data-start=\"534\" data-end=\"589\">\n<p data-start=\"536\" data-end=\"589\">Padeda apsaugoti nuo prie\u0161laikinio sen\u0117jimo po\u017eymi\u0173<\/p>\n<\/li>\n<\/ul>\n<p data-start=\"591\" data-end=\"804\"><strong data-start=\"591\" data-end=\"606\">Usage:<\/strong><br data-start=\"606\" data-end=\"609\" \/>Tepkite 15 minu\u010di\u0173 prie\u0161 saul\u0117s poveik\u012f. Kartokite kas 2 valandas arba po maudyni\u0173 ar gausaus prakaitavimo. Tinka kasdieniam naudojimui kaip paskutinis \u017eingsnis rytin\u0117je odos prie\u017ei\u016bros rutinoje.<\/p>","protected":false},"excerpt":{"rendered":"<p>Plataus spektro mineralin\u0117 apsauga nuo saul\u0117s<\/p>","protected":false},"featured_media":9842,"comment_status":"open","ping_status":"closed","template":"","meta":[],"product_cat":[153],"product_tag":[],"class_list":{"0":"post-9841","1":"product","2":"type-product","3":"status-publish","4":"has-post-thumbnail","6":"product_cat-spf-veido-prieziura","7":"pa_brands-obagi-medical","8":"pa_talpa-85g","10":"first","11":"instock","12":"taxable","13":"shipping-taxable","14":"purchasable","15":"product-type-simple"},"_links":{"self":[{"href":"https:\/\/miamedic.lt\/en\/wp-json\/wp\/v2\/product\/9841","targetHints":{"allow":["GET"]}}],"collection":[{"href":"https:\/\/miamedic.lt\/en\/wp-json\/wp\/v2\/product"}],"about":[{"href":"https:\/\/miamedic.lt\/en\/wp-json\/wp\/v2\/types\/product"}],"replies":[{"embeddable":true,"href":"https:\/\/miamedic.lt\/en\/wp-json\/wp\/v2\/comments?post=9841"}],"version-history":[{"count":2,"href":"https:\/\/miamedic.lt\/en\/wp-json\/wp\/v2\/product\/9841\/revisions"}],"predecessor-version":[{"id":12416,"href":"https:\/\/miamedic.lt\/en\/wp-json\/wp\/v2\/product\/9841\/revisions\/12416"}],"wp:featuredmedia":[{"embeddable":true,"href":"https:\/\/miamedic.lt\/en\/wp-json\/wp\/v2\/media\/9842"}],"wp:attachment":[{"href":"https:\/\/miamedic.lt\/en\/wp-json\/wp\/v2\/media?parent=9841"}],"wp:term":[{"taxonomy":"product_cat","embeddable":true,"href":"https:\/\/miamedic.lt\/en\/wp-json\/wp\/v2\/product_cat?post=9841"},{"taxonomy":"product_tag","embeddable":true,"href":"https:\/\/miamedic.lt\/en\/wp-json\/wp\/v2\/product_tag?post=9841"}],"curies":[{"name":"wp","href":"https:\/\/api.w.org\/{rel}","templated":true}]}}