{"id":9838,"date":"2025-06-09T11:05:02","date_gmt":"2025-06-09T11:05:02","guid":{"rendered":"https:\/\/miamedic.lt\/?post_type=product&#038;p=9838"},"modified":"2025-12-01T00:29:17","modified_gmt":"2025-12-01T00:29:17","slug":"rebalance-recovery-cream","status":"publish","type":"product","link":"https:\/\/miamedic.lt\/en\/shop\/rebalance-recovery-cream\/","title":{"rendered":"Rebalance Recovery cream"},"content":{"rendered":"<p data-start=\"0\" data-end=\"93\"><strong data-start=\"0\" data-end=\"47\">Obagi Rebalance Skin Barrier Recovery Cream<\/strong> \u2013 atkuriamasis kremas odos barjerui stiprinti<\/p>\n<p data-start=\"95\" data-end=\"372\">Raminamasis, odos mikroaplink\u0105 atkuriantis kremas, specialiai sukurtas jautriai, sudirgusiai ar pa\u017eeistai odai. Padeda stiprinti nat\u016bral\u0173 odos apsaugin\u012f barjer\u0105, ma\u017eina paraudim\u0105 ir diskomfort\u0105, intensyviai dr\u0117kina ir skatina odos atsistatym\u0105 po proced\u016br\u0173 ar aplinkos poveikio.<\/p>\n<p data-start=\"374\" data-end=\"387\"><strong data-start=\"374\" data-end=\"387\">Effect:<\/strong><\/p>\n<ul data-start=\"388\" data-end=\"580\">\n<li data-start=\"388\" data-end=\"424\">\n<p data-start=\"390\" data-end=\"424\">Stiprina odos barjerin\u0119 funkcij\u0105<\/p>\n<\/li>\n<li data-start=\"425\" data-end=\"474\">\n<p data-start=\"427\" data-end=\"474\">Ma\u017eina paraudim\u0105, sudirgim\u0105 ir tempimo poj\u016bt\u012f<\/p>\n<\/li>\n<li data-start=\"475\" data-end=\"511\">\n<p data-start=\"477\" data-end=\"511\">Dr\u0117kina ir atkuria odos komfort\u0105<\/p>\n<\/li>\n<li data-start=\"512\" data-end=\"580\">\n<p data-start=\"514\" data-end=\"580\">Tinka po dermatologini\u0173 proced\u016br\u0173 ar aktyvi\u0173 priemoni\u0173 naudojimo<\/p>\n<\/li>\n<\/ul>\n<p data-start=\"582\" data-end=\"803\"><strong data-start=\"582\" data-end=\"597\">Usage:<\/strong><br data-start=\"597\" data-end=\"600\" \/>Tepkite ant \u0161varios odos ryte ir (arba) vakare arba pagal poreik\u012f. Naudokite kaip paskutin\u012f \u017eingsn\u012f odos prie\u017ei\u016bros rutinoje. Ypa\u010d rekomenduojama naudoti po proced\u016br\u0173 ar esant sudirgusiai, jautriai odai.<\/p>","protected":false},"excerpt":{"rendered":"<p>Atkuriamasis kremas odos barjerui stiprinti<\/p>","protected":false},"featured_media":9839,"comment_status":"open","ping_status":"closed","template":"","meta":[],"product_cat":[129],"product_tag":[],"class_list":{"0":"post-9838","1":"product","2":"type-product","3":"status-publish","4":"has-post-thumbnail","6":"product_cat-veido-kremai","7":"pa_brands-obagi-medical","8":"pa_talpa-48g","10":"first","11":"instock","12":"taxable","13":"shipping-taxable","14":"purchasable","15":"product-type-simple"},"_links":{"self":[{"href":"https:\/\/miamedic.lt\/en\/wp-json\/wp\/v2\/product\/9838","targetHints":{"allow":["GET"]}}],"collection":[{"href":"https:\/\/miamedic.lt\/en\/wp-json\/wp\/v2\/product"}],"about":[{"href":"https:\/\/miamedic.lt\/en\/wp-json\/wp\/v2\/types\/product"}],"replies":[{"embeddable":true,"href":"https:\/\/miamedic.lt\/en\/wp-json\/wp\/v2\/comments?post=9838"}],"version-history":[{"count":2,"href":"https:\/\/miamedic.lt\/en\/wp-json\/wp\/v2\/product\/9838\/revisions"}],"predecessor-version":[{"id":12417,"href":"https:\/\/miamedic.lt\/en\/wp-json\/wp\/v2\/product\/9838\/revisions\/12417"}],"wp:featuredmedia":[{"embeddable":true,"href":"https:\/\/miamedic.lt\/en\/wp-json\/wp\/v2\/media\/9839"}],"wp:attachment":[{"href":"https:\/\/miamedic.lt\/en\/wp-json\/wp\/v2\/media?parent=9838"}],"wp:term":[{"taxonomy":"product_cat","embeddable":true,"href":"https:\/\/miamedic.lt\/en\/wp-json\/wp\/v2\/product_cat?post=9838"},{"taxonomy":"product_tag","embeddable":true,"href":"https:\/\/miamedic.lt\/en\/wp-json\/wp\/v2\/product_tag?post=9838"}],"curies":[{"name":"wp","href":"https:\/\/api.w.org\/{rel}","templated":true}]}}