{"id":9835,"date":"2025-06-09T10:58:22","date_gmt":"2025-06-09T10:58:22","guid":{"rendered":"https:\/\/miamedic.lt\/?post_type=product&#038;p=9835"},"modified":"2025-12-01T00:29:17","modified_gmt":"2025-12-01T00:29:17","slug":"hydrate-luxe","status":"publish","type":"product","link":"https:\/\/miamedic.lt\/en\/shop\/hydrate-luxe\/","title":{"rendered":"Hydrate Luxe"},"content":{"rendered":"<p data-start=\"0\" data-end=\"76\"><strong data-start=\"0\" data-end=\"22\">Obagi Hydrate Luxe<\/strong> \u2013 prabangus naktinis dr\u0117kinamasis kremas su peptidais<\/p>\n<p data-start=\"78\" data-end=\"350\">Sodrios tekst\u016bros, intensyviai dr\u0117kinantis kremas, sukurtas naktinei odos prie\u017ei\u016brai arba labai sausai odai. Praturtintas biomimetiniais peptidais, taukmed\u017eio sviestu, avokad\u0173 ir mang\u0173 aliejais, \u0161is kremas padeda atkurti odos elastingum\u0105, mink\u0161tum\u0105 ir komfort\u0105 miego metu.<\/p>\n<p data-start=\"352\" data-end=\"365\"><strong data-start=\"352\" data-end=\"365\">Effect:<\/strong><\/p>\n<ul data-start=\"366\" data-end=\"564\">\n<li data-start=\"366\" data-end=\"412\">\n<p data-start=\"368\" data-end=\"412\">U\u017etikrina intensyv\u0173 ir ilgalaik\u012f dr\u0117kinim\u0105<\/p>\n<\/li>\n<li data-start=\"413\" data-end=\"467\">\n<p data-start=\"415\" data-end=\"467\">Maitina ir ramina saus\u0105, jautri\u0105 ar pavargusi\u0105 od\u0105<\/p>\n<\/li>\n<li data-start=\"468\" data-end=\"509\">\n<p data-start=\"470\" data-end=\"509\">Skatina odos elastingum\u0105 ir stangrum\u0105<\/p>\n<\/li>\n<li data-start=\"510\" data-end=\"564\">\n<p data-start=\"512\" data-end=\"564\">Tinka naudoti kaip naktin\u0117 regeneruojanti priemon\u0117<\/p>\n<\/li>\n<\/ul>\n<p data-start=\"566\" data-end=\"782\"><strong data-start=\"566\" data-end=\"581\">Usage:<\/strong><br data-start=\"581\" data-end=\"584\" \/>Tepkite vakare ant \u0161varios veido ir kaklo odos. Nedidel\u012f kiek\u012f \u0161velniai \u012fmasa\u017euokite, kol visi\u0161kai \u012fsigers. Galima naudoti ir dienos metu, jei oda labai sausa ar veikiama nepalanki\u0173 aplinkos s\u0105lyg\u0173.<\/p>","protected":false},"excerpt":{"rendered":"<p>Prabangus naktinis dr\u0117kinamasis kremas su peptidais<\/p>","protected":false},"featured_media":9836,"comment_status":"open","ping_status":"closed","template":"","meta":[],"product_cat":[129],"product_tag":[],"class_list":{"0":"post-9835","1":"product","2":"type-product","3":"status-publish","4":"has-post-thumbnail","6":"product_cat-veido-kremai","7":"pa_brands-obagi-medical","8":"pa_talpa-48g","10":"first","11":"instock","12":"taxable","13":"shipping-taxable","14":"purchasable","15":"product-type-simple"},"_links":{"self":[{"href":"https:\/\/miamedic.lt\/en\/wp-json\/wp\/v2\/product\/9835","targetHints":{"allow":["GET"]}}],"collection":[{"href":"https:\/\/miamedic.lt\/en\/wp-json\/wp\/v2\/product"}],"about":[{"href":"https:\/\/miamedic.lt\/en\/wp-json\/wp\/v2\/types\/product"}],"replies":[{"embeddable":true,"href":"https:\/\/miamedic.lt\/en\/wp-json\/wp\/v2\/comments?post=9835"}],"version-history":[{"count":2,"href":"https:\/\/miamedic.lt\/en\/wp-json\/wp\/v2\/product\/9835\/revisions"}],"predecessor-version":[{"id":12418,"href":"https:\/\/miamedic.lt\/en\/wp-json\/wp\/v2\/product\/9835\/revisions\/12418"}],"wp:featuredmedia":[{"embeddable":true,"href":"https:\/\/miamedic.lt\/en\/wp-json\/wp\/v2\/media\/9836"}],"wp:attachment":[{"href":"https:\/\/miamedic.lt\/en\/wp-json\/wp\/v2\/media?parent=9835"}],"wp:term":[{"taxonomy":"product_cat","embeddable":true,"href":"https:\/\/miamedic.lt\/en\/wp-json\/wp\/v2\/product_cat?post=9835"},{"taxonomy":"product_tag","embeddable":true,"href":"https:\/\/miamedic.lt\/en\/wp-json\/wp\/v2\/product_tag?post=9835"}],"curies":[{"name":"wp","href":"https:\/\/api.w.org\/{rel}","templated":true}]}}