{"id":9832,"date":"2025-06-09T10:48:07","date_gmt":"2025-06-09T10:48:07","guid":{"rendered":"https:\/\/miamedic.lt\/?post_type=product&#038;p=9832"},"modified":"2025-12-01T00:29:18","modified_gmt":"2025-12-01T00:29:18","slug":"obagi-hydrate","status":"publish","type":"product","link":"https:\/\/miamedic.lt\/en\/shop\/obagi-hydrate\/","title":{"rendered":"Obagi Hydrate"},"content":{"rendered":"<p data-start=\"0\" data-end=\"91\"><strong data-start=\"0\" data-end=\"17\">Obagi Hydrate<\/strong> \u2013 ilgalaik\u012f komfort\u0105 suteikiantis dr\u0117kinamasis kremas visiems odos tipams<\/p>\n<p data-start=\"93\" data-end=\"363\">Universalus, kasdieniam naudojimui skirtas dr\u0117kinamasis kremas, padedantis i\u0161laikyti optimal\u0173 odos dr\u0117gm\u0117s balans\u0105. Formul\u0117 praturtinta natyviomis od\u0105 raminan\u010diomis ir maitinan\u010diomis med\u017eiagomis, tod\u0117l puikiai tinka net jautriai, sausai ar po proced\u016br\u0173 sudirgusiai odai.<\/p>\n<p data-start=\"365\" data-end=\"378\"><strong data-start=\"365\" data-end=\"378\">Effect:<\/strong><\/p>\n<ul data-start=\"379\" data-end=\"555\">\n<li data-start=\"379\" data-end=\"426\">\n<p data-start=\"381\" data-end=\"426\">U\u017etikrina ilgalaik\u012f dr\u0117kinim\u0105 iki 8 valand\u0173<\/p>\n<\/li>\n<li data-start=\"427\" data-end=\"467\">\n<p data-start=\"429\" data-end=\"467\">Ma\u017eina sausumo poj\u016bt\u012f ir \u0161erpetojim\u0105<\/p>\n<\/li>\n<li data-start=\"468\" data-end=\"506\">\n<p data-start=\"470\" data-end=\"506\">Palaiko odos komfort\u0105 ir mink\u0161tum\u0105<\/p>\n<\/li>\n<li data-start=\"507\" data-end=\"555\">\n<p data-start=\"509\" data-end=\"555\">Tinka visiems odos tipams, \u012fskaitant jautri\u0105<\/p>\n<\/li>\n<\/ul>\n<p data-start=\"557\" data-end=\"752\"><strong data-start=\"557\" data-end=\"572\">Usage:<\/strong><br data-start=\"572\" data-end=\"575\" \/>Tepkite ryte ir vakare ant \u0161varios veido ir kaklo odos. \u0160velniai \u012fmasa\u017euokite, kol visi\u0161kai \u012fsigers. Galima naudoti tiek vien\u0105, tiek po serum\u0173 ar aktyvi\u0173 proced\u016brini\u0173 priemoni\u0173.<\/p>","protected":false},"excerpt":{"rendered":"<p>Ilgalaik\u012f komfort\u0105 suteikiantis dr\u0117kinamasis kremas visiems odos tipams<\/p>","protected":false},"featured_media":9833,"comment_status":"open","ping_status":"closed","template":"","meta":[],"product_cat":[129],"product_tag":[],"class_list":{"0":"post-9832","1":"product","2":"type-product","3":"status-publish","4":"has-post-thumbnail","6":"product_cat-veido-kremai","7":"pa_brands-obagi-medical","8":"pa_talpa-48g","10":"first","11":"instock","12":"taxable","13":"shipping-taxable","14":"purchasable","15":"product-type-simple"},"_links":{"self":[{"href":"https:\/\/miamedic.lt\/en\/wp-json\/wp\/v2\/product\/9832","targetHints":{"allow":["GET"]}}],"collection":[{"href":"https:\/\/miamedic.lt\/en\/wp-json\/wp\/v2\/product"}],"about":[{"href":"https:\/\/miamedic.lt\/en\/wp-json\/wp\/v2\/types\/product"}],"replies":[{"embeddable":true,"href":"https:\/\/miamedic.lt\/en\/wp-json\/wp\/v2\/comments?post=9832"}],"version-history":[{"count":2,"href":"https:\/\/miamedic.lt\/en\/wp-json\/wp\/v2\/product\/9832\/revisions"}],"predecessor-version":[{"id":12419,"href":"https:\/\/miamedic.lt\/en\/wp-json\/wp\/v2\/product\/9832\/revisions\/12419"}],"wp:featuredmedia":[{"embeddable":true,"href":"https:\/\/miamedic.lt\/en\/wp-json\/wp\/v2\/media\/9833"}],"wp:attachment":[{"href":"https:\/\/miamedic.lt\/en\/wp-json\/wp\/v2\/media?parent=9832"}],"wp:term":[{"taxonomy":"product_cat","embeddable":true,"href":"https:\/\/miamedic.lt\/en\/wp-json\/wp\/v2\/product_cat?post=9832"},{"taxonomy":"product_tag","embeddable":true,"href":"https:\/\/miamedic.lt\/en\/wp-json\/wp\/v2\/product_tag?post=9832"}],"curies":[{"name":"wp","href":"https:\/\/api.w.org\/{rel}","templated":true}]}}