{"id":9829,"date":"2025-06-09T09:14:14","date_gmt":"2025-06-09T09:14:14","guid":{"rendered":"https:\/\/miamedic.lt\/?post_type=product&#038;p=9829"},"modified":"2025-12-01T00:29:18","modified_gmt":"2025-12-01T00:29:18","slug":"hydrate-light-weightless-gel-cream","status":"publish","type":"product","link":"https:\/\/miamedic.lt\/en\/shop\/hydrate-light-weightless-gel-cream\/","title":{"rendered":"Hydrate Light Weightless Gel Cream"},"content":{"rendered":"<p data-start=\"0\" data-end=\"108\"><strong data-start=\"0\" data-end=\"44\">Obagi Hydrate Light Weightless Gel Cream<\/strong> \u2013 lengvas dr\u0117kinamasis gelinis kremas kasdienei odos prie\u017ei\u016brai<\/p>\n<p data-start=\"110\" data-end=\"385\">Greitai \u012fsigeriantis, lengvos konsistencijos gelinis kremas, sukurtas intensyviai dr\u0117kinti od\u0105 be riebumo poj\u016b\u010dio. Tinka visiems odos tipams, ypa\u010d mi\u0161riai ir riebiai odai. Padeda palaikyti odos dr\u0117gm\u0117s balans\u0105, suma\u017eina sausumo poj\u016bt\u012f ir suteikia gaivumo jausm\u0105 visai dienai.<\/p>\n<p data-start=\"387\" data-end=\"400\"><strong data-start=\"387\" data-end=\"400\">Effect:<\/strong><\/p>\n<ul data-start=\"401\" data-end=\"574\">\n<li data-start=\"401\" data-end=\"438\">\n<p data-start=\"403\" data-end=\"438\">Efektyviai dr\u0117kina ir gaivina od\u0105<\/p>\n<\/li>\n<li data-start=\"439\" data-end=\"490\">\n<p data-start=\"441\" data-end=\"490\">Nekem\u0161a por\u0173, tinka ir jautriai ar riebiai odai<\/p>\n<\/li>\n<li data-start=\"491\" data-end=\"529\">\n<p data-start=\"493\" data-end=\"529\">Suteikia ilgalaik\u012f komforto poj\u016bt\u012f<\/p>\n<\/li>\n<li data-start=\"530\" data-end=\"574\">\n<p data-start=\"532\" data-end=\"574\">Padeda stiprinti odos barjerin\u0119 funkcij\u0105<\/p>\n<\/li>\n<\/ul>\n<p data-start=\"576\" data-end=\"759\"><strong data-start=\"576\" data-end=\"591\">Usage:<\/strong><br data-start=\"591\" data-end=\"594\" \/>Tepkite ant \u0161varios veido ir kaklo odos ryte ir vakare arba pagal poreik\u012f. \u0160velniai \u012fmasa\u017euokite, kol visi\u0161kai \u012fsigers. Tinka naudoti po serum\u0173 ar aktyvi\u0173 priemoni\u0173.<\/p>","protected":false},"excerpt":{"rendered":"<p>lengvas dr\u0117kinamasis gelinis kremas kasdienei odos prie\u017ei\u016brai<\/p>","protected":false},"featured_media":9830,"comment_status":"open","ping_status":"closed","template":"","meta":[],"product_cat":[129],"product_tag":[],"class_list":{"0":"post-9829","1":"product","2":"type-product","3":"status-publish","4":"has-post-thumbnail","6":"product_cat-veido-kremai","7":"pa_brands-obagi-medical","8":"pa_talpa-50ml-2","10":"first","11":"instock","12":"taxable","13":"shipping-taxable","14":"purchasable","15":"product-type-simple"},"_links":{"self":[{"href":"https:\/\/miamedic.lt\/en\/wp-json\/wp\/v2\/product\/9829","targetHints":{"allow":["GET"]}}],"collection":[{"href":"https:\/\/miamedic.lt\/en\/wp-json\/wp\/v2\/product"}],"about":[{"href":"https:\/\/miamedic.lt\/en\/wp-json\/wp\/v2\/types\/product"}],"replies":[{"embeddable":true,"href":"https:\/\/miamedic.lt\/en\/wp-json\/wp\/v2\/comments?post=9829"}],"version-history":[{"count":2,"href":"https:\/\/miamedic.lt\/en\/wp-json\/wp\/v2\/product\/9829\/revisions"}],"predecessor-version":[{"id":12420,"href":"https:\/\/miamedic.lt\/en\/wp-json\/wp\/v2\/product\/9829\/revisions\/12420"}],"wp:featuredmedia":[{"embeddable":true,"href":"https:\/\/miamedic.lt\/en\/wp-json\/wp\/v2\/media\/9830"}],"wp:attachment":[{"href":"https:\/\/miamedic.lt\/en\/wp-json\/wp\/v2\/media?parent=9829"}],"wp:term":[{"taxonomy":"product_cat","embeddable":true,"href":"https:\/\/miamedic.lt\/en\/wp-json\/wp\/v2\/product_cat?post=9829"},{"taxonomy":"product_tag","embeddable":true,"href":"https:\/\/miamedic.lt\/en\/wp-json\/wp\/v2\/product_tag?post=9829"}],"curies":[{"name":"wp","href":"https:\/\/api.w.org\/{rel}","templated":true}]}}