{"id":9814,"date":"2025-06-09T08:41:28","date_gmt":"2025-06-09T08:41:28","guid":{"rendered":"https:\/\/miamedic.lt\/?post_type=product&#038;p=9814"},"modified":"2025-12-01T00:29:18","modified_gmt":"2025-12-01T00:29:18","slug":"daily-hydro-drops","status":"publish","type":"product","link":"https:\/\/miamedic.lt\/en\/shop\/daily-hydro-drops\/","title":{"rendered":"DAILY HYDRO-DROPS"},"content":{"rendered":"<p data-start=\"0\" data-end=\"90\"><strong data-start=\"0\" data-end=\"48\">Obagi Daily Hydro-Drops Rejuvenating Eye Gel<\/strong> \u2013 gaivinantis paaki\u0173 gelis su vitaminu B3<\/p>\n<p data-start=\"92\" data-end=\"392\">Lengvos, greitai \u012fsigerian\u010dios konsistencijos paaki\u0173 gelis, skirtas jautriai aki\u0173 zonai. Sud\u0117tyje esantys vitaminas B3 (niacinamidas), abisinijos aliejus ir skvalanas padeda dr\u0117kinti, lyginti ir gaivinti od\u0105 aplink akis. Ma\u017eina patinimus, smulki\u0173 linij\u0173 matomum\u0105 ir suteikia pails\u0117jusios odos \u012fsp\u016bd\u012f.<\/p>\n<p data-start=\"394\" data-end=\"407\"><strong data-start=\"394\" data-end=\"407\">Effect:<\/strong><\/p>\n<ul data-start=\"408\" data-end=\"570\">\n<li data-start=\"408\" data-end=\"449\">\n<p data-start=\"410\" data-end=\"449\">Dr\u0117kina ir gaivina jautri\u0105 paaki\u0173 od\u0105<\/p>\n<\/li>\n<li data-start=\"450\" data-end=\"492\">\n<p data-start=\"452\" data-end=\"492\">Ma\u017eina patinimus ir nuovargio po\u017eymius<\/p>\n<\/li>\n<li data-start=\"493\" data-end=\"533\">\n<p data-start=\"495\" data-end=\"533\">Padeda suma\u017einti smulkias rauk\u0161leles<\/p>\n<\/li>\n<li data-start=\"534\" data-end=\"570\">\n<p data-start=\"536\" data-end=\"570\">Suteikia glotnumo ir elastingumo<\/p>\n<\/li>\n<\/ul>\n<p data-start=\"572\" data-end=\"733\"><strong data-start=\"572\" data-end=\"587\">Usage:<\/strong><br data-start=\"587\" data-end=\"590\" \/>Tepkite \u0161variai nuvalyt\u0105 paaki\u0173 zon\u0105 ryte ir (arba) vakare. Nedidel\u012f kiek\u012f gelio \u012ftap\u0161nokite pir\u0161t\u0173 pagalv\u0117l\u0117mis, vengdami intensyvaus trynimo.<\/p>","protected":false},"excerpt":{"rendered":"<p>Gaivinantis paaki\u0173 gelis su vitaminu B3<\/p>","protected":false},"featured_media":9815,"comment_status":"open","ping_status":"closed","template":"","meta":[],"product_cat":[83],"product_tag":[],"class_list":{"0":"post-9814","1":"product","2":"type-product","3":"status-publish","4":"has-post-thumbnail","6":"product_cat-paakiu-kremai","7":"pa_brands-obagi-medical","8":"pa_talpa-150ml","10":"first","11":"instock","12":"taxable","13":"shipping-taxable","14":"purchasable","15":"product-type-simple"},"_links":{"self":[{"href":"https:\/\/miamedic.lt\/en\/wp-json\/wp\/v2\/product\/9814","targetHints":{"allow":["GET"]}}],"collection":[{"href":"https:\/\/miamedic.lt\/en\/wp-json\/wp\/v2\/product"}],"about":[{"href":"https:\/\/miamedic.lt\/en\/wp-json\/wp\/v2\/types\/product"}],"replies":[{"embeddable":true,"href":"https:\/\/miamedic.lt\/en\/wp-json\/wp\/v2\/comments?post=9814"}],"version-history":[{"count":2,"href":"https:\/\/miamedic.lt\/en\/wp-json\/wp\/v2\/product\/9814\/revisions"}],"predecessor-version":[{"id":12421,"href":"https:\/\/miamedic.lt\/en\/wp-json\/wp\/v2\/product\/9814\/revisions\/12421"}],"wp:featuredmedia":[{"embeddable":true,"href":"https:\/\/miamedic.lt\/en\/wp-json\/wp\/v2\/media\/9815"}],"wp:attachment":[{"href":"https:\/\/miamedic.lt\/en\/wp-json\/wp\/v2\/media?parent=9814"}],"wp:term":[{"taxonomy":"product_cat","embeddable":true,"href":"https:\/\/miamedic.lt\/en\/wp-json\/wp\/v2\/product_cat?post=9814"},{"taxonomy":"product_tag","embeddable":true,"href":"https:\/\/miamedic.lt\/en\/wp-json\/wp\/v2\/product_tag?post=9814"}],"curies":[{"name":"wp","href":"https:\/\/api.w.org\/{rel}","templated":true}]}}