{"id":9811,"date":"2025-06-09T08:38:59","date_gmt":"2025-06-09T08:38:59","guid":{"rendered":"https:\/\/miamedic.lt\/?post_type=product&#038;p=9811"},"modified":"2025-12-01T00:29:19","modified_gmt":"2025-12-01T00:29:19","slug":"hydro-drops-facial-serum","status":"publish","type":"product","link":"https:\/\/miamedic.lt\/en\/shop\/hydro-drops-facial-serum\/","title":{"rendered":"Hydro-drops Facial Serum"},"content":{"rendered":"<p data-start=\"0\" data-end=\"89\"><strong data-start=\"0\" data-end=\"40\">Obagi Daily Hydro-Drops Facial Serum<\/strong> \u2013 intensyviai dr\u0117kinantis serumas su vitaminu B3<\/p>\n<p data-start=\"91\" data-end=\"356\">Lengvos tekst\u016bros, greitai \u012fsigeriantis veido serumas su vitaminu B3 (niacinamidu), abisinijos ir kinro\u017ei\u0173 aliejais. Padeda efektyviai atkurti odos dr\u0117gm\u0117s balans\u0105, suteikia \u0161vyt\u0117jimo ir gaivumo, ma\u017eina smulki\u0173 rauk\u0161li\u0173 matomum\u0105 bei stiprina odos apsaugin\u012f barjer\u0105.<\/p>\n<p data-start=\"358\" data-end=\"371\"><strong data-start=\"358\" data-end=\"371\">Effect:<\/strong><\/p>\n<ul data-start=\"372\" data-end=\"570\">\n<li data-start=\"372\" data-end=\"424\">\n<p data-start=\"374\" data-end=\"424\">Intensyviai dr\u0117kina od\u0105 ir saugo nuo i\u0161saus\u0117jimo<\/p>\n<\/li>\n<li data-start=\"425\" data-end=\"476\">\n<p data-start=\"427\" data-end=\"476\">Suteikia veidui gaivumo ir nat\u016bralaus \u0161vyt\u0117jimo<\/p>\n<\/li>\n<li data-start=\"477\" data-end=\"533\">\n<p data-start=\"479\" data-end=\"533\">Padeda suma\u017einti smulki\u0173 linij\u0173 ir rauk\u0161li\u0173 matomum\u0105<\/p>\n<\/li>\n<li data-start=\"534\" data-end=\"570\">\n<p data-start=\"536\" data-end=\"570\">Stiprina odos apsaugin\u0119 funkcij\u0105<\/p>\n<\/li>\n<\/ul>\n<p data-start=\"572\" data-end=\"758\"><strong data-start=\"572\" data-end=\"587\">Usage:<\/strong><br data-start=\"587\" data-end=\"590\" \/>Tepkite \u0161variai nuvalyt\u0105 veido, kaklo ir dekolt\u0117 od\u0105 ryte ir vakare. Naudokite 2\u20133 la\u0161us, tolygiai paskirstykite pir\u0161t\u0173 galiukais ir \u0161velniai \u012fmasa\u017euokite, kol \u012fsigers.<\/p>","protected":false},"excerpt":{"rendered":"<p>Intensyviai dr\u0117kinantis serumas su vitaminu B3<\/p>","protected":false},"featured_media":9812,"comment_status":"open","ping_status":"closed","template":"","meta":[],"product_cat":[107],"product_tag":[],"class_list":{"0":"post-9811","1":"product","2":"type-product","3":"status-publish","4":"has-post-thumbnail","6":"product_cat-serumai","7":"pa_brands-obagi-medical","8":"pa_talpa-30ml-2","10":"first","11":"instock","12":"taxable","13":"shipping-taxable","14":"purchasable","15":"product-type-simple"},"_links":{"self":[{"href":"https:\/\/miamedic.lt\/en\/wp-json\/wp\/v2\/product\/9811","targetHints":{"allow":["GET"]}}],"collection":[{"href":"https:\/\/miamedic.lt\/en\/wp-json\/wp\/v2\/product"}],"about":[{"href":"https:\/\/miamedic.lt\/en\/wp-json\/wp\/v2\/types\/product"}],"replies":[{"embeddable":true,"href":"https:\/\/miamedic.lt\/en\/wp-json\/wp\/v2\/comments?post=9811"}],"version-history":[{"count":2,"href":"https:\/\/miamedic.lt\/en\/wp-json\/wp\/v2\/product\/9811\/revisions"}],"predecessor-version":[{"id":12422,"href":"https:\/\/miamedic.lt\/en\/wp-json\/wp\/v2\/product\/9811\/revisions\/12422"}],"wp:featuredmedia":[{"embeddable":true,"href":"https:\/\/miamedic.lt\/en\/wp-json\/wp\/v2\/media\/9812"}],"wp:attachment":[{"href":"https:\/\/miamedic.lt\/en\/wp-json\/wp\/v2\/media?parent=9811"}],"wp:term":[{"taxonomy":"product_cat","embeddable":true,"href":"https:\/\/miamedic.lt\/en\/wp-json\/wp\/v2\/product_cat?post=9811"},{"taxonomy":"product_tag","embeddable":true,"href":"https:\/\/miamedic.lt\/en\/wp-json\/wp\/v2\/product_tag?post=9811"}],"curies":[{"name":"wp","href":"https:\/\/api.w.org\/{rel}","templated":true}]}}