{"id":9803,"date":"2025-06-09T05:48:35","date_gmt":"2025-06-09T05:48:35","guid":{"rendered":"https:\/\/miamedic.lt\/?post_type=product&#038;p=9803"},"modified":"2026-01-15T10:14:04","modified_gmt":"2026-01-15T10:14:04","slug":"vital-regena-i-rich","status":"publish","type":"product","link":"https:\/\/miamedic.lt\/en\/shop\/vital-regena-i-rich\/","title":{"rendered":"VITAL Regena I Rich"},"content":{"rendered":"<p data-start=\"121\" data-end=\"253\"><strong data-start=\"121\" data-end=\"253\">Valmont Vital Regenera I Rich \u2013 prabangus regeneruojantis veido kremas, skirtas intensyviai maitinti ir atkurti odos gyvybingum\u0105<\/strong><\/p>\n<p data-start=\"255\" data-end=\"369\"><span class=\"relative -mx-px my-[-0.2rem] rounded px-px py-[0.2rem] transition-colors duration-100 ease-in-out\">Valmont Vital Regenera I Rich \u2013 tai prabangus ir maitinantis veido kremas, sukurtas atkurti odos gyvybingum\u0105, suteikti jai energijos ir \u0161vyt\u0117jimo.<\/span> <span class=\"relative -mx-px my-[-0.2rem] rounded px-px py-[0.2rem] transition-colors duration-100 ease-in-out\">\u0160i turtinga, greitai \u012fsigerianti formul\u0117 padeda atstatyti odos l\u0105steli\u0173 funkcijas, tonizuoja, ramina bei ma\u017eina odos nuovarg\u012f, suteikdama jai sveik\u0105 ir jaunatvi\u0161k\u0105 i\u0161vaizd\u0105.<\/span><\/p>\n<p data-start=\"371\" data-end=\"467\"><strong data-start=\"371\" data-end=\"386\">Odos tipas:<\/strong><br data-start=\"386\" data-end=\"389\" \/><span class=\"relative -mx-px my-[-0.2rem] rounded px-px py-[0.2rem] transition-colors duration-100 ease-in-out\">Vis\u0173 tip\u0173 oda \u2013 \u012fskaitant saus\u0105, dehidratuot\u0105, brand\u017ei\u0105 ir pavargusi\u0105 od\u0105.<\/span><\/p>\n<p data-start=\"469\" data-end=\"482\"><strong data-start=\"469\" data-end=\"482\">Poveikis:<\/strong><\/p>\n<ul data-start=\"483\" data-end=\"731\">\n<li data-start=\"483\" data-end=\"524\">\n<p data-start=\"485\" data-end=\"524\"><span class=\"relative -mx-px my-[-0.2rem] rounded px-px py-[0.2rem] transition-colors duration-100 ease-in-out\">Intensyviai maitina ir dr\u0117kina od\u0105.<\/span><\/p>\n<\/li>\n<li data-start=\"525\" data-end=\"566\">\n<p data-start=\"527\" data-end=\"566\"><span class=\"relative -mx-px my-[-0.2rem] rounded px-px py-[0.2rem] transition-colors duration-100 ease-in-out\">Atkuria odos gyvybingum\u0105 ir elastingum\u0105.<\/span><\/p>\n<\/li>\n<li data-start=\"567\" data-end=\"608\">\n<p data-start=\"569\" data-end=\"608\"><span class=\"relative -mx-px my-[-0.2rem] rounded px-px py-[0.2rem] transition-colors duration-100 ease-in-out\">Ma\u017eina smulkias rauk\u0161leles ir linijas.<\/span><\/p>\n<\/li>\n<li data-start=\"609\" data-end=\"650\">\n<p data-start=\"611\" data-end=\"650\"><span class=\"relative -mx-px my-[-0.2rem] rounded px-px py-[0.2rem] transition-colors duration-100 ease-in-out\">Suteikia odai \u0161vyt\u0117jimo ir skaistumo.<\/span><\/p>\n<\/li>\n<li data-start=\"651\" data-end=\"731\">\n<p data-start=\"653\" data-end=\"731\"><span class=\"relative -mx-px my-[-0.2rem] rounded px-px py-[0.2rem] transition-colors duration-100 ease-in-out\">Apsaugo od\u0105 nuo i\u0161orini\u0173 \u017ealing\u0173 veiksni\u0173, toki\u0173 kaip tar\u0161a ir stresas.<\/span><\/p>\n<\/li>\n<\/ul>\n<p data-start=\"733\" data-end=\"748\"><strong data-start=\"733\" data-end=\"748\">Naudojimas:<\/strong><\/p>\n<ul data-start=\"749\" data-end=\"871\">\n<li data-start=\"749\" data-end=\"790\">\n<p data-start=\"751\" data-end=\"790\"><span class=\"relative -mx-px my-[-0.2rem] rounded px-px py-[0.2rem] transition-colors duration-100 ease-in-out\">Naudoti ryte ir vakare, ant \u0161varios veido ir kaklo odos.<\/span><\/p>\n<\/li>\n<li data-start=\"791\" data-end=\"871\">\n<p data-start=\"793\" data-end=\"871\"><span class=\"relative -mx-px my-[-0.2rem] rounded px-px py-[0.2rem] transition-colors duration-100 ease-in-out\">\u0160velniai paskirstyti nedidel\u012f kiek\u012f kremo ir masa\u017euoti, kol visi\u0161kai \u012fsigers.<\/span><\/p>\n<\/li>\n<\/ul>\n<p data-start=\"873\" data-end=\"897\"><strong data-start=\"873\" data-end=\"897\">Atsargumo priemon\u0117s:<\/strong><\/p>\n<ul data-start=\"898\" data-end=\"1104\">\n<li data-start=\"898\" data-end=\"939\">\n<p data-start=\"900\" data-end=\"939\"><span class=\"relative -mx-px my-[-0.2rem] rounded px-px py-[0.2rem] transition-colors duration-100 ease-in-out\">Tik i\u0161oriniam naudojimui.<\/span><\/p>\n<\/li>\n<li data-start=\"940\" data-end=\"981\">\n<p data-start=\"942\" data-end=\"981\"><span class=\"relative -mx-px my-[-0.2rem] rounded px-px py-[0.2rem] transition-colors duration-100 ease-in-out\">Venkite patekimo \u012f akis.<\/span><\/p>\n<\/li>\n<li data-start=\"982\" data-end=\"1023\">\n<p data-start=\"984\" data-end=\"1023\"><span class=\"relative -mx-px my-[-0.2rem] rounded px-px py-[0.2rem] transition-colors duration-100 ease-in-out\">Jei atsiranda stiprus sudirgimas \u2013 nutraukti naudojim\u0105.<\/span><\/p>\n<\/li>\n<li data-start=\"1024\" data-end=\"1104\">\n<p data-start=\"1026\" data-end=\"1104\"><span class=\"relative -mx-px my-[-0.2rem] rounded px-px py-[0.2rem] transition-colors duration-100 ease-in-out\">Laikyti vaikams nepasiekiamoje vietoje.<\/span><\/p>\n<\/li>\n<\/ul>\n<p data-start=\"1106\" data-end=\"1126\"><strong data-start=\"1106\" data-end=\"1126\">Laikymo s\u0105lygos:<\/strong><\/p>\n<ul data-start=\"1127\" data-end=\"1249\">\n<li data-start=\"1127\" data-end=\"1168\">\n<p data-start=\"1129\" data-end=\"1168\"><span class=\"relative -mx-px my-[-0.2rem] rounded px-px py-[0.2rem] transition-colors duration-100 ease-in-out\">Laikyti kambario temperat\u016broje (15\u202f\u00b0C \u2013 25\u202f\u00b0C).<\/span><\/p>\n<\/li>\n<li data-start=\"1169\" data-end=\"1249\">\n<p data-start=\"1171\" data-end=\"1249\"><span class=\"relative -mx-px my-[-0.2rem] rounded px-px py-[0.2rem] transition-colors duration-100 ease-in-out\">Saugoti nuo tiesiogini\u0173 saul\u0117s spinduli\u0173.<\/span><\/p>\n<\/li>\n<\/ul>\n","protected":false},"excerpt":{"rendered":"<p>Prabangus regeneruojantis veido kremas, skirtas intensyviai maitinti ir atkurti odos gyvybingum\u0105<\/p>","protected":false},"featured_media":9804,"comment_status":"open","ping_status":"closed","template":"","meta":[],"product_cat":[417,129],"product_tag":[],"class_list":{"0":"post-9803","1":"product","2":"type-product","3":"status-publish","4":"has-post-thumbnail","6":"product_cat-is-clinical-ir-valmont","7":"product_cat-veido-kremai","8":"pa_brands-valmont","9":"pa_talpa-50ml-2","11":"first","12":"instock","13":"taxable","14":"shipping-taxable","15":"purchasable","16":"product-type-simple"},"_links":{"self":[{"href":"https:\/\/miamedic.lt\/en\/wp-json\/wp\/v2\/product\/9803","targetHints":{"allow":["GET"]}}],"collection":[{"href":"https:\/\/miamedic.lt\/en\/wp-json\/wp\/v2\/product"}],"about":[{"href":"https:\/\/miamedic.lt\/en\/wp-json\/wp\/v2\/types\/product"}],"replies":[{"embeddable":true,"href":"https:\/\/miamedic.lt\/en\/wp-json\/wp\/v2\/comments?post=9803"}],"version-history":[{"count":3,"href":"https:\/\/miamedic.lt\/en\/wp-json\/wp\/v2\/product\/9803\/revisions"}],"predecessor-version":[{"id":12917,"href":"https:\/\/miamedic.lt\/en\/wp-json\/wp\/v2\/product\/9803\/revisions\/12917"}],"wp:featuredmedia":[{"embeddable":true,"href":"https:\/\/miamedic.lt\/en\/wp-json\/wp\/v2\/media\/9804"}],"wp:attachment":[{"href":"https:\/\/miamedic.lt\/en\/wp-json\/wp\/v2\/media?parent=9803"}],"wp:term":[{"taxonomy":"product_cat","embeddable":true,"href":"https:\/\/miamedic.lt\/en\/wp-json\/wp\/v2\/product_cat?post=9803"},{"taxonomy":"product_tag","embeddable":true,"href":"https:\/\/miamedic.lt\/en\/wp-json\/wp\/v2\/product_tag?post=9803"}],"curies":[{"name":"wp","href":"https:\/\/api.w.org\/{rel}","templated":true}]}}