{"id":9799,"date":"2025-06-09T05:45:30","date_gmt":"2025-06-09T05:45:30","guid":{"rendered":"https:\/\/miamedic.lt\/?post_type=product&#038;p=9799"},"modified":"2026-01-15T10:15:44","modified_gmt":"2026-01-15T10:15:44","slug":"vital-contour-cream","status":"publish","type":"product","link":"https:\/\/miamedic.lt\/en\/shop\/vital-contour-cream\/","title":{"rendered":"VITAL Contour Cream"},"content":{"rendered":"<p data-start=\"157\" data-end=\"269\"><strong data-start=\"157\" data-end=\"269\">VALMONT VITAL Contour Cream \u2013 stangrinamasis ir dr\u0117kinamasis kremas aki\u0173 kont\u016brui, ma\u017einantis paburkimus ir rauk\u0161les<\/strong><\/p>\n<p data-start=\"271\" data-end=\"383\"><span class=\"relative -mx-px my-[-0.2rem] rounded px-px py-[0.2rem] transition-colors duration-100 ease-in-out\">VITAL Contour Cream \u2013 tai prabangus aki\u0173 kont\u016bro kremas, sukurtas atgaivinti, stangrinti ir dr\u0117kinti jautri\u0105 od\u0105 aplink akis.<\/span> <span class=\"relative -mx-px my-[-0.2rem] rounded px-px py-[0.2rem] transition-colors duration-100 ease-in-out\">\u0160i turtinga, ta\u010diau lengvos tekst\u016bros formul\u0117 suteikia gaivinant\u012f ir dekongestuojant\u012f poveik\u012f, ma\u017eina paburkimus, tamsius ratilus ir smulkias rauk\u0161leles, atstatydama odos elastingum\u0105 ir skaistum\u0105.<\/span><\/p>\n<p data-start=\"385\" data-end=\"479\"><strong data-start=\"385\" data-end=\"400\">Odos tipas:<\/strong><br data-start=\"400\" data-end=\"403\" \/><span class=\"relative -mx-px my-[-0.2rem] rounded px-px py-[0.2rem] transition-colors duration-100 ease-in-out\">Vis\u0173 tip\u0173 oda \u2013 \u012fskaitant jautri\u0105, dehidratuot\u0105 ir brand\u017ei\u0105.<\/span><\/p>\n<p data-start=\"481\" data-end=\"494\"><strong data-start=\"481\" data-end=\"494\">Poveikis:<\/strong><\/p>\n<ul data-start=\"495\" data-end=\"701\">\n<li data-start=\"495\" data-end=\"536\">\n<p data-start=\"497\" data-end=\"536\"><span class=\"relative -mx-px my-[-0.2rem] rounded px-px py-[0.2rem] transition-colors duration-100 ease-in-out\">Stangrina ir tonizuoja aki\u0173 kont\u016bro od\u0105.<\/span><\/p>\n<\/li>\n<li data-start=\"537\" data-end=\"578\">\n<p data-start=\"539\" data-end=\"578\"><span class=\"relative -mx-px my-[-0.2rem] rounded px-px py-[0.2rem] transition-colors duration-100 ease-in-out\">Ma\u017eina paburkimus ir tamsius ratilus.<\/span><\/p>\n<\/li>\n<li data-start=\"579\" data-end=\"620\">\n<p data-start=\"581\" data-end=\"620\"><span class=\"relative -mx-px my-[-0.2rem] rounded px-px py-[0.2rem] transition-colors duration-100 ease-in-out\">I\u0161lygina smulkias rauk\u0161leles ir linijas.<\/span><\/p>\n<\/li>\n<li data-start=\"621\" data-end=\"701\">\n<p data-start=\"623\" data-end=\"701\"><span class=\"relative -mx-px my-[-0.2rem] rounded px-px py-[0.2rem] transition-colors duration-100 ease-in-out\">Atkuria odos elastingum\u0105 ir skaistum\u0105.<\/span><\/p>\n<\/li>\n<\/ul>\n<p data-start=\"703\" data-end=\"718\"><strong data-start=\"703\" data-end=\"718\">Naudojimas:<\/strong><\/p>\n<ul data-start=\"719\" data-end=\"841\">\n<li data-start=\"719\" data-end=\"760\">\n<p data-start=\"721\" data-end=\"760\"><span class=\"relative -mx-px my-[-0.2rem] rounded px-px py-[0.2rem] transition-colors duration-100 ease-in-out\">Naudoti ryte ir vakare ant \u0161varios aki\u0173 kont\u016bro odos.<\/span><\/p>\n<\/li>\n<li data-start=\"761\" data-end=\"841\">\n<p data-start=\"763\" data-end=\"841\"><span class=\"relative -mx-px my-[-0.2rem] rounded px-px py-[0.2rem] transition-colors duration-100 ease-in-out\">\u0160velniai paskirstyti nedidel\u012f kiek\u012f kremo ir masa\u017euoti, kol visi\u0161kai \u012fsigers.<\/span><\/p>\n<\/li>\n<\/ul>\n<p data-start=\"843\" data-end=\"867\"><strong data-start=\"843\" data-end=\"867\">Atsargumo priemon\u0117s:<\/strong><\/p>\n<ul data-start=\"868\" data-end=\"1074\">\n<li data-start=\"868\" data-end=\"909\">\n<p data-start=\"870\" data-end=\"909\"><span class=\"relative -mx-px my-[-0.2rem] rounded px-px py-[0.2rem] transition-colors duration-100 ease-in-out\">Tik i\u0161oriniam naudojimui.<\/span><\/p>\n<\/li>\n<li data-start=\"910\" data-end=\"951\">\n<p data-start=\"912\" data-end=\"951\"><span class=\"relative -mx-px my-[-0.2rem] rounded px-px py-[0.2rem] transition-colors duration-100 ease-in-out\">Venkite patekimo \u012f akis.<\/span><\/p>\n<\/li>\n<li data-start=\"952\" data-end=\"993\">\n<p data-start=\"954\" data-end=\"993\"><span class=\"relative -mx-px my-[-0.2rem] rounded px-px py-[0.2rem] transition-colors duration-100 ease-in-out\">Jei atsiranda stiprus sudirgimas \u2013 nutraukti naudojim\u0105.<\/span><\/p>\n<\/li>\n<li data-start=\"994\" data-end=\"1074\">\n<p data-start=\"996\" data-end=\"1074\"><span class=\"relative -mx-px my-[-0.2rem] rounded px-px py-[0.2rem] transition-colors duration-100 ease-in-out\">Laikyti vaikams nepasiekiamoje vietoje.<\/span><\/p>\n<\/li>\n<\/ul>\n<p data-start=\"1076\" data-end=\"1096\"><strong data-start=\"1076\" data-end=\"1096\">Laikymo s\u0105lygos:<\/strong><\/p>\n<ul data-start=\"1097\" data-end=\"1219\">\n<li data-start=\"1097\" data-end=\"1138\">\n<p data-start=\"1099\" data-end=\"1138\"><span class=\"relative -mx-px my-[-0.2rem] rounded px-px py-[0.2rem] transition-colors duration-100 ease-in-out\">Laikyti kambario temperat\u016broje (15\u202f\u00b0C \u2013 25\u202f\u00b0C).<\/span><\/p>\n<\/li>\n<li data-start=\"1139\" data-end=\"1219\">\n<p data-start=\"1141\" data-end=\"1219\"><span class=\"relative -mx-px my-[-0.2rem] rounded px-px py-[0.2rem] transition-colors duration-100 ease-in-out\">Saugoti nuo tiesiogini\u0173 saul\u0117s spinduli\u0173.<\/span><\/p>\n<\/li>\n<\/ul>\n","protected":false},"excerpt":{"rendered":"<p>Stangrinamasis ir dr\u0117kinamasis kremas aki\u0173 kont\u016brui<\/p>","protected":false},"featured_media":9800,"comment_status":"open","ping_status":"closed","template":"","meta":[],"product_cat":[417,83],"product_tag":[],"class_list":{"0":"post-9799","1":"product","2":"type-product","3":"status-publish","4":"has-post-thumbnail","6":"product_cat-is-clinical-ir-valmont","7":"product_cat-paakiu-kremai","8":"pa_brands-valmont","9":"pa_talpa-15ml","11":"first","12":"instock","13":"taxable","14":"shipping-taxable","15":"purchasable","16":"product-type-simple"},"_links":{"self":[{"href":"https:\/\/miamedic.lt\/en\/wp-json\/wp\/v2\/product\/9799","targetHints":{"allow":["GET"]}}],"collection":[{"href":"https:\/\/miamedic.lt\/en\/wp-json\/wp\/v2\/product"}],"about":[{"href":"https:\/\/miamedic.lt\/en\/wp-json\/wp\/v2\/types\/product"}],"replies":[{"embeddable":true,"href":"https:\/\/miamedic.lt\/en\/wp-json\/wp\/v2\/comments?post=9799"}],"version-history":[{"count":3,"href":"https:\/\/miamedic.lt\/en\/wp-json\/wp\/v2\/product\/9799\/revisions"}],"predecessor-version":[{"id":12881,"href":"https:\/\/miamedic.lt\/en\/wp-json\/wp\/v2\/product\/9799\/revisions\/12881"}],"wp:featuredmedia":[{"embeddable":true,"href":"https:\/\/miamedic.lt\/en\/wp-json\/wp\/v2\/media\/9800"}],"wp:attachment":[{"href":"https:\/\/miamedic.lt\/en\/wp-json\/wp\/v2\/media?parent=9799"}],"wp:term":[{"taxonomy":"product_cat","embeddable":true,"href":"https:\/\/miamedic.lt\/en\/wp-json\/wp\/v2\/product_cat?post=9799"},{"taxonomy":"product_tag","embeddable":true,"href":"https:\/\/miamedic.lt\/en\/wp-json\/wp\/v2\/product_tag?post=9799"}],"curies":[{"name":"wp","href":"https:\/\/api.w.org\/{rel}","templated":true}]}}