{"id":9795,"date":"2025-06-09T05:35:58","date_gmt":"2025-06-09T05:35:58","guid":{"rendered":"https:\/\/miamedic.lt\/?post_type=product&#038;p=9795"},"modified":"2026-01-15T10:13:31","modified_gmt":"2026-01-15T10:13:31","slug":"vital-b-serum","status":"publish","type":"product","link":"https:\/\/miamedic.lt\/en\/shop\/vital-b-serum\/","title":{"rendered":"VITAL B. Serum"},"content":{"rendered":"<p data-start=\"44\" data-end=\"157\"><strong data-start=\"44\" data-end=\"70\">Valmont Vital\u202fB.\u202fSerum<\/strong> \u2013 universalus anti\u2011age serumas odos revitalizavimui, energijos atgavimui ir \u0161vyt\u0117jimui<\/p>\n<p data-start=\"159\" data-end=\"234\"><span class=\"relative -mx-px my-[-0.2rem] rounded px-px py-[0.2rem] transition-colors duration-100 ease-in-out\">Valmont Vital\u202fB.\u202fSerum \u2013 tai pirmas \u017eingsnis kasdien\u0117je veido prie\u017ei\u016bros rutinoje, sukurtas pavargusiai, stresui ir tar\u0161ai veikiamai odai. \u0160is lengvos tekst\u016bros, greitai \u012fsigeriantis serumas padeda atstatyti l\u0105steli\u0173 gyvybingum\u0105, tonizuoja, ramina bei nakai\u0161ina odos spindes\u012f.<\/span><\/p>\n<p data-start=\"236\" data-end=\"329\"><strong data-start=\"236\" data-end=\"251\">Odos tipas:<\/strong><br data-start=\"251\" data-end=\"254\" \/><span class=\"relative -mx-px my-[-0.2rem] rounded px-px py-[0.2rem] transition-colors duration-100 ease-in-out\">Vis\u0173 tip\u0173 oda \u2013 \u012fskaitant normali\u0105, mi\u0161ri\u0105, riebi\u0105, jautri\u0105, dehidratuot\u0105 bei brand\u017ei\u0105\u202f<\/span>.<\/p>\n<p data-start=\"331\" data-end=\"658\"><strong data-start=\"331\" data-end=\"344\">Poveikis:<\/strong><br data-start=\"344\" data-end=\"347\" \/><span class=\"relative -mx-px my-[-0.2rem] rounded px-px py-[0.2rem] transition-colors duration-100 ease-in-out\">\u2022 <strong data-start=\"2\" data-end=\"48\">Stiprina l\u0105steli\u0173 vitalum\u0105 ir regeneracij\u0105<\/strong>, energizuoja od\u0105\u202f<\/span><br data-start=\"421\" data-end=\"424\" \/><span class=\"relative -mx-px my-[-0.2rem] rounded px-px py-[0.2rem] transition-colors duration-100 ease-in-out\">\u2022 <strong data-start=\"2\" data-end=\"33\">Stiprina l\u0105steli\u0173 kv\u0117pavim\u0105<\/strong> ir skatina atsinaujinim\u0105\u202f<\/span><br data-start=\"498\" data-end=\"501\" \/><span class=\"relative -mx-px my-[-0.2rem] rounded px-px py-[0.2rem] transition-colors duration-100 ease-in-out\">\u2022 <strong data-start=\"2\" data-end=\"23\">Gr\u0105\u017eina \u0161vyt\u0117jim\u0105<\/strong>, spindes\u012f ir tonus\u0105, ypa\u010d po streso ar nuovargio\u202f<\/span><br data-start=\"577\" data-end=\"580\" \/><span class=\"relative -mx-px my-[-0.2rem] rounded px-px py-[0.2rem] transition-colors duration-100 ease-in-out\">\u2022 <strong data-start=\"2\" data-end=\"23\">Ramina sudirgimus<\/strong> ir ma\u017eina paraudim\u0105 (ypa\u010d po rinkos: stresin\u0117 oda, skutimas)\u202f<\/span><\/p>\n<p data-start=\"660\" data-end=\"798\"><strong data-start=\"660\" data-end=\"675\">Naudojimas:<\/strong><br data-start=\"675\" data-end=\"678\" \/><span class=\"relative -mx-px my-[-0.2rem] rounded px-px py-[0.2rem] transition-colors duration-100 ease-in-out\">\u2022 Naudoti ryte ir\/vakare, ant \u0161varios veido ir kaklo odos\u202f<\/span><br data-start=\"756\" data-end=\"759\" \/><span class=\"relative -mx-px my-[-0.2rem] rounded px-px py-[0.2rem] transition-colors duration-100 ease-in-out\">\u2022 U\u017ela\u0161inti kelis la\u0161us (3\u20134 pomp.) ir \u0161velniai \u012fmasa\u017euoti, kol visi\u0161kai \u012fsigers \u2013 prie\u0161 krem\u0105 ar SPF<\/span><\/p>\n<p data-start=\"800\" data-end=\"992\"><strong data-start=\"800\" data-end=\"824\">Atsargumo priemon\u0117s:<\/strong><br data-start=\"824\" data-end=\"827\" \/><span class=\"relative -mx-px my-[-0.2rem] rounded px-px py-[0.2rem] transition-colors duration-100 ease-in-out\">\u2022 Tik i\u0161oriniam naudojimui<\/span><br data-start=\"866\" data-end=\"869\" \/><span class=\"relative -mx-px my-[-0.2rem] rounded px-px py-[0.2rem] transition-colors duration-100 ease-in-out\">\u2022 Venkite patekimo \u012f akis<\/span><br data-start=\"908\" data-end=\"911\" \/><span class=\"relative -mx-px my-[-0.2rem] rounded px-px py-[0.2rem] transition-colors duration-100 ease-in-out\">\u2022 Jei pastebimas stiprus sudirgimas \u2013 nutraukti naudojim\u0105<\/span><br data-start=\"950\" data-end=\"953\" \/><span class=\"relative -mx-px my-[-0.2rem] rounded px-px py-[0.2rem] transition-colors duration-100 ease-in-out\">\u2022 Laikyti vaikams nepasiekiamoje vietoje<\/span><\/p>\n<p data-start=\"994\" data-end=\"1098\"><strong data-start=\"994\" data-end=\"1014\">Laikymo s\u0105lygos:<\/strong><br data-start=\"1014\" data-end=\"1017\" \/><span class=\"relative -mx-px my-[-0.2rem] rounded px-px py-[0.2rem] transition-colors duration-100 ease-in-out\">\u2022 Laikyti kambario temperat\u016broje (15\u202f\u00b0C \u2013 25\u202f\u00b0C)<\/span><br data-start=\"1056\" data-end=\"1059\" \/><span class=\"relative -mx-px my-[-0.2rem] rounded px-px py-[0.2rem] transition-colors duration-100 ease-in-out\">\u2022 Saugoti nuo tiesiogini\u0173 saul\u0117s spinduli\u0173<\/span><\/p>\n","protected":false},"excerpt":{"rendered":"<p>Universalus anti\u2011age serumas odos revitalizavimui, energijos atgavimui ir \u0161vyt\u0117jimui<\/p>","protected":false},"featured_media":9796,"comment_status":"open","ping_status":"closed","template":"","meta":[],"product_cat":[417,107],"product_tag":[],"class_list":{"0":"post-9795","1":"product","2":"type-product","3":"status-publish","4":"has-post-thumbnail","6":"product_cat-is-clinical-ir-valmont","7":"product_cat-serumai","8":"pa_brands-valmont","9":"pa_talpa-30ml-2","11":"first","12":"instock","13":"taxable","14":"shipping-taxable","15":"purchasable","16":"product-type-simple"},"_links":{"self":[{"href":"https:\/\/miamedic.lt\/en\/wp-json\/wp\/v2\/product\/9795","targetHints":{"allow":["GET"]}}],"collection":[{"href":"https:\/\/miamedic.lt\/en\/wp-json\/wp\/v2\/product"}],"about":[{"href":"https:\/\/miamedic.lt\/en\/wp-json\/wp\/v2\/types\/product"}],"replies":[{"embeddable":true,"href":"https:\/\/miamedic.lt\/en\/wp-json\/wp\/v2\/comments?post=9795"}],"version-history":[{"count":2,"href":"https:\/\/miamedic.lt\/en\/wp-json\/wp\/v2\/product\/9795\/revisions"}],"predecessor-version":[{"id":10094,"href":"https:\/\/miamedic.lt\/en\/wp-json\/wp\/v2\/product\/9795\/revisions\/10094"}],"wp:featuredmedia":[{"embeddable":true,"href":"https:\/\/miamedic.lt\/en\/wp-json\/wp\/v2\/media\/9796"}],"wp:attachment":[{"href":"https:\/\/miamedic.lt\/en\/wp-json\/wp\/v2\/media?parent=9795"}],"wp:term":[{"taxonomy":"product_cat","embeddable":true,"href":"https:\/\/miamedic.lt\/en\/wp-json\/wp\/v2\/product_cat?post=9795"},{"taxonomy":"product_tag","embeddable":true,"href":"https:\/\/miamedic.lt\/en\/wp-json\/wp\/v2\/product_tag?post=9795"}],"curies":[{"name":"wp","href":"https:\/\/api.w.org\/{rel}","templated":true}]}}