{"id":9785,"date":"2025-06-09T05:27:51","date_gmt":"2025-06-09T05:27:51","guid":{"rendered":"https:\/\/miamedic.lt\/?post_type=product&#038;p=9785"},"modified":"2026-01-15T10:13:50","modified_gmt":"2026-01-15T10:13:50","slug":"vital-24-hour-light","status":"publish","type":"product","link":"https:\/\/miamedic.lt\/en\/shop\/vital-24-hour-light\/","title":{"rendered":"VITAL 24 hour light"},"content":{"rendered":"<p data-start=\"168\" data-end=\"270\"><strong data-start=\"168\" data-end=\"199\">Valmont VITAL 24 Hour Light<\/strong> \u2013 lengvos tekst\u016bros kasdienis veido kremas odos dr\u0117kinimui ir apsaugai<\/p>\n<p data-start=\"272\" data-end=\"602\">Valmont VITAL 24 Hour Light \u2013 tai kasdieniam naudojimui skirtas lengvas veido kremas, sukurtas siekiant dr\u0117kinti, apsaugoti ir sustiprinti od\u0105 nuo i\u0161orini\u0173 veiksni\u0173. D\u0117l \u0161velnios tekst\u016bros puikiai tinka kaip dieninis kremas arba kaip dr\u0117kinanti baz\u0117 po makia\u017eu. Kremas atstato odos komfort\u0105, elastingum\u0105 ir skaistum\u0105 visai dienai.<\/p>\n<p data-start=\"604\" data-end=\"663\"><strong data-start=\"604\" data-end=\"619\">Odos tipas:<\/strong><br data-start=\"619\" data-end=\"622\" \/>Normali, mi\u0161ri, riebi ar dehidratuota oda<\/p>\n<p data-start=\"665\" data-end=\"858\"><strong data-start=\"665\" data-end=\"678\">Effect:<\/strong><br data-start=\"678\" data-end=\"681\" \/>\u2022 Dr\u0117kina od\u0105 24 valandas<br data-start=\"706\" data-end=\"709\" \/>\u2022 Apsaugo nuo aplinkos poveikio (tar\u0161os, streso)<br data-start=\"757\" data-end=\"760\" \/>\u2022 Gerina odos elastingum\u0105 ir \u0161vyt\u0117jim\u0105<br data-start=\"798\" data-end=\"801\" \/>\u2022 Puikiai tinka kaip dieninis kremas ar makia\u017eo pagrindas<\/p>\n<p data-start=\"860\" data-end=\"1060\"><strong data-start=\"860\" data-end=\"875\">Usage:<\/strong><br data-start=\"875\" data-end=\"878\" \/>\u2022 Naudoti ryte ir\/arba vakare ant \u0161varios veido ir kaklo odos<br data-start=\"939\" data-end=\"942\" \/>\u2022 Nedidel\u012f kiek\u012f kremo paskirstyti sukamaisiais judesiais<br data-start=\"999\" data-end=\"1002\" \/>\u2022 Leisti visi\u0161kai \u012fsigerti prie\u0161 naudojant kitus produktus<\/p>\n<p data-start=\"1062\" data-end=\"1186\"><strong data-start=\"1062\" data-end=\"1086\">Atsargumo priemon\u0117s:<\/strong><br data-start=\"1086\" data-end=\"1089\" \/>\u2022 Tik i\u0161oriniam naudojimui<br data-start=\"1115\" data-end=\"1118\" \/>\u2022 Venkite patekimo \u012f akis<br data-start=\"1143\" data-end=\"1146\" \/>\u2022 Laikyti vaikams nepasiekiamoje vietoje<\/p>\n<p data-start=\"1188\" data-end=\"1299\"><strong data-start=\"1188\" data-end=\"1208\">Laikymo s\u0105lygos:<\/strong><br data-start=\"1208\" data-end=\"1211\" \/>\u2022 Laikyti kambario temperat\u016broje (15\u201325\u202f\u00b0C)<br data-start=\"1254\" data-end=\"1257\" \/>\u2022 Saugoti nuo tiesiogini\u0173 saul\u0117s spinduli\u0173<\/p>","protected":false},"excerpt":{"rendered":"<p>Lengvos tekst\u016bros kasdienis veido kremas odos dr\u0117kinimui ir apsaugai<\/p>","protected":false},"featured_media":9786,"comment_status":"open","ping_status":"closed","template":"","meta":[],"product_cat":[417,129],"product_tag":[],"class_list":{"0":"post-9785","1":"product","2":"type-product","3":"status-publish","4":"has-post-thumbnail","6":"product_cat-is-clinical-ir-valmont","7":"product_cat-veido-kremai","8":"pa_brands-valmont","9":"pa_talpa-50ml-2","11":"first","12":"instock","13":"taxable","14":"shipping-taxable","15":"purchasable","16":"product-type-simple"},"_links":{"self":[{"href":"https:\/\/miamedic.lt\/en\/wp-json\/wp\/v2\/product\/9785","targetHints":{"allow":["GET"]}}],"collection":[{"href":"https:\/\/miamedic.lt\/en\/wp-json\/wp\/v2\/product"}],"about":[{"href":"https:\/\/miamedic.lt\/en\/wp-json\/wp\/v2\/types\/product"}],"replies":[{"embeddable":true,"href":"https:\/\/miamedic.lt\/en\/wp-json\/wp\/v2\/comments?post=9785"}],"version-history":[{"count":3,"href":"https:\/\/miamedic.lt\/en\/wp-json\/wp\/v2\/product\/9785\/revisions"}],"predecessor-version":[{"id":10096,"href":"https:\/\/miamedic.lt\/en\/wp-json\/wp\/v2\/product\/9785\/revisions\/10096"}],"wp:featuredmedia":[{"embeddable":true,"href":"https:\/\/miamedic.lt\/en\/wp-json\/wp\/v2\/media\/9786"}],"wp:attachment":[{"href":"https:\/\/miamedic.lt\/en\/wp-json\/wp\/v2\/media?parent=9785"}],"wp:term":[{"taxonomy":"product_cat","embeddable":true,"href":"https:\/\/miamedic.lt\/en\/wp-json\/wp\/v2\/product_cat?post=9785"},{"taxonomy":"product_tag","embeddable":true,"href":"https:\/\/miamedic.lt\/en\/wp-json\/wp\/v2\/product_tag?post=9785"}],"curies":[{"name":"wp","href":"https:\/\/api.w.org\/{rel}","templated":true}]}}