{"id":9772,"date":"2025-06-09T05:16:52","date_gmt":"2025-06-09T05:16:52","guid":{"rendered":"https:\/\/miamedic.lt\/?post_type=product&#038;p=9772"},"modified":"2026-01-15T10:12:38","modified_gmt":"2026-01-15T10:12:38","slug":"valmont-vital-falls","status":"publish","type":"product","link":"https:\/\/miamedic.lt\/en\/shop\/valmont-vital-falls\/","title":{"rendered":"Valmont Vital Falls"},"content":{"rendered":"<p data-start=\"120\" data-end=\"192\"><strong data-start=\"120\" data-end=\"143\">Valmont Vital Falls<\/strong> \u2013 gaivinamasis tonikas kasdienei odos prie\u017ei\u016brai<\/p>\n<p data-start=\"194\" data-end=\"485\">Valmont Vital Falls \u2013 tai \u0161velnus, bet veiksmingas veido tonikas, kuris u\u017ebaigia odos valymo etap\u0105, subalansuoja odos pH ir paruo\u0161ia j\u0105 kitoms prie\u017ei\u016bros priemon\u0117ms. Jis pa\u0161alina liku\u010dius po prausimo, dr\u0117kina, tonizuoja ir ramina net jautriausi\u0105 od\u0105, nepalikdamas tempimo ar sausumo poj\u016b\u010dio.<\/p>\n<p data-start=\"487\" data-end=\"550\"><strong data-start=\"487\" data-end=\"502\">Odos tipas:<\/strong><br data-start=\"502\" data-end=\"505\" \/>Vis\u0173 tip\u0173 oda \u2013 \u012fskaitant jautri\u0105 ir brand\u017ei\u0105<\/p>\n<p data-start=\"552\" data-end=\"713\"><strong data-start=\"552\" data-end=\"565\">Effect:<\/strong><br data-start=\"565\" data-end=\"568\" \/>\u2022 Pa\u0161alina valymo priemoni\u0173 liku\u010dius ir atkuria odos pH<br data-start=\"623\" data-end=\"626\" \/>\u2022 Tonizuoja ir gaivina od\u0105<br data-start=\"652\" data-end=\"655\" \/>\u2022 Paruo\u0161ia od\u0105 serumams ir kremams<br data-start=\"689\" data-end=\"692\" \/>\u2022 Dr\u0117kina ir \u0161velnina<\/p>\n<p data-start=\"715\" data-end=\"887\"><strong data-start=\"715\" data-end=\"730\">Usage:<\/strong><br data-start=\"730\" data-end=\"733\" \/>\u2022 Naudoti ryte ir vakare po veido valymo<br data-start=\"773\" data-end=\"776\" \/>\u2022 Sudr\u0117kinti vatos diskel\u012f ir \u0161velniai nuvalyti veid\u0105 bei kakl\u0105<br data-start=\"839\" data-end=\"842\" \/>\u2022 Nenuskalauti \u2013 t\u0119sti odos prie\u017ei\u016bros rutin\u0105<\/p>\n<p data-start=\"889\" data-end=\"992\"><strong data-start=\"889\" data-end=\"913\">Atsargumo priemon\u0117s:<\/strong><br data-start=\"913\" data-end=\"916\" \/>\u2022 Tik i\u0161oriniam naudojimui<br data-start=\"942\" data-end=\"945\" \/>\u2022 Venkite patekimo \u012f akis<br data-start=\"970\" data-end=\"973\" \/>\u2022 Saugoti nuo vaik\u0173<\/p>\n<p data-start=\"994\" data-end=\"1105\"><strong data-start=\"994\" data-end=\"1014\">Laikymo s\u0105lygos:<\/strong><br data-start=\"1014\" data-end=\"1017\" \/>\u2022 Laikyti kambario temperat\u016broje (15\u201325\u202f\u00b0C)<br data-start=\"1060\" data-end=\"1063\" \/>\u2022 Saugoti nuo tiesiogini\u0173 saul\u0117s spinduli\u0173<\/p>","protected":false},"excerpt":{"rendered":"<p>Gaivinamasis tonikas kasdienei odos prie\u017ei\u016brai<\/p>","protected":false},"featured_media":9773,"comment_status":"open","ping_status":"closed","template":"","meta":[],"product_cat":[417,105],"product_tag":[],"class_list":{"0":"post-9772","1":"product","2":"type-product","3":"status-publish","4":"has-post-thumbnail","6":"product_cat-is-clinical-ir-valmont","7":"product_cat-tonikai","8":"pa_brands-valmont","9":"pa_talpa-150ml","11":"first","12":"instock","13":"taxable","14":"shipping-taxable","15":"purchasable","16":"product-type-simple"},"_links":{"self":[{"href":"https:\/\/miamedic.lt\/en\/wp-json\/wp\/v2\/product\/9772","targetHints":{"allow":["GET"]}}],"collection":[{"href":"https:\/\/miamedic.lt\/en\/wp-json\/wp\/v2\/product"}],"about":[{"href":"https:\/\/miamedic.lt\/en\/wp-json\/wp\/v2\/types\/product"}],"replies":[{"embeddable":true,"href":"https:\/\/miamedic.lt\/en\/wp-json\/wp\/v2\/comments?post=9772"}],"version-history":[{"count":2,"href":"https:\/\/miamedic.lt\/en\/wp-json\/wp\/v2\/product\/9772\/revisions"}],"predecessor-version":[{"id":10099,"href":"https:\/\/miamedic.lt\/en\/wp-json\/wp\/v2\/product\/9772\/revisions\/10099"}],"wp:featuredmedia":[{"embeddable":true,"href":"https:\/\/miamedic.lt\/en\/wp-json\/wp\/v2\/media\/9773"}],"wp:attachment":[{"href":"https:\/\/miamedic.lt\/en\/wp-json\/wp\/v2\/media?parent=9772"}],"wp:term":[{"taxonomy":"product_cat","embeddable":true,"href":"https:\/\/miamedic.lt\/en\/wp-json\/wp\/v2\/product_cat?post=9772"},{"taxonomy":"product_tag","embeddable":true,"href":"https:\/\/miamedic.lt\/en\/wp-json\/wp\/v2\/product_tag?post=9772"}],"curies":[{"name":"wp","href":"https:\/\/api.w.org\/{rel}","templated":true}]}}