{"id":9767,"date":"2025-06-09T05:12:52","date_gmt":"2025-06-09T05:12:52","guid":{"rendered":"https:\/\/miamedic.lt\/?post_type=product&#038;p=9767"},"modified":"2026-01-15T10:12:32","modified_gmt":"2026-01-15T10:12:32","slug":"valmont-fluid-falls","status":"publish","type":"product","link":"https:\/\/miamedic.lt\/en\/shop\/valmont-fluid-falls\/","title":{"rendered":"Valmont Fluid Falls"},"content":{"rendered":"<p data-start=\"144\" data-end=\"228\"><strong data-start=\"144\" data-end=\"167\">Valmont Fluid Falls<\/strong> \u2013 \u0161velnus valomasis pienelis kasdienei veido odos prie\u017ei\u016brai<\/p>\n<p data-start=\"230\" data-end=\"557\">Valmont Fluid Falls \u2013 tai prabangus, \u0161velnios konsistencijos valomasis pienelis, skirtas pa\u0161alinti makia\u017e\u0105, ne\u0161varumus ir perteklin\u012f sebum\u0105 nuo veido odos, jos nedirgindamas ir nei\u0161sausindamas. Sukurtas taip, kad tikt\u0173 net jautriai odai, \u0161is pienelis \u0161velniai valo, tuo pa\u010diu i\u0161laikydamas odos komfort\u0105, mink\u0161tum\u0105 ir \u0161vyt\u0117jim\u0105.<\/p>\n<p data-start=\"559\" data-end=\"625\"><strong data-start=\"559\" data-end=\"574\">Odos tipas:<\/strong><br data-start=\"574\" data-end=\"577\" \/>Vis\u0173 tip\u0173 oda \u2013 ypa\u010d jautri, sausa ir brandi oda<\/p>\n<p data-start=\"627\" data-end=\"806\"><strong data-start=\"627\" data-end=\"640\">Effect:<\/strong><br data-start=\"640\" data-end=\"643\" \/>\u2022 \u0160velniai pa\u0161alina ne\u0161varumus ir makia\u017e\u0105<br data-start=\"684\" data-end=\"687\" \/>\u2022 Nesutraukia odos, i\u0161laiko jos dr\u0117gm\u0117s balans\u0105<br data-start=\"734\" data-end=\"737\" \/>\u2022 Mink\u0161tina ir ramina od\u0105<br data-start=\"762\" data-end=\"765\" \/>\u2022 Palieka od\u0105 \u0161vari\u0105, gaivi\u0105 ir \u0161vytin\u010di\u0105<\/p>\n<p data-start=\"808\" data-end=\"1007\"><strong data-start=\"808\" data-end=\"823\">Usage:<\/strong><br data-start=\"823\" data-end=\"826\" \/>\u2022 Naudoti ryte ir vakare<br data-start=\"850\" data-end=\"853\" \/>\u2022 Nedidel\u012f kiek\u012f pienelio paskirstyti ant veido bei kaklo odos<br data-start=\"915\" data-end=\"918\" \/>\u2022 Masa\u017euoti sukamaisiais judesiais<br data-start=\"952\" data-end=\"955\" \/>\u2022 Nuvalyti dr\u0117gnu vatos disku arba nuplauti vandeniu<\/p>\n<p data-start=\"1009\" data-end=\"1133\"><strong data-start=\"1009\" data-end=\"1033\">Atsargumo priemon\u0117s:<\/strong><br data-start=\"1033\" data-end=\"1036\" \/>\u2022 Tik i\u0161oriniam naudojimui<br data-start=\"1062\" data-end=\"1065\" \/>\u2022 Venkite patekimo \u012f akis<br data-start=\"1090\" data-end=\"1093\" \/>\u2022 Laikyti vaikams nepasiekiamoje vietoje<\/p>\n<p data-start=\"1135\" data-end=\"1251\"><strong data-start=\"1135\" data-end=\"1155\">Laikymo s\u0105lygos:<\/strong><br data-start=\"1155\" data-end=\"1158\" \/>\u2022 Laikyti kambario temperat\u016broje (15\u202f\u00b0C \u2013 25\u202f\u00b0C)<br data-start=\"1206\" data-end=\"1209\" \/>\u2022 Saugoti nuo tiesiogini\u0173 saul\u0117s spinduli\u0173<\/p>","protected":false},"excerpt":{"rendered":"<p>\u0160velnus valomasis pienelis kasdienei veido odos prie\u017ei\u016brai<\/p>","protected":false},"featured_media":9768,"comment_status":"open","ping_status":"closed","template":"","meta":[],"product_cat":[417,124],"product_tag":[],"class_list":{"0":"post-9767","1":"product","2":"type-product","3":"status-publish","4":"has-post-thumbnail","6":"product_cat-is-clinical-ir-valmont","7":"product_cat-prausikliai","8":"pa_brands-valmont","9":"pa_talpa-150ml","11":"first","12":"instock","13":"taxable","14":"shipping-taxable","15":"purchasable","16":"product-type-simple"},"_links":{"self":[{"href":"https:\/\/miamedic.lt\/en\/wp-json\/wp\/v2\/product\/9767","targetHints":{"allow":["GET"]}}],"collection":[{"href":"https:\/\/miamedic.lt\/en\/wp-json\/wp\/v2\/product"}],"about":[{"href":"https:\/\/miamedic.lt\/en\/wp-json\/wp\/v2\/types\/product"}],"replies":[{"embeddable":true,"href":"https:\/\/miamedic.lt\/en\/wp-json\/wp\/v2\/comments?post=9767"}],"version-history":[{"count":4,"href":"https:\/\/miamedic.lt\/en\/wp-json\/wp\/v2\/product\/9767\/revisions"}],"predecessor-version":[{"id":12426,"href":"https:\/\/miamedic.lt\/en\/wp-json\/wp\/v2\/product\/9767\/revisions\/12426"}],"wp:featuredmedia":[{"embeddable":true,"href":"https:\/\/miamedic.lt\/en\/wp-json\/wp\/v2\/media\/9768"}],"wp:attachment":[{"href":"https:\/\/miamedic.lt\/en\/wp-json\/wp\/v2\/media?parent=9767"}],"wp:term":[{"taxonomy":"product_cat","embeddable":true,"href":"https:\/\/miamedic.lt\/en\/wp-json\/wp\/v2\/product_cat?post=9767"},{"taxonomy":"product_tag","embeddable":true,"href":"https:\/\/miamedic.lt\/en\/wp-json\/wp\/v2\/product_tag?post=9767"}],"curies":[{"name":"wp","href":"https:\/\/api.w.org\/{rel}","templated":true}]}}