{"id":9760,"date":"2025-06-09T05:07:02","date_gmt":"2025-06-09T05:07:02","guid":{"rendered":"https:\/\/miamedic.lt\/?post_type=product&#038;p=9760"},"modified":"2026-01-15T10:12:26","modified_gmt":"2026-01-15T10:12:26","slug":"valmont-sveitiklis","status":"publish","type":"product","link":"https:\/\/miamedic.lt\/en\/shop\/valmont-sveitiklis\/","title":{"rendered":"Valmont \u0161veitiklis"},"content":{"rendered":"<p data-start=\"169\" data-end=\"252\"><strong data-start=\"169\" data-end=\"195\">Valmont Face Exfoliant<\/strong> \u2013 prabangus veido \u0161veitiklis glotnesnei, \u0161vytin\u010diai odai<\/p>\n<p data-start=\"254\" data-end=\"588\">Valmont Face Exfoliant \u2013 tai \u0161velnaus, ta\u010diau efektyvaus poveikio prabangus veido \u0161veitiklis, kuris padeda pa\u0161alinti negyvas odos l\u0105steles, i\u0161lygina odos tekst\u016br\u0105 ir suteikia skaistumo. Sud\u0117tyje esantys mikrogranul\u0117s kartu su raminan\u010diais komponentais u\u017etikrina \u0161veln\u0173 \u0161veitim\u0105 net jautriai odai, nepa\u017eeid\u017eiant jos apsauginio barjero.<\/p>\n<p data-start=\"590\" data-end=\"641\"><strong data-start=\"590\" data-end=\"605\">Odos tipas:<\/strong><br data-start=\"605\" data-end=\"608\" \/>Vis\u0173 tip\u0173 oda \u2013 \u012fskaitant jautri\u0105<\/p>\n<p data-start=\"643\" data-end=\"837\"><strong data-start=\"643\" data-end=\"656\">Effect:<\/strong><br data-start=\"656\" data-end=\"659\" \/>\u2022 \u0160velniai pa\u0161alina negyvas odos l\u0105steles<br data-start=\"700\" data-end=\"703\" \/>\u2022 Glotnina ir skaistina odos pavir\u0161i\u0173<br data-start=\"740\" data-end=\"743\" \/>\u2022 Gerina kit\u0173 odos prie\u017ei\u016bros priemoni\u0173 \u012fsisavinim\u0105<br data-start=\"794\" data-end=\"797\" \/>\u2022 Suteikia odai gaivumo ir \u0161varos poj\u016bt\u012f<\/p>\n<p data-start=\"839\" data-end=\"1061\"><strong data-start=\"839\" data-end=\"854\">Usage:<\/strong><br data-start=\"854\" data-end=\"857\" \/>\u2022 Naudoti 1\u20132 kartus per savait\u0119<br data-start=\"889\" data-end=\"892\" \/>\u2022 Nedidel\u012f kiek\u012f priemon\u0117s paskirstyti ant dr\u0117gnos veido odos<br data-start=\"953\" data-end=\"956\" \/>\u2022 Masa\u017euoti sukamaisiais judesiais, vengiant aki\u0173 srities<br data-start=\"1013\" data-end=\"1016\" \/>\u2022 Nuplauti \u0161iltu vandeniu ir nusausinti veid\u0105<\/p>\n<p data-start=\"1063\" data-end=\"1214\"><strong data-start=\"1063\" data-end=\"1087\">Atsargumo priemon\u0117s:<\/strong><br data-start=\"1087\" data-end=\"1090\" \/>\u2022 Tik i\u0161oriniam naudojimui<br data-start=\"1116\" data-end=\"1119\" \/>\u2022 Venkite patekimo \u012f akis<br data-start=\"1144\" data-end=\"1147\" \/>\u2022 Nenaudoti ant sudirgusios ar pa\u017eeistos odos<br data-start=\"1192\" data-end=\"1195\" \/>\u2022 Saugoti nuo vaik\u0173<\/p>\n<p data-start=\"1216\" data-end=\"1341\"><strong data-start=\"1216\" data-end=\"1236\">Laikymo s\u0105lygos:<\/strong><br data-start=\"1236\" data-end=\"1239\" \/>\u2022 Laikyti kambario temperat\u016broje 15\u202f\u00b0C \u2013 25\u202f\u00b0C<br data-start=\"1285\" data-end=\"1288\" \/>\u2022 Saugoti nuo dr\u0117gm\u0117s ir tiesiogini\u0173 saul\u0117s spinduli\u0173<\/p>","protected":false},"excerpt":{"rendered":"<p>Prabangus veido \u0161veitiklis glotnesnei, \u0161vytin\u010diai odai<\/p>","protected":false},"featured_media":9761,"comment_status":"open","ping_status":"closed","template":"","meta":[],"product_cat":[417,110],"product_tag":[],"class_list":{"0":"post-9760","1":"product","2":"type-product","3":"status-publish","4":"has-post-thumbnail","6":"product_cat-is-clinical-ir-valmont","7":"product_cat-sveitikliai","8":"pa_brands-valmont","10":"first","11":"instock","12":"taxable","13":"shipping-taxable","14":"purchasable","15":"product-type-simple"},"_links":{"self":[{"href":"https:\/\/miamedic.lt\/en\/wp-json\/wp\/v2\/product\/9760","targetHints":{"allow":["GET"]}}],"collection":[{"href":"https:\/\/miamedic.lt\/en\/wp-json\/wp\/v2\/product"}],"about":[{"href":"https:\/\/miamedic.lt\/en\/wp-json\/wp\/v2\/types\/product"}],"replies":[{"embeddable":true,"href":"https:\/\/miamedic.lt\/en\/wp-json\/wp\/v2\/comments?post=9760"}],"version-history":[{"count":3,"href":"https:\/\/miamedic.lt\/en\/wp-json\/wp\/v2\/product\/9760\/revisions"}],"predecessor-version":[{"id":10101,"href":"https:\/\/miamedic.lt\/en\/wp-json\/wp\/v2\/product\/9760\/revisions\/10101"}],"wp:featuredmedia":[{"embeddable":true,"href":"https:\/\/miamedic.lt\/en\/wp-json\/wp\/v2\/media\/9761"}],"wp:attachment":[{"href":"https:\/\/miamedic.lt\/en\/wp-json\/wp\/v2\/media?parent=9760"}],"wp:term":[{"taxonomy":"product_cat","embeddable":true,"href":"https:\/\/miamedic.lt\/en\/wp-json\/wp\/v2\/product_cat?post=9760"},{"taxonomy":"product_tag","embeddable":true,"href":"https:\/\/miamedic.lt\/en\/wp-json\/wp\/v2\/product_tag?post=9760"}],"curies":[{"name":"wp","href":"https:\/\/api.w.org\/{rel}","templated":true}]}}