{"id":9749,"date":"2025-06-05T09:13:09","date_gmt":"2025-06-05T09:13:09","guid":{"rendered":"https:\/\/miamedic.lt\/?post_type=product&#038;p=9749"},"modified":"2026-02-02T17:20:31","modified_gmt":"2026-02-02T17:20:31","slug":"professional-c-microdermabrasion-polish","status":"publish","type":"product","link":"https:\/\/miamedic.lt\/en\/shop\/professional-c-microdermabrasion-polish\/","title":{"rendered":"Professional-C Microdermabrasion Polish"},"content":{"rendered":"<p data-start=\"226\" data-end=\"350\"><strong data-start=\"226\" data-end=\"291\">Obagi Medical Professional-C\u00ae Microdermabrasion Polish + Mask<\/strong> \u2013 dvigubo poveikio veido \u0161veitiklis ir kauk\u0117 su vitaminu C<\/p>\n<p data-start=\"352\" data-end=\"736\">Obagi Professional-C\u00ae Microdermabrasion Polish + Mask \u2013 tai unikali priemon\u0117, jungianti <strong data-start=\"440\" data-end=\"469\">\u0161veln\u0173 mechanin\u012f \u0161veitim\u0105<\/strong> su <strong data-start=\"473\" data-end=\"506\">stipria 30\u202f% vitamino C kauke<\/strong>, siekiant atkurti skaistum\u0105, glotnum\u0105 ir sveik\u0105 odos i\u0161vaizd\u0105. Produktas ne tik pa\u0161alina negyvas odos l\u0105steles, bet ir giliai pamaitina od\u0105 stipriais antioksidantais. Po naudojimo oda tampa \u0161vytinti, lygesn\u0117 ir labiau atgaivinta.<\/p>\n<p data-start=\"738\" data-end=\"833\"><strong data-start=\"738\" data-end=\"753\">Odos tipas:<\/strong><br data-start=\"753\" data-end=\"756\" \/>Normali oda, riebi oda, kombinuota oda (netinka jautriai ar sudirgusiai odai)<\/p>\n<p data-start=\"835\" data-end=\"1044\"><strong data-start=\"835\" data-end=\"848\">Effect:<\/strong><br data-start=\"848\" data-end=\"851\" \/>\u2022 Pa\u0161alina negyvas odos l\u0105steles ir atveria poras<br data-start=\"900\" data-end=\"903\" \/>\u2022 Praturtina od\u0105 30\u202f% grynu vitaminu C (L-askorbo r\u016bg\u0161timi)<br data-start=\"962\" data-end=\"965\" \/>\u2022 Skatina odos skaistum\u0105 ir glotnum\u0105<br data-start=\"1001\" data-end=\"1004\" \/>\u2022 Gerina bendr\u0105 odos strukt\u016br\u0105 ir tonus\u0105<\/p>\n<p data-start=\"1046\" data-end=\"1328\"><strong data-start=\"1046\" data-end=\"1061\">Usage:<\/strong><br data-start=\"1061\" data-end=\"1064\" \/>\u2022 Naudoti 1\u20133 kartus per savait\u0119, ant \u0161varios, sausos odos<br data-start=\"1122\" data-end=\"1125\" \/>\u2022 Nedidel\u012f kiek\u012f paskirstyti ant veido odos sukamaisiais judesiais (vengiant aki\u0173 srities)<br data-start=\"1215\" data-end=\"1218\" \/>\u2022 Palikti veikti 10\u201315 min., tuomet nuplauti \u0161iltu vandeniu<br data-start=\"1277\" data-end=\"1280\" \/>\u2022 Po proced\u016bros naudoti dr\u0117kinam\u0105j\u012f krem\u0105 ir SPF<\/p>\n<p data-start=\"1330\" data-end=\"1530\"><strong data-start=\"1330\" data-end=\"1354\">Atsargumo priemon\u0117s:<\/strong><br data-start=\"1354\" data-end=\"1357\" \/>\u2022 Tik i\u0161oriniam naudojimui<br data-start=\"1383\" data-end=\"1386\" \/>\u2022 Venkite patekimo \u012f akis<br data-start=\"1411\" data-end=\"1414\" \/>\u2022 Nenaudoti ant pa\u017eeistos ar sudirgusios odos<br data-start=\"1459\" data-end=\"1462\" \/>\u2022 Saugoti nuo vaik\u0173<br data-start=\"1481\" data-end=\"1484\" \/>\u2022 Naudojimo metu ir po to \u2013 b\u016btina SPF apsauga<\/p>\n<p data-start=\"1532\" data-end=\"1676\"><strong data-start=\"1532\" data-end=\"1552\">Laikymo s\u0105lygos:<\/strong><br data-start=\"1552\" data-end=\"1555\" \/>\u2022 Laikyti v\u0117sioje, sausoje vietoje<br data-start=\"1589\" data-end=\"1592\" \/>\u2022 Saugoti nuo tiesiogini\u0173 saul\u0117s spinduli\u0173<br data-start=\"1634\" data-end=\"1637\" \/>\u2022 Laikyti 15\u202f\u00b0C \u2013 25\u202f\u00b0C (59\u202f\u00b0F \u2013 77\u202f\u00b0F)<\/p>","protected":false},"excerpt":{"rendered":"<p>Dvigubo poveikio veido \u0161veitiklis ir kauk\u0117 su vitaminu C<\/p>","protected":false},"featured_media":9750,"comment_status":"open","ping_status":"closed","template":"","meta":[],"product_cat":[110,420],"product_tag":[],"class_list":{"0":"post-9749","1":"product","2":"type-product","3":"status-publish","4":"has-post-thumbnail","6":"product_cat-sveitikliai","7":"product_cat-veido-kaukes","8":"pa_brands-obagi-medical","9":"pa_talpa-80g","11":"first","12":"instock","13":"taxable","14":"shipping-taxable","15":"purchasable","16":"product-type-simple"},"_links":{"self":[{"href":"https:\/\/miamedic.lt\/en\/wp-json\/wp\/v2\/product\/9749","targetHints":{"allow":["GET"]}}],"collection":[{"href":"https:\/\/miamedic.lt\/en\/wp-json\/wp\/v2\/product"}],"about":[{"href":"https:\/\/miamedic.lt\/en\/wp-json\/wp\/v2\/types\/product"}],"replies":[{"embeddable":true,"href":"https:\/\/miamedic.lt\/en\/wp-json\/wp\/v2\/comments?post=9749"}],"version-history":[{"count":4,"href":"https:\/\/miamedic.lt\/en\/wp-json\/wp\/v2\/product\/9749\/revisions"}],"predecessor-version":[{"id":12908,"href":"https:\/\/miamedic.lt\/en\/wp-json\/wp\/v2\/product\/9749\/revisions\/12908"}],"wp:featuredmedia":[{"embeddable":true,"href":"https:\/\/miamedic.lt\/en\/wp-json\/wp\/v2\/media\/9750"}],"wp:attachment":[{"href":"https:\/\/miamedic.lt\/en\/wp-json\/wp\/v2\/media?parent=9749"}],"wp:term":[{"taxonomy":"product_cat","embeddable":true,"href":"https:\/\/miamedic.lt\/en\/wp-json\/wp\/v2\/product_cat?post=9749"},{"taxonomy":"product_tag","embeddable":true,"href":"https:\/\/miamedic.lt\/en\/wp-json\/wp\/v2\/product_tag?post=9749"}],"curies":[{"name":"wp","href":"https:\/\/api.w.org\/{rel}","templated":true}]}}