{"id":9732,"date":"2025-05-28T15:18:27","date_gmt":"2025-05-28T15:18:27","guid":{"rendered":"https:\/\/miamedic.lt\/?post_type=product&#038;p=9732"},"modified":"2025-12-01T00:29:23","modified_gmt":"2025-12-01T00:29:23","slug":"professional-c-peptide-complex","status":"publish","type":"product","link":"https:\/\/miamedic.lt\/en\/shop\/professional-c-peptide-complex\/","title":{"rendered":"Professional-C Peptide Complex"},"content":{"rendered":"<p data-start=\"113\" data-end=\"230\"><strong data-start=\"113\" data-end=\"162\">Obagi Medical Professional-C\u00ae Peptide Complex<\/strong> \u2013 antioksidacinis serumas su peptidais stangresnei ir lygesnei odai<\/p>\n<p data-start=\"232\" data-end=\"578\">Obagi Professional-C\u00ae Peptide Complex \u2013 tai pa\u017eangus serumas, sujungiantis stipri\u0173 antioksidant\u0173 (vitamin\u0173 C ir E) bei veiksming\u0173 peptid\u0173 gali\u0105, siekiant pagerinti odos stangrum\u0105, elastingum\u0105 ir i\u0161vaizd\u0105. \u0160velni, greitai \u012fsigerianti formul\u0117 tinka vis\u0173 tip\u0173 odai, net ir jautriai, bei ypa\u010d rekomenduojama brand\u017eiai ar gyvybingum\u0105 praradusiai odai.<\/p>\n<p data-start=\"580\" data-end=\"647\"><strong data-start=\"580\" data-end=\"595\">Odos tipas:<\/strong><br data-start=\"595\" data-end=\"598\" \/>Kombinuota oda, sausa oda, normali oda, riebi oda<\/p>\n<p data-start=\"649\" data-end=\"873\"><strong data-start=\"649\" data-end=\"662\">Effect:<\/strong><br data-start=\"662\" data-end=\"665\" \/>\u2022 Padeda gerinti odos stangrum\u0105 ir tonus\u0105<br data-start=\"706\" data-end=\"709\" \/>\u2022 Ma\u017eina smulkias rauk\u0161les ir glotnina odos pavir\u0161i\u0173<br data-start=\"761\" data-end=\"764\" \/>\u2022 Vitaminai C ir E apsaugo nuo aplinkos poveikio ir oksidacinio streso<br data-start=\"834\" data-end=\"837\" \/>\u2022 Dr\u0117kina, \u0161velnina ir skaistina od\u0105<\/p>\n<p data-start=\"875\" data-end=\"1101\"><strong data-start=\"875\" data-end=\"890\">Usage:<\/strong><br data-start=\"890\" data-end=\"893\" \/>\u2022 Naudoti ryte ir vakare ant \u0161varios odos<br data-start=\"934\" data-end=\"937\" \/>\u2022 2\u20133 paspaudimus serumo paskirstyti ant veido odos<br data-start=\"988\" data-end=\"991\" \/>\u2022 Geriausiam rezultatui pasiekti \u2013 naudoti su <strong data-start=\"1037\" data-end=\"1066\">Obagi Hydrate Moisturizer<\/strong> ir apsaugos nuo saul\u0117s priemon\u0117mis<\/p>\n<p data-start=\"1103\" data-end=\"1313\"><strong data-start=\"1103\" data-end=\"1127\">Atsargumo priemon\u0117s:<\/strong><br data-start=\"1127\" data-end=\"1130\" \/>\u2022 Tik i\u0161oriniam naudojimui<br data-start=\"1156\" data-end=\"1159\" \/>\u2022 Venkite patekimo \u012f akis \u2013 patekus, praplaukite vandeniu<br data-start=\"1216\" data-end=\"1219\" \/>\u2022 Laikyti vaikams nepasiekiamoje vietoje<br data-start=\"1259\" data-end=\"1262\" \/>\u2022 Jeigu atsiranda dirginimas \u2013 nutraukite naudojim\u0105<\/p>\n<p data-start=\"1315\" data-end=\"1446\"><strong data-start=\"1315\" data-end=\"1335\">Laikymo s\u0105lygos:<\/strong><br data-start=\"1335\" data-end=\"1338\" \/>\u2022 Saugoti nuo tiesiogini\u0173 saul\u0117s spinduli\u0173<br data-start=\"1380\" data-end=\"1383\" \/>\u2022 Laikyti kambario temperat\u016broje: 15\u202f\u00b0C \u2013 25\u202f\u00b0C (59\u202f\u00b0F \u2013 77\u202f\u00b0F)<\/p>","protected":false},"excerpt":{"rendered":"<p>Antioksidacinis serumas su peptidais stangresnei ir lygesnei odai<\/p>","protected":false},"featured_media":9733,"comment_status":"open","ping_status":"closed","template":"","meta":[],"product_cat":[107],"product_tag":[],"class_list":{"0":"post-9732","1":"product","2":"type-product","3":"status-publish","4":"has-post-thumbnail","6":"product_cat-serumai","7":"pa_brands-obagi-medical","8":"pa_talpa-30ml-2","10":"first","11":"instock","12":"taxable","13":"shipping-taxable","14":"purchasable","15":"product-type-simple"},"_links":{"self":[{"href":"https:\/\/miamedic.lt\/en\/wp-json\/wp\/v2\/product\/9732","targetHints":{"allow":["GET"]}}],"collection":[{"href":"https:\/\/miamedic.lt\/en\/wp-json\/wp\/v2\/product"}],"about":[{"href":"https:\/\/miamedic.lt\/en\/wp-json\/wp\/v2\/types\/product"}],"replies":[{"embeddable":true,"href":"https:\/\/miamedic.lt\/en\/wp-json\/wp\/v2\/comments?post=9732"}],"version-history":[{"count":2,"href":"https:\/\/miamedic.lt\/en\/wp-json\/wp\/v2\/product\/9732\/revisions"}],"predecessor-version":[{"id":12427,"href":"https:\/\/miamedic.lt\/en\/wp-json\/wp\/v2\/product\/9732\/revisions\/12427"}],"wp:featuredmedia":[{"embeddable":true,"href":"https:\/\/miamedic.lt\/en\/wp-json\/wp\/v2\/media\/9733"}],"wp:attachment":[{"href":"https:\/\/miamedic.lt\/en\/wp-json\/wp\/v2\/media?parent=9732"}],"wp:term":[{"taxonomy":"product_cat","embeddable":true,"href":"https:\/\/miamedic.lt\/en\/wp-json\/wp\/v2\/product_cat?post=9732"},{"taxonomy":"product_tag","embeddable":true,"href":"https:\/\/miamedic.lt\/en\/wp-json\/wp\/v2\/product_tag?post=9732"}],"curies":[{"name":"wp","href":"https:\/\/api.w.org\/{rel}","templated":true}]}}