{"id":9726,"date":"2025-05-28T14:43:22","date_gmt":"2025-05-28T14:43:22","guid":{"rendered":"https:\/\/miamedic.lt\/?post_type=product&#038;p=9726"},"modified":"2025-12-01T00:29:24","modified_gmt":"2025-12-01T00:29:24","slug":"professional-c-serum-15","status":"publish","type":"product","link":"https:\/\/miamedic.lt\/en\/shop\/professional-c-serum-15\/","title":{"rendered":"Professional-C Serum 15%"},"content":{"rendered":"<p data-start=\"108\" data-end=\"208\"><strong data-start=\"108\" data-end=\"151\">Obagi Medical Professional-C\u00ae Serum 15%<\/strong> \u2013 stiprus vitamino C serumas odos \u0161vyt\u0117jimui ir apsaugai<\/p>\n<p data-start=\"210\" data-end=\"521\">Obagi Professional-C\u00ae Serum 15% \u2013 tai antioksidacinis serumas, kuriame yra 15\u202f% grynos L-askorbo r\u016bg\u0161ties (vitamino C). Jis padeda palaikyti tolyg\u0173 odos atspalv\u012f, \u0161vyt\u0117jim\u0105 bei apsaugoti od\u0105 nuo laisv\u0173j\u0173 radikal\u0173 ir aplinkos \u017ealos. Lengva ir greitai \u012fsigerianti formul\u0117 idealiai tinka normaliai ir mi\u0161riai odai.<\/p>\n<p data-start=\"523\" data-end=\"568\"><strong data-start=\"523\" data-end=\"538\">Odos tipas:<\/strong><br data-start=\"538\" data-end=\"541\" \/>Normali oda, kombinuota oda<\/p>\n<p data-start=\"570\" data-end=\"785\"><strong data-start=\"570\" data-end=\"583\">Effect:<\/strong><br data-start=\"583\" data-end=\"586\" \/>\u2022 Apsaugo od\u0105 nuo oksidacinio streso<br data-start=\"622\" data-end=\"625\" \/>\u2022 Gerina odos \u0161vyt\u0117jim\u0105 ir tolygesn\u012f atspalv\u012f<br data-start=\"670\" data-end=\"673\" \/>\u2022 Skatina kolageno sintez\u0119 ir padeda ma\u017einti smulkias rauk\u0161leles<br data-start=\"737\" data-end=\"740\" \/>\u2022 Greitai \u012fsigeria, nepalieka riebumo poj\u016b\u010dio<\/p>\n<p data-start=\"787\" data-end=\"1008\"><strong data-start=\"787\" data-end=\"802\">Usage:<\/strong><br data-start=\"802\" data-end=\"805\" \/>\u2022 Naudoti ryte, ant \u0161varios, sausos odos<br data-start=\"845\" data-end=\"848\" \/>\u2022 5\u20137 la\u0161us serumo paskirstyti ant veido, kaklo ir dekolt\u0117 srities<br data-start=\"914\" data-end=\"917\" \/>\u2022 Palaukti, kol susigers, tuomet naudoti dr\u0117kinam\u0105j\u012f krem\u0105 ir apsaugos nuo saul\u0117s priemones<\/p>\n<p data-start=\"1010\" data-end=\"1273\"><strong data-start=\"1010\" data-end=\"1034\">Atsargumo priemon\u0117s:<\/strong><br data-start=\"1034\" data-end=\"1037\" \/>\u2022 Tik i\u0161oriniam naudojimui<br data-start=\"1063\" data-end=\"1066\" \/>\u2022 Prad\u0117jus naudoti, gali pasireik\u0161ti laikinas dilg\u010diojimas \u2013 tai normalu<br data-start=\"1138\" data-end=\"1141\" \/>\u2022 Jei dilg\u010diojimas tampa stiprus \u2013 nutraukti naudojim\u0105 ir pasitarti su specialistu<br data-start=\"1223\" data-end=\"1226\" \/>\u2022 Venkite patekimo \u012f akis<br data-start=\"1251\" data-end=\"1254\" \/>\u2022 Saugoti nuo vaik\u0173<\/p>\n<p data-start=\"1275\" data-end=\"1447\"><strong data-start=\"1275\" data-end=\"1295\">Laikymo s\u0105lygos:<\/strong><br data-start=\"1295\" data-end=\"1298\" \/>\u2022 Saugoti nuo tiesiogini\u0173 saul\u0117s spinduli\u0173<br data-start=\"1340\" data-end=\"1343\" \/>\u2022 Laikyti sausoje, v\u0117sioje ir tamsioje vietoje<br data-start=\"1389\" data-end=\"1392\" \/>\u2022 Naudojant b\u016btina sandariai u\u017esukti buteliuko dangtel\u012f<\/p>","protected":false},"excerpt":{"rendered":"<p>Stiprus vitamino C serumas odos \u0161vyt\u0117jimui ir apsaugai<\/p>","protected":false},"featured_media":9727,"comment_status":"open","ping_status":"closed","template":"","meta":[],"product_cat":[107],"product_tag":[],"class_list":{"0":"post-9726","1":"product","2":"type-product","3":"status-publish","4":"has-post-thumbnail","6":"product_cat-serumai","7":"pa_brands-obagi-medical","8":"pa_talpa-30ml-2","10":"first","11":"instock","12":"taxable","13":"shipping-taxable","14":"purchasable","15":"product-type-simple"},"_links":{"self":[{"href":"https:\/\/miamedic.lt\/en\/wp-json\/wp\/v2\/product\/9726","targetHints":{"allow":["GET"]}}],"collection":[{"href":"https:\/\/miamedic.lt\/en\/wp-json\/wp\/v2\/product"}],"about":[{"href":"https:\/\/miamedic.lt\/en\/wp-json\/wp\/v2\/types\/product"}],"replies":[{"embeddable":true,"href":"https:\/\/miamedic.lt\/en\/wp-json\/wp\/v2\/comments?post=9726"}],"version-history":[{"count":2,"href":"https:\/\/miamedic.lt\/en\/wp-json\/wp\/v2\/product\/9726\/revisions"}],"predecessor-version":[{"id":12428,"href":"https:\/\/miamedic.lt\/en\/wp-json\/wp\/v2\/product\/9726\/revisions\/12428"}],"wp:featuredmedia":[{"embeddable":true,"href":"https:\/\/miamedic.lt\/en\/wp-json\/wp\/v2\/media\/9727"}],"wp:attachment":[{"href":"https:\/\/miamedic.lt\/en\/wp-json\/wp\/v2\/media?parent=9726"}],"wp:term":[{"taxonomy":"product_cat","embeddable":true,"href":"https:\/\/miamedic.lt\/en\/wp-json\/wp\/v2\/product_cat?post=9726"},{"taxonomy":"product_tag","embeddable":true,"href":"https:\/\/miamedic.lt\/en\/wp-json\/wp\/v2\/product_tag?post=9726"}],"curies":[{"name":"wp","href":"https:\/\/api.w.org\/{rel}","templated":true}]}}