{"id":9715,"date":"2025-05-28T08:55:35","date_gmt":"2025-05-28T08:55:35","guid":{"rendered":"https:\/\/miamedic.lt\/?post_type=product&#038;p=9715"},"modified":"2025-12-01T00:29:24","modified_gmt":"2025-12-01T00:29:24","slug":"elastiderm-lift-up-sculpt","status":"publish","type":"product","link":"https:\/\/miamedic.lt\/en\/shop\/elastiderm-lift-up-sculpt\/","title":{"rendered":"ELASTIderm\u00ae Lift Up &amp; Sculpt"},"content":{"rendered":"<p data-start=\"126\" data-end=\"243\"><strong data-start=\"126\" data-end=\"172\">Obagi Medical ELASTIderm\u00ae Lift Up &amp; Sculpt<\/strong> \u2013 stangrinamasis veido kremas elastingumui ir veido kont\u016brui stiprinti<\/p>\n<p data-start=\"245\" data-end=\"552\">Obagi ELASTIderm\u00ae Lift Up &amp; Sculpt \u2013 tai pa\u017eangus stangrinamasis kremas, sukurtas naudojant patentuot\u0105 <strong data-start=\"348\" data-end=\"379\">Bi-Mineral Contour Complex\u2122<\/strong> technologij\u0105. \u0160i formul\u0117 padeda atkurti odos elastingum\u0105, stiprina veido kont\u016br\u0105 bei ma\u017eina suglebimo po\u017eymius, suteikdama veidui pakelt\u0105, stangresn\u012f ir atjaun\u0117jus\u012f vaizd\u0105.<\/p>\n<p data-start=\"554\" data-end=\"632\"><strong data-start=\"554\" data-end=\"569\">Odos tipas:<\/strong><br data-start=\"569\" data-end=\"572\" \/>Tinka vis\u0173 tip\u0173 odai \u2013 ypa\u010d brand\u017eiai, praradusiai stangrum\u0105<\/p>\n<p data-start=\"634\" data-end=\"841\"><strong data-start=\"634\" data-end=\"647\">Effect:<\/strong><br data-start=\"647\" data-end=\"650\" \/>\u2022 Padeda atkurti odos elastingum\u0105 ir stangrum\u0105<br data-start=\"696\" data-end=\"699\" \/>\u2022 Gerina veido kont\u016bro i\u0161rai\u0161k\u0105<br data-start=\"730\" data-end=\"733\" \/>\u2022 Ma\u017eina smulkias rauk\u0161leles ir odos suglebim\u0105<br data-start=\"779\" data-end=\"782\" \/>\u2022 Suteikia odai glotnumo, stangrumo ir jaunatvi\u0161k\u0105 i\u0161vaizd\u0105<\/p>\n<p data-start=\"843\" data-end=\"1119\"><strong data-start=\"843\" data-end=\"858\">Usage:<\/strong><br data-start=\"858\" data-end=\"861\" \/>\u2022 Naudoti ryte ir (arba) vakare, ant \u0161varios odos<br data-start=\"910\" data-end=\"913\" \/>\u2022 Nedidel\u012f kiek\u012f kremo paskirstyti ant veido ir kaklo<br data-start=\"966\" data-end=\"969\" \/>\u2022 Masa\u017euoti \u0161velniais, auk\u0161tyn nukreiptais judesiais, kol visi\u0161kai \u012fsigers<br data-start=\"1043\" data-end=\"1046\" \/>\u2022 Rekomenduojama naudoti kartu su apsauginiu kremu nuo saul\u0117s dienos metu<\/p>\n<p data-start=\"1121\" data-end=\"1312\"><strong data-start=\"1121\" data-end=\"1145\">Atsargumo priemon\u0117s:<\/strong><br data-start=\"1145\" data-end=\"1148\" \/>\u2022 Tik i\u0161oriniam naudojimui<br data-start=\"1174\" data-end=\"1177\" \/>\u2022 Venkite patekimo \u012f akis<br data-start=\"1202\" data-end=\"1205\" \/>\u2022 Jei pasirei\u0161kia dirginimas, suma\u017einkite naudojimo da\u017enum\u0105 arba nutraukite naudojim\u0105<br data-start=\"1290\" data-end=\"1293\" \/>\u2022 Saugoti nuo vaik\u0173<\/p>\n<p data-start=\"1314\" data-end=\"1446\"><strong data-start=\"1314\" data-end=\"1334\">Laikymo s\u0105lygos:<\/strong><br data-start=\"1334\" data-end=\"1337\" \/>\u2022 Laikyti kambario temperat\u016broje (15\u202f\u00b0C \u2013 25\u202f\u00b0C \/ 59\u202f\u00b0F \u2013 77\u202f\u00b0F)<br data-start=\"1401\" data-end=\"1404\" \/>\u2022 Saugoti nuo tiesiogini\u0173 saul\u0117s spinduli\u0173<\/p>","protected":false},"excerpt":{"rendered":"<p>Stangrinamasis veido kremas elastingumui ir veido kont\u016brui stiprinti<\/p>","protected":false},"featured_media":9716,"comment_status":"open","ping_status":"closed","template":"","meta":[],"product_cat":[129],"product_tag":[],"class_list":{"0":"post-9715","1":"product","2":"type-product","3":"status-publish","4":"has-post-thumbnail","6":"product_cat-veido-kremai","7":"pa_brands-obagi-medical","8":"pa_talpa-50ml-2","10":"first","11":"instock","12":"taxable","13":"shipping-taxable","14":"purchasable","15":"product-type-simple"},"_links":{"self":[{"href":"https:\/\/miamedic.lt\/en\/wp-json\/wp\/v2\/product\/9715","targetHints":{"allow":["GET"]}}],"collection":[{"href":"https:\/\/miamedic.lt\/en\/wp-json\/wp\/v2\/product"}],"about":[{"href":"https:\/\/miamedic.lt\/en\/wp-json\/wp\/v2\/types\/product"}],"replies":[{"embeddable":true,"href":"https:\/\/miamedic.lt\/en\/wp-json\/wp\/v2\/comments?post=9715"}],"version-history":[{"count":3,"href":"https:\/\/miamedic.lt\/en\/wp-json\/wp\/v2\/product\/9715\/revisions"}],"predecessor-version":[{"id":12431,"href":"https:\/\/miamedic.lt\/en\/wp-json\/wp\/v2\/product\/9715\/revisions\/12431"}],"wp:featuredmedia":[{"embeddable":true,"href":"https:\/\/miamedic.lt\/en\/wp-json\/wp\/v2\/media\/9716"}],"wp:attachment":[{"href":"https:\/\/miamedic.lt\/en\/wp-json\/wp\/v2\/media?parent=9715"}],"wp:term":[{"taxonomy":"product_cat","embeddable":true,"href":"https:\/\/miamedic.lt\/en\/wp-json\/wp\/v2\/product_cat?post=9715"},{"taxonomy":"product_tag","embeddable":true,"href":"https:\/\/miamedic.lt\/en\/wp-json\/wp\/v2\/product_tag?post=9715"}],"curies":[{"name":"wp","href":"https:\/\/api.w.org\/{rel}","templated":true}]}}