{"id":9709,"date":"2025-05-28T08:51:49","date_gmt":"2025-05-28T08:51:49","guid":{"rendered":"https:\/\/miamedic.lt\/?post_type=product&#038;p=9709"},"modified":"2025-12-01T00:30:16","modified_gmt":"2025-12-01T00:30:16","slug":"elastiderm-koncentratas-kaklui","status":"publish","type":"product","link":"https:\/\/miamedic.lt\/en\/shop\/elastiderm-koncentratas-kaklui\/","title":{"rendered":"ELASTIderm Koncentratas Kaklui"},"content":{"rendered":"<p data-start=\"122\" data-end=\"243\"><strong data-start=\"122\" data-end=\"182\">Obagi Medical ELASTIderm\u00ae Neck and D\u00e9collet\u00e9 Concentrate<\/strong> \u2013 koncentruota priemon\u0117 stangresnei kaklo ir dekolt\u0117 sri\u010diai<\/p>\n<p data-start=\"245\" data-end=\"629\">Obagi ELASTIderm\u00ae Neck and D\u00e9collet\u00e9 Concentrate \u2013 tai specialiai sukurta intensyvaus poveikio priemon\u0117 gle\u017enos kaklo ir dekolt\u0117 odos prie\u017ei\u016brai. Sud\u0117tyje esantis patentuotas <strong data-start=\"420\" data-end=\"451\">Bi-Mineral Contour Complex\u2122<\/strong> padeda gerinti odos elastingum\u0105, stangrum\u0105 ir ma\u017einti sen\u0117jimo po\u017eymius. Formul\u0117 sukurta taip, kad pad\u0117t\u0173 atkurti odos strukt\u016br\u0105 ten, kur ji da\u017enai grei\u010diausiai praranda tonus\u0105.<\/p>\n<p data-start=\"631\" data-end=\"728\"><strong data-start=\"631\" data-end=\"646\">Odos tipas:<\/strong><br data-start=\"646\" data-end=\"649\" \/>Vis\u0173 tip\u0173 oda \u2013 ypa\u010d brandi ar stangrum\u0105 praradusi oda kaklo ir dekolt\u0117 srityje<\/p>\n<p data-start=\"730\" data-end=\"978\"><strong data-start=\"730\" data-end=\"743\">Effect:<\/strong><br data-start=\"743\" data-end=\"746\" \/>\u2022 Gerina kaklo ir dekolt\u0117 odos stangrum\u0105 bei elastingum\u0105<br data-start=\"802\" data-end=\"805\" \/>\u2022 Ma\u017eina smulki\u0173 rauk\u0161li\u0173, odos suglebimo po\u017eymius<br data-start=\"855\" data-end=\"858\" \/>\u2022 Skatina odos atsinaujinim\u0105 ir stiprina jos strukt\u016br\u0105<br data-start=\"912\" data-end=\"915\" \/>\u2022 Suteikia skaistumo, glotnumo ir jaunatvi\u0161kos i\u0161vaizdos efekt\u0105<\/p>\n<p data-start=\"980\" data-end=\"1262\"><strong data-start=\"980\" data-end=\"995\">Usage:<\/strong><br data-start=\"995\" data-end=\"998\" \/>\u2022 Naudoti ryte ir\/arba vakare ant \u0161varios odos<br data-start=\"1044\" data-end=\"1047\" \/>\u2022 Nedidel\u012f kiek\u012f priemon\u0117s u\u017etepti ant kaklo ir dekolt\u0117 srities<br data-start=\"1110\" data-end=\"1113\" \/>\u2022 \u0160velniai masa\u017euoti auk\u0161tyn nukreiptais judesiais, kol visi\u0161kai \u012fsigers<br data-start=\"1185\" data-end=\"1188\" \/>\u2022 Po priemon\u0117s naudojimo rekomenduojama naudoti apsaugin\u012f krem\u0105 nuo saul\u0117s<\/p>\n<p data-start=\"1264\" data-end=\"1453\"><strong data-start=\"1264\" data-end=\"1288\">Atsargumo priemon\u0117s:<\/strong><br data-start=\"1288\" data-end=\"1291\" \/>\u2022 Tik i\u0161oriniam naudojimui<br data-start=\"1317\" data-end=\"1320\" \/>\u2022 Venkite patekimo \u012f akis<br data-start=\"1345\" data-end=\"1348\" \/>\u2022 Jei atsiranda sudirgimas, suma\u017einkite naudojimo da\u017enum\u0105 arba nutraukite naudojim\u0105<br data-start=\"1431\" data-end=\"1434\" \/>\u2022 Saugoti nuo vaik\u0173<\/p>\n<p data-start=\"1455\" data-end=\"1587\"><strong data-start=\"1455\" data-end=\"1475\">Laikymo s\u0105lygos:<\/strong><br data-start=\"1475\" data-end=\"1478\" \/>\u2022 Laikyti kambario temperat\u016broje (15\u202f\u00b0C \u2013 25\u202f\u00b0C \/ 59\u202f\u00b0F \u2013 77\u202f\u00b0F)<br data-start=\"1542\" data-end=\"1545\" \/>\u2022 Saugoti nuo tiesiogini\u0173 saul\u0117s spinduli\u0173<\/p>","protected":false},"excerpt":{"rendered":"<p>Koncentruota priemon\u0117 stangresnei kaklo ir dekolt\u0117 sri\u010diai<\/p>","protected":false},"featured_media":9710,"comment_status":"open","ping_status":"closed","template":"","meta":[],"product_cat":[139],"product_tag":[],"class_list":{"0":"post-9709","1":"product","2":"type-product","3":"status-publish","4":"has-post-thumbnail","6":"product_cat-dekolte","7":"pa_brands-obagi-medical","8":"pa_talpa-30ml-2","9":"pa_talpa-60ml","11":"first","12":"instock","13":"taxable","14":"shipping-taxable","15":"purchasable","16":"product-type-variable"},"_links":{"self":[{"href":"https:\/\/miamedic.lt\/en\/wp-json\/wp\/v2\/product\/9709","targetHints":{"allow":["GET"]}}],"collection":[{"href":"https:\/\/miamedic.lt\/en\/wp-json\/wp\/v2\/product"}],"about":[{"href":"https:\/\/miamedic.lt\/en\/wp-json\/wp\/v2\/types\/product"}],"replies":[{"embeddable":true,"href":"https:\/\/miamedic.lt\/en\/wp-json\/wp\/v2\/comments?post=9709"}],"version-history":[{"count":3,"href":"https:\/\/miamedic.lt\/en\/wp-json\/wp\/v2\/product\/9709\/revisions"}],"predecessor-version":[{"id":12432,"href":"https:\/\/miamedic.lt\/en\/wp-json\/wp\/v2\/product\/9709\/revisions\/12432"}],"wp:featuredmedia":[{"embeddable":true,"href":"https:\/\/miamedic.lt\/en\/wp-json\/wp\/v2\/media\/9710"}],"wp:attachment":[{"href":"https:\/\/miamedic.lt\/en\/wp-json\/wp\/v2\/media?parent=9709"}],"wp:term":[{"taxonomy":"product_cat","embeddable":true,"href":"https:\/\/miamedic.lt\/en\/wp-json\/wp\/v2\/product_cat?post=9709"},{"taxonomy":"product_tag","embeddable":true,"href":"https:\/\/miamedic.lt\/en\/wp-json\/wp\/v2\/product_tag?post=9709"}],"curies":[{"name":"wp","href":"https:\/\/api.w.org\/{rel}","templated":true}]}}