{"id":9706,"date":"2025-05-28T08:45:58","date_gmt":"2025-05-28T08:45:58","guid":{"rendered":"https:\/\/miamedic.lt\/?post_type=product&#038;p=9706"},"modified":"2025-12-01T00:29:25","modified_gmt":"2025-12-01T00:29:25","slug":"elastiderm-facial-serum","status":"publish","type":"product","link":"https:\/\/miamedic.lt\/en\/shop\/elastiderm-facial-serum\/","title":{"rendered":"ELASTIderm\u00ae Facial Serum"},"content":{"rendered":"<p data-start=\"138\" data-end=\"236\"><strong data-start=\"138\" data-end=\"180\">Obagi Medical ELASTIderm\u00ae Facial Serum<\/strong> \u2013 veido serumas stangrumui ir odos elastingumui gerinti<\/p>\n<p data-start=\"238\" data-end=\"577\">Obagi ELASTIderm\u00ae Facial Serum \u2013 tai auk\u0161tos kokyb\u0117s veido prie\u017ei\u016bros priemon\u0117, sukurta su patentuotu <strong data-start=\"340\" data-end=\"371\">Bi-Mineral Contour Complex\u2122<\/strong>, kuris padeda palaikyti nat\u016bralius odos elastingumo ir stangrumo procesus. Serumas skirtas brandesnei arba stangrum\u0105 praradusiai odai, siekiant pagerinti jos strukt\u016br\u0105, tonus\u0105 ir suteikti sveiko \u0161vyt\u0117jimo.<\/p>\n<p data-start=\"579\" data-end=\"651\"><strong data-start=\"579\" data-end=\"594\">Odos tipas:<\/strong><br data-start=\"594\" data-end=\"597\" \/>Vis\u0173 tip\u0173 oda, ypa\u010d praradusi stangrum\u0105 ar elastingum\u0105<\/p>\n<p data-start=\"653\" data-end=\"900\"><strong data-start=\"653\" data-end=\"666\">Effect:<\/strong><br data-start=\"666\" data-end=\"669\" \/>\u2022 Gerina odos elastingum\u0105 ir stangrum\u0105<br data-start=\"707\" data-end=\"710\" \/>\u2022 Padeda suma\u017einti smulki\u0173 rauk\u0161li\u0173 ir suglebimo po\u017eymius<br data-start=\"767\" data-end=\"770\" \/>\u2022 Palaiko odos strukt\u016bros atk\u016brim\u0105 ir skaistum\u0105<br data-start=\"817\" data-end=\"820\" \/>\u2022 Tinka naudoti kasdien kaip prevencin\u0117 ar stiprinamoji odos prie\u017ei\u016bros priemon\u0117<\/p>\n<p data-start=\"902\" data-end=\"1157\"><strong data-start=\"902\" data-end=\"917\">Usage:<\/strong><br data-start=\"917\" data-end=\"920\" \/>\u2022 Naudoti ryte ir\/arba vakare, ant \u0161varios, sausos veido odos<br data-start=\"981\" data-end=\"984\" \/>\u2022 Pipete u\u017ela\u0161inkite kelis la\u0161us serumo ant delno<br data-start=\"1033\" data-end=\"1036\" \/>\u2022 Tolygiai paskirstykite ant veido, kaklo ir dekolt\u0117 zonos<br data-start=\"1094\" data-end=\"1097\" \/>\u2022 Leiskite \u012fsigerti prie\u0161 tepant dr\u0117kikl\u012f ar kitus produktus<\/p>\n<p data-start=\"1159\" data-end=\"1348\"><strong data-start=\"1159\" data-end=\"1183\">Atsargumo priemon\u0117s:<\/strong><br data-start=\"1183\" data-end=\"1186\" \/>\u2022 Tik i\u0161oriniam naudojimui<br data-start=\"1212\" data-end=\"1215\" \/>\u2022 Venkite patekimo \u012f akis<br data-start=\"1240\" data-end=\"1243\" \/>\u2022 Jei atsiranda dirginimas, suma\u017einkite naudojimo da\u017enum\u0105 arba nutraukite naudojim\u0105<br data-start=\"1326\" data-end=\"1329\" \/>\u2022 Saugoti nuo vaik\u0173<\/p>\n<p data-start=\"1350\" data-end=\"1482\"><strong data-start=\"1350\" data-end=\"1370\">Laikymo s\u0105lygos:<\/strong><br data-start=\"1370\" data-end=\"1373\" \/>\u2022 Laikyti kambario temperat\u016broje (15\u202f\u00b0C \u2013 25\u202f\u00b0C \/ 59\u202f\u00b0F \u2013 77\u202f\u00b0F)<br data-start=\"1437\" data-end=\"1440\" \/>\u2022 Saugoti nuo tiesiogini\u0173 saul\u0117s spinduli\u0173<\/p>","protected":false},"excerpt":{"rendered":"<p>Veido serumas stangrumui ir odos elastingumui gerinti<\/p>","protected":false},"featured_media":9707,"comment_status":"open","ping_status":"closed","template":"","meta":[],"product_cat":[107],"product_tag":[],"class_list":{"0":"post-9706","1":"product","2":"type-product","3":"status-publish","4":"has-post-thumbnail","6":"product_cat-serumai","7":"pa_brands-obagi-medical","8":"pa_talpa-30ml-2","10":"first","11":"instock","12":"taxable","13":"shipping-taxable","14":"purchasable","15":"product-type-simple"},"_links":{"self":[{"href":"https:\/\/miamedic.lt\/en\/wp-json\/wp\/v2\/product\/9706","targetHints":{"allow":["GET"]}}],"collection":[{"href":"https:\/\/miamedic.lt\/en\/wp-json\/wp\/v2\/product"}],"about":[{"href":"https:\/\/miamedic.lt\/en\/wp-json\/wp\/v2\/types\/product"}],"replies":[{"embeddable":true,"href":"https:\/\/miamedic.lt\/en\/wp-json\/wp\/v2\/comments?post=9706"}],"version-history":[{"count":2,"href":"https:\/\/miamedic.lt\/en\/wp-json\/wp\/v2\/product\/9706\/revisions"}],"predecessor-version":[{"id":12433,"href":"https:\/\/miamedic.lt\/en\/wp-json\/wp\/v2\/product\/9706\/revisions\/12433"}],"wp:featuredmedia":[{"embeddable":true,"href":"https:\/\/miamedic.lt\/en\/wp-json\/wp\/v2\/media\/9707"}],"wp:attachment":[{"href":"https:\/\/miamedic.lt\/en\/wp-json\/wp\/v2\/media?parent=9706"}],"wp:term":[{"taxonomy":"product_cat","embeddable":true,"href":"https:\/\/miamedic.lt\/en\/wp-json\/wp\/v2\/product_cat?post=9706"},{"taxonomy":"product_tag","embeddable":true,"href":"https:\/\/miamedic.lt\/en\/wp-json\/wp\/v2\/product_tag?post=9706"}],"curies":[{"name":"wp","href":"https:\/\/api.w.org\/{rel}","templated":true}]}}