{"id":9667,"date":"2025-05-26T09:26:17","date_gmt":"2025-05-26T09:26:17","guid":{"rendered":"https:\/\/miamedic.lt\/?post_type=product&#038;p=9667"},"modified":"2025-12-01T00:29:27","modified_gmt":"2025-12-01T00:29:27","slug":"360-exfoliating-cleanser","status":"publish","type":"product","link":"https:\/\/miamedic.lt\/en\/shop\/360-exfoliating-cleanser\/","title":{"rendered":"360 Exfoliating Cleanser"},"content":{"rendered":"<p data-start=\"162\" data-end=\"259\"><strong data-start=\"162\" data-end=\"204\">Obagi Medical 360 Exfoliating Cleanser<\/strong> \u2013 \u0161velniai eksfolijuojantis kasdienis veido prausiklis<\/p>\n<p data-start=\"261\" data-end=\"550\">Efektyviai \u0161vei\u010diantis ir valantis prausiklis, skirtas u\u017esikim\u0161usioms poroms, ne\u0161varumams ir negyvoms odos l\u0105stel\u0117ms pa\u0161alinti. Padeda i\u0161laikyti \u0161vari\u0105, lygi\u0105 ir sveikai \u0161vytin\u010di\u0105 od\u0105. Tinka visiems odos tipams \u2013 ypa\u010d rekomenduojamas ankstyvai odos prie\u017ei\u016brai nuo pirm\u0173j\u0173 sen\u0117jimo po\u017eymi\u0173.<\/p>\n<p data-start=\"552\" data-end=\"627\"><strong data-start=\"552\" data-end=\"567\">Odos tipas:<\/strong><br data-start=\"567\" data-end=\"570\" \/>Visi odos tipai (ypa\u010d normaliai, mi\u0161riai ir riebiai odai)<\/p>\n<p data-start=\"629\" data-end=\"801\"><strong data-start=\"629\" data-end=\"642\">Effect:<\/strong><br data-start=\"642\" data-end=\"645\" \/>\u2022 \u0160velniai pa\u0161alina negyvas odos l\u0105steles<br data-start=\"686\" data-end=\"689\" \/>\u2022 Valo ne\u0161varumus ir perteklin\u012f sebum\u0105<br data-start=\"727\" data-end=\"730\" \/>\u2022 Skatina odos atsinaujinim\u0105<br data-start=\"758\" data-end=\"761\" \/>\u2022 Palieka od\u0105 lygi\u0105, gaivi\u0105 ir \u0161vytin\u010di\u0105<\/p>\n<p data-start=\"803\" data-end=\"1082\"><strong data-start=\"803\" data-end=\"818\">Usage:<\/strong><br data-start=\"818\" data-end=\"821\" \/>\u2022 Naudoti ryte ir\/ar vakare ant sudr\u0117kintos veido odos<br data-start=\"875\" data-end=\"878\" \/>\u2022 Nedidel\u012f kiek\u012f produkto paskirstyti ant odos sukamaisiais judesiais<br data-start=\"947\" data-end=\"950\" \/>\u2022 Kruop\u0161\u010diai nuplauti vandeniu ir \u0161velniai nusausinti<br data-start=\"1003\" data-end=\"1006\" \/>\u2022 Naudoti 1\u20132 kartus per dien\u0105 arba kaip nurod\u0117 odos prie\u017ei\u016bros specialistas<\/p>\n<p data-start=\"1084\" data-end=\"1240\"><strong data-start=\"1084\" data-end=\"1108\">Atsargumo priemon\u0117s:<\/strong><br data-start=\"1108\" data-end=\"1111\" \/>\u2022 Tik i\u0161oriniam naudojimui<br data-start=\"1137\" data-end=\"1140\" \/>\u2022 Venkite patekimo \u012f akis<br data-start=\"1165\" data-end=\"1168\" \/>\u2022 Jeigu atsiranda sudirgimas \u2013 nutraukti naudojim\u0105<br data-start=\"1218\" data-end=\"1221\" \/>\u2022 Saugoti nuo vaik\u0173<\/p>\n<p data-start=\"1242\" data-end=\"1372\"><strong data-start=\"1242\" data-end=\"1262\">Laikymo s\u0105lygos:<\/strong><br data-start=\"1262\" data-end=\"1265\" \/>\u2022 Laikyti kambario temperat\u016broje 15\u202f\u00b0C \u2013 25\u202f\u00b0C (59\u202f\u00b0F \u2013 77\u202f\u00b0F)<br data-start=\"1327\" data-end=\"1330\" \/>\u2022 Saugoti nuo tiesiogini\u0173 saul\u0117s spinduli\u0173<\/p>","protected":false},"excerpt":{"rendered":"<p>\u0160velniai eksfolijuojantis kasdienis veido prausiklis<\/p>","protected":false},"featured_media":9668,"comment_status":"open","ping_status":"closed","template":"","meta":[],"product_cat":[124],"product_tag":[],"class_list":{"0":"post-9667","1":"product","2":"type-product","3":"status-publish","4":"has-post-thumbnail","6":"product_cat-prausikliai","7":"pa_brands-obagi-medical","8":"pa_talpa-150ml","10":"first","11":"instock","12":"taxable","13":"shipping-taxable","14":"purchasable","15":"product-type-simple"},"_links":{"self":[{"href":"https:\/\/miamedic.lt\/en\/wp-json\/wp\/v2\/product\/9667","targetHints":{"allow":["GET"]}}],"collection":[{"href":"https:\/\/miamedic.lt\/en\/wp-json\/wp\/v2\/product"}],"about":[{"href":"https:\/\/miamedic.lt\/en\/wp-json\/wp\/v2\/types\/product"}],"replies":[{"embeddable":true,"href":"https:\/\/miamedic.lt\/en\/wp-json\/wp\/v2\/comments?post=9667"}],"version-history":[{"count":2,"href":"https:\/\/miamedic.lt\/en\/wp-json\/wp\/v2\/product\/9667\/revisions"}],"predecessor-version":[{"id":12438,"href":"https:\/\/miamedic.lt\/en\/wp-json\/wp\/v2\/product\/9667\/revisions\/12438"}],"wp:featuredmedia":[{"embeddable":true,"href":"https:\/\/miamedic.lt\/en\/wp-json\/wp\/v2\/media\/9668"}],"wp:attachment":[{"href":"https:\/\/miamedic.lt\/en\/wp-json\/wp\/v2\/media?parent=9667"}],"wp:term":[{"taxonomy":"product_cat","embeddable":true,"href":"https:\/\/miamedic.lt\/en\/wp-json\/wp\/v2\/product_cat?post=9667"},{"taxonomy":"product_tag","embeddable":true,"href":"https:\/\/miamedic.lt\/en\/wp-json\/wp\/v2\/product_tag?post=9667"}],"curies":[{"name":"wp","href":"https:\/\/api.w.org\/{rel}","templated":true}]}}