{"id":9656,"date":"2025-05-26T09:12:11","date_gmt":"2025-05-26T09:12:11","guid":{"rendered":"https:\/\/miamedic.lt\/?post_type=product&#038;p=9656"},"modified":"2025-12-01T00:29:28","modified_gmt":"2025-12-01T00:29:28","slug":"clenziderm-pore-therapy","status":"publish","type":"product","link":"https:\/\/miamedic.lt\/en\/shop\/clenziderm-pore-therapy\/","title":{"rendered":"CLENZIderm Pore Therapy"},"content":{"rendered":"<p data-start=\"127\" data-end=\"234\"><strong data-start=\"127\" data-end=\"173\">Obagi Medical CLENZIderm M.D. Pore Therapy<\/strong> \u2013 poras valantis tonikas riebiai ir \u012f spuogus linkusiai odai<\/p>\n<p data-start=\"236\" data-end=\"526\">2\u202f% salicilo r\u016bg\u0161ties pagrindu sukurtas tonikas \u2013 skystas eksfoliantas, padedantis giliai i\u0161valyti poras, pa\u0161alinti ne\u0161varumus ir suma\u017einti spuog\u0173 atsiradim\u0105. Puikiai tinka normaliai bei riebiai, \u012f akn\u0119 linkusiai odai. Reguliarus naudojimas palaiko \u0161vari\u0105, lygesn\u0119 ir skaistesn\u0119 odos b\u016bkl\u0119.<\/p>\n<p data-start=\"528\" data-end=\"583\"><strong data-start=\"528\" data-end=\"543\">Odos tipas:<\/strong><br data-start=\"543\" data-end=\"546\" \/>Normali, riebi, \u012f spuogus linkusi oda<\/p>\n<p data-start=\"585\" data-end=\"761\"><strong data-start=\"585\" data-end=\"598\">Effect:<\/strong><br data-start=\"598\" data-end=\"601\" \/>\u2022 Pa\u0161alina ne\u0161varumus ir riebal\u0173 pertekli\u0173<br data-start=\"643\" data-end=\"646\" \/>\u2022 Giliai valo poras ir eksfolijuoja odos pavir\u0161i\u0173<br data-start=\"695\" data-end=\"698\" \/>\u2022 Padeda ma\u017einti spuog\u0173 atsiradim\u0105<br data-start=\"732\" data-end=\"735\" \/>\u2022 Tonizuoja ir gaivina od\u0105<\/p>\n<p data-start=\"763\" data-end=\"1137\"><strong data-start=\"763\" data-end=\"778\">Usage:<\/strong><br data-start=\"778\" data-end=\"781\" \/>\u2022 Prie\u0161 naudojim\u0105 gerai suplakti<br data-start=\"813\" data-end=\"816\" \/>\u2022 Naudoti ant \u0161variai nuvalytos odos<br data-start=\"852\" data-end=\"855\" \/>\u2022 Vatos diskelio pagalba u\u017etepti plon\u0105 sluoksn\u012f toniko ant spuog\u0173 pa\u017eeistos vietos 1\u20133 kartus per dien\u0105<br data-start=\"958\" data-end=\"961\" \/>\u2022 Norint i\u0161vengti odos i\u0161saus\u0117jimo, prad\u0117ti nuo 1 karto per dien\u0105 ir palaipsniui didinti da\u017enum\u0105, jei oda toleruoja<br data-start=\"1076\" data-end=\"1079\" \/>\u2022 Naudoti pagal odos prie\u017ei\u016bros specialisto rekomendacijas<\/p>\n<p data-start=\"1139\" data-end=\"1412\"><strong data-start=\"1139\" data-end=\"1163\">Atsargumo priemon\u0117s:<\/strong><br data-start=\"1163\" data-end=\"1166\" \/>\u2022 Tik i\u0161oriniam naudojimui<br data-start=\"1192\" data-end=\"1195\" \/>\u2022 Venkite patekimo \u012f akis<br data-start=\"1220\" data-end=\"1223\" \/>\u2022 Venkite tiesiogini\u0173 saul\u0117s spinduli\u0173 \u2013 lauke naudokite apsaug\u0105 nuo saul\u0117s (SPF)<br data-start=\"1304\" data-end=\"1307\" \/>\u2022 Nenaudoti, jei esate jautr\u016bs bent vienai i\u0161 sudedam\u0173j\u0173 dali\u0173<br data-start=\"1369\" data-end=\"1372\" \/>\u2022 Laikyti vaikams nepasiekiamoje vietoje<\/p>\n<p data-start=\"1414\" data-end=\"1545\"><strong data-start=\"1414\" data-end=\"1434\">Laikymo s\u0105lygos:<\/strong><br data-start=\"1434\" data-end=\"1437\" \/>\u2022 Saugoti nuo tiesiogini\u0173 saul\u0117s spinduli\u0173<br data-start=\"1479\" data-end=\"1482\" \/>\u2022 Laikyti kambario temperat\u016broje: 15\u202f\u00b0C \u2013 25\u202f\u00b0C (59\u202f\u00b0F \u2013 77\u202f\u00b0F)<\/p>","protected":false},"excerpt":{"rendered":"<p>Poras valantis tonikas riebiai ir \u012f spuogus linkusiai odai<\/p>","protected":false},"featured_media":9657,"comment_status":"open","ping_status":"closed","template":"","meta":[],"product_cat":[105],"product_tag":[],"class_list":{"0":"post-9656","1":"product","2":"type-product","3":"status-publish","4":"has-post-thumbnail","6":"product_cat-tonikai","7":"pa_brands-obagi-medical","8":"pa_talpa-118ml","10":"first","11":"instock","12":"taxable","13":"shipping-taxable","14":"purchasable","15":"product-type-simple"},"_links":{"self":[{"href":"https:\/\/miamedic.lt\/en\/wp-json\/wp\/v2\/product\/9656","targetHints":{"allow":["GET"]}}],"collection":[{"href":"https:\/\/miamedic.lt\/en\/wp-json\/wp\/v2\/product"}],"about":[{"href":"https:\/\/miamedic.lt\/en\/wp-json\/wp\/v2\/types\/product"}],"replies":[{"embeddable":true,"href":"https:\/\/miamedic.lt\/en\/wp-json\/wp\/v2\/comments?post=9656"}],"version-history":[{"count":2,"href":"https:\/\/miamedic.lt\/en\/wp-json\/wp\/v2\/product\/9656\/revisions"}],"predecessor-version":[{"id":12440,"href":"https:\/\/miamedic.lt\/en\/wp-json\/wp\/v2\/product\/9656\/revisions\/12440"}],"wp:featuredmedia":[{"embeddable":true,"href":"https:\/\/miamedic.lt\/en\/wp-json\/wp\/v2\/media\/9657"}],"wp:attachment":[{"href":"https:\/\/miamedic.lt\/en\/wp-json\/wp\/v2\/media?parent=9656"}],"wp:term":[{"taxonomy":"product_cat","embeddable":true,"href":"https:\/\/miamedic.lt\/en\/wp-json\/wp\/v2\/product_cat?post=9656"},{"taxonomy":"product_tag","embeddable":true,"href":"https:\/\/miamedic.lt\/en\/wp-json\/wp\/v2\/product_tag?post=9656"}],"curies":[{"name":"wp","href":"https:\/\/api.w.org\/{rel}","templated":true}]}}