{"id":8142,"date":"2025-05-15T14:24:09","date_gmt":"2025-05-15T14:24:09","guid":{"rendered":"https:\/\/miamedic.lt\/?post_type=product&#038;p=8142"},"modified":"2025-12-01T00:29:28","modified_gmt":"2025-12-01T00:29:28","slug":"fx-clarifying-serum","status":"publish","type":"product","link":"https:\/\/miamedic.lt\/en\/shop\/fx-clarifying-serum\/","title":{"rendered":"Fx Clarifying Serum"},"content":{"rendered":"<p class=\"\" data-start=\"67\" data-end=\"124\"><strong data-start=\"67\" data-end=\"124\">Obagi-C\u00ae Fx C Clarifying Serum (\u0161viesinantis serumas)<\/strong><\/p>\n<p class=\"\" data-start=\"126\" data-end=\"301\">Serumas, kuriame yra 10% L-askorbo r\u016bg\u0161ties (vitamino C) ir 4% arbutino, padeda palaikyti tolygesn\u0119 odos spalv\u0105 ir sveikesn\u0119 i\u0161vaizd\u0105. Tinka sausai, normaliai ir riebiai odai.<\/p>\n<p class=\"\" data-start=\"303\" data-end=\"433\"><strong data-start=\"303\" data-end=\"316\">Effect:<\/strong><br data-start=\"316\" data-end=\"319\" \/>\u2022 \u0160viesina odos ton\u0105<br data-start=\"339\" data-end=\"342\" \/>\u2022 Palaiko odos skaistum\u0105 ir lygi\u0105 i\u0161vaizd\u0105<br data-start=\"384\" data-end=\"387\" \/>\u2022 Stiprina odos apsaug\u0105 nuo oksidacinio streso<\/p>\n<p class=\"\" data-start=\"435\" data-end=\"619\"><strong data-start=\"435\" data-end=\"450\">Usage:<\/strong><br data-start=\"450\" data-end=\"453\" \/>\u2022 Po veido prausimo u\u017etepkite 5\u20137 la\u0161us serumo ant viso veido.<br data-start=\"515\" data-end=\"518\" \/>\u2022 \u0160velniai \u012fmasa\u017euokite.<br data-start=\"542\" data-end=\"545\" \/>\u2022 Naudokite pagal poreik\u012f arba kaip rekomendavo gydytojas ar kosmetologas.<\/p>\n<p class=\"\" data-start=\"621\" data-end=\"864\"><strong data-start=\"621\" data-end=\"645\">Atsargumo priemon\u0117s:<\/strong><br data-start=\"645\" data-end=\"648\" \/>\u2022 Tik i\u0161oriniam naudojimui.<br data-start=\"675\" data-end=\"678\" \/>\u2022 Venkite kontakto su akimis.<br data-start=\"707\" data-end=\"710\" \/>\u2022 Patekus \u012f akis, nedelsiant nuplaukite vandeniu.<br data-start=\"759\" data-end=\"762\" \/>\u2022 Jei atsiranda dirginimas, nutraukite naudojim\u0105 ir pasitarkite su specialistu.<br data-start=\"841\" data-end=\"844\" \/>\u2022 Saugoti nuo vaik\u0173.<\/p>\n<p class=\"\" data-start=\"866\" data-end=\"993\"><strong data-start=\"866\" data-end=\"886\">Laikymo s\u0105lygos:<\/strong><br data-start=\"886\" data-end=\"889\" \/>\u2022 Saugokite nuo tiesiogini\u0173 saul\u0117s spinduli\u0173.<br data-start=\"934\" data-end=\"937\" \/>\u2022 Laikyti kambario temperat\u016broje: 15\u00b0C\u201325\u00b0C (59\u00b0F\u201377\u00b0F).<\/p>","protected":false},"excerpt":{"rendered":"<p>\u0160viesinantis serumas<\/p>","protected":false},"featured_media":8143,"comment_status":"open","ping_status":"closed","template":"","meta":[],"product_cat":[107],"product_tag":[],"class_list":{"0":"post-8142","1":"product","2":"type-product","3":"status-publish","4":"has-post-thumbnail","6":"product_cat-serumai","7":"pa_brands-obagi-medical","8":"pa_talpa-30ml-2","10":"first","11":"instock","12":"taxable","13":"shipping-taxable","14":"purchasable","15":"product-type-simple"},"_links":{"self":[{"href":"https:\/\/miamedic.lt\/en\/wp-json\/wp\/v2\/product\/8142","targetHints":{"allow":["GET"]}}],"collection":[{"href":"https:\/\/miamedic.lt\/en\/wp-json\/wp\/v2\/product"}],"about":[{"href":"https:\/\/miamedic.lt\/en\/wp-json\/wp\/v2\/types\/product"}],"replies":[{"embeddable":true,"href":"https:\/\/miamedic.lt\/en\/wp-json\/wp\/v2\/comments?post=8142"}],"version-history":[{"count":4,"href":"https:\/\/miamedic.lt\/en\/wp-json\/wp\/v2\/product\/8142\/revisions"}],"predecessor-version":[{"id":12442,"href":"https:\/\/miamedic.lt\/en\/wp-json\/wp\/v2\/product\/8142\/revisions\/12442"}],"wp:featuredmedia":[{"embeddable":true,"href":"https:\/\/miamedic.lt\/en\/wp-json\/wp\/v2\/media\/8143"}],"wp:attachment":[{"href":"https:\/\/miamedic.lt\/en\/wp-json\/wp\/v2\/media?parent=8142"}],"wp:term":[{"taxonomy":"product_cat","embeddable":true,"href":"https:\/\/miamedic.lt\/en\/wp-json\/wp\/v2\/product_cat?post=8142"},{"taxonomy":"product_tag","embeddable":true,"href":"https:\/\/miamedic.lt\/en\/wp-json\/wp\/v2\/product_tag?post=8142"}],"curies":[{"name":"wp","href":"https:\/\/api.w.org\/{rel}","templated":true}]}}