{"id":8139,"date":"2025-05-15T14:19:04","date_gmt":"2025-05-15T14:19:04","guid":{"rendered":"https:\/\/miamedic.lt\/?post_type=product&#038;p=8139"},"modified":"2025-12-01T00:29:29","modified_gmt":"2025-12-01T00:29:29","slug":"fx-night-cream","status":"publish","type":"product","link":"https:\/\/miamedic.lt\/en\/shop\/fx-night-cream\/","title":{"rendered":"Fx Night Cream"},"content":{"rendered":"<p class=\"\" data-start=\"102\" data-end=\"157\"><strong data-start=\"102\" data-end=\"157\">Obagi-C\u00ae Fx C Therapy Night Cream (naktinis kremas)<\/strong><\/p>\n<p class=\"\" data-start=\"159\" data-end=\"329\">Naktinis kremas su arbutinu, kuris \u0161velniai eksfolijuoja od\u0105, padeda palaikyti glotni\u0105 ir skaistesn\u0119 od\u0105. Tinka visiems odos tipams \u2013 sausai, normaliai ir riebi\u0105jai odai.<\/p>\n<p class=\"\" data-start=\"331\" data-end=\"457\"><strong data-start=\"331\" data-end=\"344\">Effect:<\/strong><br data-start=\"344\" data-end=\"347\" \/>\u2022 \u0160velniai pa\u0161alina negyvas odos l\u0105steles<br data-start=\"388\" data-end=\"391\" \/>\u2022 Skatina odos atsinaujinim\u0105<br data-start=\"419\" data-end=\"422\" \/>\u2022 Pagerina odos \u0161vyt\u0117jim\u0105 ir lygum\u0105<\/p>\n<p class=\"\" data-start=\"459\" data-end=\"690\"><strong data-start=\"459\" data-end=\"474\">Usage:<\/strong><br data-start=\"474\" data-end=\"477\" \/>\u2022 Tepti kasdien vakarais.<br data-start=\"502\" data-end=\"505\" \/>\u2022 I\u0161spauskite nedidel\u012f kiek\u012f (ma\u017edaug 1-2 \u017eirnio dyd\u017eio la\u0161us) ant rank\u0173.<br data-start=\"578\" data-end=\"581\" \/>\u2022 Pir\u0161t\u0173 galiukais tolygiai paskirstykite ant viso veido.<br data-start=\"638\" data-end=\"641\" \/>\u2022 \u0160velniai masa\u017euokite tol, kol visi\u0161kai \u012fsigers.<\/p>\n<p class=\"\" data-start=\"692\" data-end=\"1047\"><strong data-start=\"692\" data-end=\"716\">Atsargumo priemon\u0117s:<\/strong><br data-start=\"716\" data-end=\"719\" \/>\u2022 Tik i\u0161oriniam naudojimui.<br data-start=\"746\" data-end=\"749\" \/>\u2022 Venkite patekimo \u012f akis.<br data-start=\"775\" data-end=\"778\" \/>\u2022 Saugoti nuo vaik\u0173.<br data-start=\"798\" data-end=\"801\" \/>\u2022 Produkto sud\u0117tyje yra alfa hidroksi r\u016bg\u0161ties (AHA), kuri gali padidinti odos jautrum\u0105 saulei ir nudegimo rizik\u0105. Naudokite apsaugos nuo saul\u0117s priemones SPF50, denkite od\u0105 drabu\u017eiais bei venkite saul\u0117s voni\u0173 naudojant produkt\u0105 ir savait\u0119 po to.<\/p>\n<p class=\"\" data-start=\"1049\" data-end=\"1190\"><strong data-start=\"1049\" data-end=\"1069\">Laikymo s\u0105lygos:<\/strong><br data-start=\"1069\" data-end=\"1072\" \/>\u2022 Saugokite nuo tiesiogini\u0173 saul\u0117s spinduli\u0173.<br data-start=\"1117\" data-end=\"1120\" \/>\u2022 Laikyti kontroliuojamoje kambario temperat\u016broje 15\u00b0\u201330\u00b0C (59\u00b0\u201386\u00b0F).<\/p>","protected":false},"excerpt":{"rendered":"<p>Naktinis veido kremas<\/p>","protected":false},"featured_media":8140,"comment_status":"open","ping_status":"closed","template":"","meta":[],"product_cat":[180],"product_tag":[],"class_list":{"0":"post-8139","1":"product","2":"type-product","3":"status-publish","4":"has-post-thumbnail","6":"product_cat-naktiniai-kremai","7":"pa_brands-obagi-medical","8":"pa_talpa-57ml","10":"first","11":"instock","12":"taxable","13":"shipping-taxable","14":"purchasable","15":"product-type-simple"},"_links":{"self":[{"href":"https:\/\/miamedic.lt\/en\/wp-json\/wp\/v2\/product\/8139","targetHints":{"allow":["GET"]}}],"collection":[{"href":"https:\/\/miamedic.lt\/en\/wp-json\/wp\/v2\/product"}],"about":[{"href":"https:\/\/miamedic.lt\/en\/wp-json\/wp\/v2\/types\/product"}],"replies":[{"embeddable":true,"href":"https:\/\/miamedic.lt\/en\/wp-json\/wp\/v2\/comments?post=8139"}],"version-history":[{"count":2,"href":"https:\/\/miamedic.lt\/en\/wp-json\/wp\/v2\/product\/8139\/revisions"}],"predecessor-version":[{"id":12443,"href":"https:\/\/miamedic.lt\/en\/wp-json\/wp\/v2\/product\/8139\/revisions\/12443"}],"wp:featuredmedia":[{"embeddable":true,"href":"https:\/\/miamedic.lt\/en\/wp-json\/wp\/v2\/media\/8140"}],"wp:attachment":[{"href":"https:\/\/miamedic.lt\/en\/wp-json\/wp\/v2\/media?parent=8139"}],"wp:term":[{"taxonomy":"product_cat","embeddable":true,"href":"https:\/\/miamedic.lt\/en\/wp-json\/wp\/v2\/product_cat?post=8139"},{"taxonomy":"product_tag","embeddable":true,"href":"https:\/\/miamedic.lt\/en\/wp-json\/wp\/v2\/product_tag?post=8139"}],"curies":[{"name":"wp","href":"https:\/\/api.w.org\/{rel}","templated":true}]}}