{"id":8136,"date":"2025-05-15T14:15:56","date_gmt":"2025-05-15T14:15:56","guid":{"rendered":"https:\/\/miamedic.lt\/?post_type=product&#038;p=8136"},"modified":"2025-12-01T00:29:29","modified_gmt":"2025-12-01T00:29:29","slug":"cleansing-gel","status":"publish","type":"product","link":"https:\/\/miamedic.lt\/en\/shop\/cleansing-gel\/","title":{"rendered":"Cleansing Gel"},"content":{"rendered":"<p class=\"\" data-start=\"68\" data-end=\"135\"><strong data-start=\"68\" data-end=\"135\">Obagi-C\u00ae Cleansing Gel \u2013 gelinis veido prausiklis su vitaminu C<\/strong><\/p>\n<p class=\"\" data-start=\"137\" data-end=\"498\">\u0160velnus gelinis prausiklis, skirtas vis\u0173 tip\u0173 odai \u2013 sausai, normaliai ir riebiai. Valo od\u0105 nuo makia\u017eo, ne\u0161varum\u0173 ir perteklinio riebal\u0173 kiekio, nepa\u017eeid\u017eiant odos apsauginio barjero. Sud\u0117tyje esantis vitaminas C (askorbo r\u016bg\u0161tis) padeda apsaugoti od\u0105 nuo laisv\u0173j\u0173 radikal\u0173 bei palaikyti sveik\u0105 odos \u0161vyt\u0117jim\u0105. Ramina ir gaivina od\u0105, nepalieka tempimo poj\u016b\u010dio.<\/p>\n<p class=\"\" data-start=\"500\" data-end=\"716\"><strong data-start=\"500\" data-end=\"513\">Effect:<\/strong><br data-start=\"513\" data-end=\"516\" \/>\u2022 \u0160velniai, bet veiksmingai pa\u0161alina ne\u0161varumus ir makia\u017e\u0105<br data-start=\"574\" data-end=\"577\" \/>\u2022 Tinkamas kasdieniam naudojimui<br data-start=\"609\" data-end=\"612\" \/>\u2022 Vitaminas C padeda \u0161viesinti od\u0105 ir apsaugo nuo oksidacin\u0117s \u017ealos<br data-start=\"679\" data-end=\"682\" \/>\u2022 Ramina, dr\u0117kina ir gaivina od\u0105<\/p>\n<p class=\"\" data-start=\"718\" data-end=\"916\"><strong data-start=\"718\" data-end=\"733\">Usage:<\/strong><br data-start=\"733\" data-end=\"736\" \/>U\u017etepkite nedidel\u012f kiek\u012f gelio ant sudr\u0117kintos veido ir kaklo odos. Pir\u0161t\u0173 galiukais \u0161velniai masa\u017euokite, kol suputos, tuomet nuplaukite drungnu vandeniu ir \u0161velniai nusausinkite.<\/p>\n<p class=\"\" data-start=\"918\" data-end=\"1042\"><strong data-start=\"918\" data-end=\"942\">Atsargumo priemon\u0117s:<\/strong><br data-start=\"942\" data-end=\"945\" \/>\u2022 Tik i\u0161oriniam naudojimui<br data-start=\"971\" data-end=\"974\" \/>\u2022 Venkite patekimo \u012f akis<br data-start=\"999\" data-end=\"1002\" \/>\u2022 Laikyti vaikams nepasiekiamoje vietoje<\/p>\n<p class=\"\" data-start=\"1044\" data-end=\"1169\"><strong data-start=\"1044\" data-end=\"1064\">Laikymo s\u0105lygos:<\/strong><br data-start=\"1064\" data-end=\"1067\" \/>\u2022 Saugokite nuo tiesiogini\u0173 saul\u0117s spinduli\u0173<br data-start=\"1111\" data-end=\"1114\" \/>\u2022 Laikyti kambario temperat\u016broje: 15\u00b0C\u201325\u00b0C (59\u00b0F\u201377\u00b0F)<\/p>","protected":false},"excerpt":{"rendered":"<p>Gelinis veido prausiklis su vitaminu C<\/p>","protected":false},"featured_media":8137,"comment_status":"open","ping_status":"closed","template":"","meta":[],"product_cat":[124],"product_tag":[],"class_list":{"0":"post-8136","1":"product","2":"type-product","3":"status-publish","4":"has-post-thumbnail","6":"product_cat-prausikliai","7":"pa_brands-obagi-medical","8":"pa_talpa-177ml","10":"first","11":"instock","12":"taxable","13":"shipping-taxable","14":"purchasable","15":"product-type-simple"},"_links":{"self":[{"href":"https:\/\/miamedic.lt\/en\/wp-json\/wp\/v2\/product\/8136","targetHints":{"allow":["GET"]}}],"collection":[{"href":"https:\/\/miamedic.lt\/en\/wp-json\/wp\/v2\/product"}],"about":[{"href":"https:\/\/miamedic.lt\/en\/wp-json\/wp\/v2\/types\/product"}],"replies":[{"embeddable":true,"href":"https:\/\/miamedic.lt\/en\/wp-json\/wp\/v2\/comments?post=8136"}],"version-history":[{"count":2,"href":"https:\/\/miamedic.lt\/en\/wp-json\/wp\/v2\/product\/8136\/revisions"}],"predecessor-version":[{"id":12444,"href":"https:\/\/miamedic.lt\/en\/wp-json\/wp\/v2\/product\/8136\/revisions\/12444"}],"wp:featuredmedia":[{"embeddable":true,"href":"https:\/\/miamedic.lt\/en\/wp-json\/wp\/v2\/media\/8137"}],"wp:attachment":[{"href":"https:\/\/miamedic.lt\/en\/wp-json\/wp\/v2\/media?parent=8136"}],"wp:term":[{"taxonomy":"product_cat","embeddable":true,"href":"https:\/\/miamedic.lt\/en\/wp-json\/wp\/v2\/product_cat?post=8136"},{"taxonomy":"product_tag","embeddable":true,"href":"https:\/\/miamedic.lt\/en\/wp-json\/wp\/v2\/product_tag?post=8136"}],"curies":[{"name":"wp","href":"https:\/\/api.w.org\/{rel}","templated":true}]}}