{"id":8133,"date":"2025-05-15T14:12:55","date_gmt":"2025-05-15T14:12:55","guid":{"rendered":"https:\/\/miamedic.lt\/?post_type=product&#038;p=8133"},"modified":"2025-12-01T00:29:29","modified_gmt":"2025-12-01T00:29:29","slug":"exfoliating-day-lotion","status":"publish","type":"product","link":"https:\/\/miamedic.lt\/en\/shop\/exfoliating-day-lotion\/","title":{"rendered":"Exfoliating Day Lotion"},"content":{"rendered":"<p class=\"\" data-start=\"66\" data-end=\"160\"><strong data-start=\"66\" data-end=\"160\">Obagi Medical Obagi-C\u00ae Exfoliating Day Lotion \u2013 dieninis kremas su vitaminu C ir hialuronu<\/strong><\/p>\n<p class=\"\" data-start=\"162\" data-end=\"506\">Lengvos konsistencijos dr\u0117kinamasis kremas, skirtas sausai ir normaliai odai. Sud\u0117tyje esantys glikolio r\u016bg\u0161tis, vitaminas C (askorbilgliukozidas) bei hialurono r\u016bg\u0161tis padeda \u0161velniai eksfolijuoti, dr\u0117kinti ir gerinti odos tonus\u0105 bei tekst\u016br\u0105. Kremas suteikia odai glotnumo, \u0161vyt\u0117jimo ir paruo\u0161ia j\u0105 dienos metu patiriamiems i\u0161or\u0117s veiksniams.<\/p>\n<p class=\"\" data-start=\"508\" data-end=\"690\"><strong data-start=\"508\" data-end=\"521\">Effect:<\/strong><br data-start=\"521\" data-end=\"524\" \/>\u2022 \u0160velniai eksfolijuoja negyvas odos l\u0105steles<br data-start=\"569\" data-end=\"572\" \/>\u2022 Dr\u0117kina od\u0105 ir palaiko jos elastingum\u0105<br data-start=\"612\" data-end=\"615\" \/>\u2022 Skaistina veido odos ton\u0105<br data-start=\"642\" data-end=\"645\" \/>\u2022 Padeda suma\u017einti \u0161iurk\u0161tum\u0105 ir netolygum\u0105<\/p>\n<p class=\"\" data-start=\"692\" data-end=\"923\"><strong data-start=\"692\" data-end=\"707\">Usage:<\/strong><br data-start=\"707\" data-end=\"710\" \/>Tepkite kart\u0105 per dien\u0105 \u2013 ryte. I\u0161spauskite nedidel\u012f kiek\u012f (1\u20132 \u017eirnio dyd\u017eio la\u0161us) produkto ant \u0161vari\u0173 rank\u0173, tolygiai paskirstykite pir\u0161t\u0173 galiukais ant viso veido ir \u0161velniai masa\u017euokite, kol visi\u0161kai \u012fsigers.<\/p>\n<p class=\"\" data-start=\"925\" data-end=\"1313\"><strong data-start=\"925\" data-end=\"949\">Atsargumo priemon\u0117s:<\/strong><br data-start=\"949\" data-end=\"952\" \/>\u2022 Venkite patekimo \u012f akis<br data-start=\"977\" data-end=\"980\" \/>\u2022 Tik i\u0161oriniam naudojimui<br data-start=\"1006\" data-end=\"1009\" \/>\u2022 Laikyti vaikams nepasiekiamoje vietoje<br data-start=\"1049\" data-end=\"1052\" \/>\u2022 Produkto sud\u0117tyje yra alfa hidroksi r\u016bg\u0161tis (AHA), kuri gali padidinti odos jautrum\u0105 saulei ir nudegimo rizik\u0105. Naudokite SPF50 apsaugines priemones, d\u0117v\u0117kite apsauginius drabu\u017eius ir venkite tiesiogini\u0173 saul\u0117s spinduli\u0173 naudojimo metu ir savait\u0119 po naudojimo<\/p>\n<p class=\"\" data-start=\"1315\" data-end=\"1440\"><strong data-start=\"1315\" data-end=\"1335\">Laikymo s\u0105lygos:<\/strong><br data-start=\"1335\" data-end=\"1338\" \/>\u2022 Saugokite nuo tiesiogini\u0173 saul\u0117s spinduli\u0173<br data-start=\"1382\" data-end=\"1385\" \/>\u2022 Laikyti kambario temperat\u016broje: 15\u00b0C\u201325\u00b0C (59\u00b0F\u201377\u00b0F)<\/p>","protected":false},"excerpt":{"rendered":"<p>Dieninis kremas su vitaminu C ir hialuronu<\/p>","protected":false},"featured_media":8134,"comment_status":"open","ping_status":"closed","template":"","meta":[],"product_cat":[129],"product_tag":[],"class_list":{"0":"post-8133","1":"product","2":"type-product","3":"status-publish","4":"has-post-thumbnail","6":"product_cat-veido-kremai","7":"pa_brands-obagi-medical","8":"pa_talpa-57g","10":"first","11":"instock","12":"taxable","13":"shipping-taxable","14":"purchasable","15":"product-type-simple"},"_links":{"self":[{"href":"https:\/\/miamedic.lt\/en\/wp-json\/wp\/v2\/product\/8133","targetHints":{"allow":["GET"]}}],"collection":[{"href":"https:\/\/miamedic.lt\/en\/wp-json\/wp\/v2\/product"}],"about":[{"href":"https:\/\/miamedic.lt\/en\/wp-json\/wp\/v2\/types\/product"}],"replies":[{"embeddable":true,"href":"https:\/\/miamedic.lt\/en\/wp-json\/wp\/v2\/comments?post=8133"}],"version-history":[{"count":2,"href":"https:\/\/miamedic.lt\/en\/wp-json\/wp\/v2\/product\/8133\/revisions"}],"predecessor-version":[{"id":12445,"href":"https:\/\/miamedic.lt\/en\/wp-json\/wp\/v2\/product\/8133\/revisions\/12445"}],"wp:featuredmedia":[{"embeddable":true,"href":"https:\/\/miamedic.lt\/en\/wp-json\/wp\/v2\/media\/8134"}],"wp:attachment":[{"href":"https:\/\/miamedic.lt\/en\/wp-json\/wp\/v2\/media?parent=8133"}],"wp:term":[{"taxonomy":"product_cat","embeddable":true,"href":"https:\/\/miamedic.lt\/en\/wp-json\/wp\/v2\/product_cat?post=8133"},{"taxonomy":"product_tag","embeddable":true,"href":"https:\/\/miamedic.lt\/en\/wp-json\/wp\/v2\/product_tag?post=8133"}],"curies":[{"name":"wp","href":"https:\/\/api.w.org\/{rel}","templated":true}]}}